{"id":618,"date":"2018-01-24T21:12:14","date_gmt":"2018-01-24T21:12:14","guid":{"rendered":"http:\/\/nieuw.sombredikabana.com\/?page_id=618"},"modified":"2020-04-22T19:02:47","modified_gmt":"2020-04-22T19:02:47","slug":"gastenboek","status":"publish","type":"page","link":"https:\/\/sombredikabana.com\/en\/gastenboek\/","title":{"rendered":"Guestbook"},"content":{"rendered":"<div class=\"gwolle-gb\"><div class=\"gwolle_gb_messages_top_container\"><\/div>\n\t\t\t<div class=\"gwolle-gb-write-button\">\n\t\t\t\t<input type=\"button\" name=\"gwolle-gb-write-button\" class=\"button btn btn-default \" value=\"Write a new entry.\" \/>\n\t\t\t<\/div>\n\t\t\t<form action=\"#\" method=\"POST\" class=\"gwolle-gb-write gwolle-gb-hide gwolle-gb-float gwolle_gb_form_ajax gwolle-gb-form-ajax gwolle-gb-ajax gwolle-gb-not-logged-in\">\n\t\t\t\t<h3>Write a new message in our Guestbook<\/h3>\n\t\t\t\t<button type=\"button\" class=\"gb-notice-dismiss\">x<span class=\"screen-reader-text\">Hide this form.<\/span><\/button>\n\t\t\t\n\t\t\t\t<input type=\"hidden\" name=\"gwolle_gb_function\" class=\"gwolle_gb_function\" value=\"add_entry\" \/><input type=\"hidden\" name=\"gwolle_gb_book_id\" class=\"gwolle_gb_book_id\" value=\"1\" \/><div class=\"gwolle_gb_ef1a3a9b31f966abf331f5134c322377\">\n\t\t\t\t<div class=\"label\"><label for=\"gwolle_gb_ef1a3a9b31f966abf331f5134c322377\" class=\"text-info\">Name <span class=\"required\">*<\/span><\/label><\/div>\n\t\t\t\t<div class=\"input\"><input class=\"wp-exclude-emoji gwolle_gb_ef1a3a9b31f966abf331f5134c322377\" value=\"\" type=\"text\" name=\"gwolle_gb_ef1a3a9b31f966abf331f5134c322377\" required \/><\/div>\n\t\t\t\t<div class=\"clearBoth\">&nbsp;<\/div>\n\t\t\t<\/div><div class=\"gwolle_gb_59e57d94e6f908ecabf8e16fd6c3b030\">\n\t\t\t\t\t<div class=\"label\"><label for=\"gwolle_gb_59e57d94e6f908ecabf8e16fd6c3b030\" class=\"text-info\">City<\/label><\/div>\n\t\t\t\t\t<div class=\"input\"><input class=\"wp-exclude-emoji gwolle_gb_59e57d94e6f908ecabf8e16fd6c3b030\" value=\"\" type=\"text\" name=\"gwolle_gb_59e57d94e6f908ecabf8e16fd6c3b030\" \/><\/div>\n\t\t\t\t\t<div class=\"clearBoth\">&nbsp;<\/div>\n\t\t\t\t<\/div><div class=\"gwolle_gb_3b984a20aac0cf583a6146b773babe94\">\n\t\t\t\t<div class=\"label\"><label for=\"gwolle_gb_3b984a20aac0cf583a6146b773babe94\" class=\"text-info\">Email <span class=\"required\">*<\/span><\/label><\/div>\n\t\t\t\t<div class=\"input\"><input class=\"gwolle_gb_3b984a20aac0cf583a6146b773babe94\" value=\"\" type=\"email\" name=\"gwolle_gb_3b984a20aac0cf583a6146b773babe94\" required \/><\/div>\n\t\t\t\t<div class=\"clearBoth\">&nbsp;<\/div>\n\t\t\t<\/div>\n\t\t\t<div class=\"gwolle_gb_fb4267dac137306cc28abc538381a017\" style=\"display:none;overflow:hidden;\">\n\t\t\t\t<div class=\"label\">\n\t\t\t\t\t<label for=\"gwolle_gb_fb4267dac137306cc28abc538381a017\" class=\"text-primary\">Do not touch this<\/label>\n\t\t\t\t\t<label for=\"gwolle_gb_19767e4ab903c064a54c583a66d54ac0\" class=\"text-primary\">Do not touch this<\/label>\n\t\t\t\t<\/div>\n\t\t\t\t<div class=\"input\">\n\t\t\t\t\t<input value=\"84\" type=\"text\" name=\"gwolle_gb_fb4267dac137306cc28abc538381a017\" class=\"gwolle_gb_fb4267dac137306cc28abc538381a017\" style=\"transform: translateY(10000px);\" \/>\n\t\t\t\t\t<input value=\"\" type=\"text\" name=\"gwolle_gb_19767e4ab903c064a54c583a66d54ac0\" class=\"gwolle_gb_19767e4ab903c064a54c583a66d54ac0\" style=\"transform: translateY(10000px);\" \/>\n\t\t\t\t<\/div>\n\t\t\t\t<div class=\"clearBoth\"><\/div>\n\t\t\t<\/div>\n\t\t\t<div class=\"gwolle_gb_cce35b608eb205ce4dffa65934a39fc6\" style=\"display:none;overflow:hidden;\">\n\t\t\t\t<div class=\"label\">\n\t\t\t\t\t<label for=\"gwolle_gb_cce35b608eb205ce4dffa65934a39fc6\" class=\"text-primary\">Do not touch this<\/label>\n\t\t\t\t\t<label for=\"gwolle_gb_bdb42d1647fcb64c9584a01dd7206957\" class=\"text-primary\">Do not touch this<\/label>\n\t\t\t\t<\/div>\n\t\t\t\t<div class=\"input\">\n\t\t\t\t\t<input value=\"40476\" type=\"text\" name=\"gwolle_gb_cce35b608eb205ce4dffa65934a39fc6\" class=\"gwolle_gb_cce35b608eb205ce4dffa65934a39fc6\" style=\"transform: translateY(10000px);\" \/>\n\t\t\t\t\t<input value=\"40476\" type=\"text\" name=\"gwolle_gb_bdb42d1647fcb64c9584a01dd7206957\" class=\"gwolle_gb_bdb42d1647fcb64c9584a01dd7206957\" style=\"transform: translateY(10000px);\" \/>\n\t\t\t\t<\/div>\n\t\t\t\t<div class=\"clearBoth\"><\/div>\n\t\t\t<\/div><div class=\"gwolle_gb_content\">\n\t\t\t\t<div class=\"label\"><label for=\"gwolle_gb_content\" class=\"text-info\">Guestbook entry <span class=\"required\">*<\/span><\/label><\/div>\n\t\t\t\t<div class=\"input\"><textarea name=\"gwolle_gb_content\" class=\"gwolle_gb_content wp-exclude-emoji\" required ><\/textarea><\/div>\n\t\t\t\t\t<div class=\"clearBoth\">&nbsp;<\/div>\n\t\t\t\t<\/div><input type=\"hidden\" class=\"gwolle_gb_fa8eba8aae7bdbc6f3ad434327a2dd08\" name=\"gwolle_gb_fa8eba8aae7bdbc6f3ad434327a2dd08\" value=\"73067811f4\" \/>\n\t\t\t<div class=\"gwolle_gb_messages_bottom_container\"><\/div>\n\n\t\t\t<noscript><div class=\"no-js\">Warning: This form can only be used if JavaScript is enabled in your browser.<\/div><\/noscript>\n\n\t\t\t<div class=\"gwolle_gb_submit\">\n\t\t\t\t<div class=\"label gwolle-gb-invisible text-muted\">&nbsp;<\/div>\n\t\t\t\t<div class=\"input\">\n\t\t\t\t\t<input type=\"submit\" name=\"gwolle_gb_submit\" class=\"gwolle_gb_submit button btn btn-primary \" value=\"Submit\" \/>\n\t\t\t\t\t<span class=\"gwolle_gb_submit_ajax_icon\"><\/span>\n\t\t\t\n\t\t\t\t<\/div>\n\t\t\t\t<div class=\"clearBoth\">&nbsp;<\/div>\n\t\t\t<\/div>\n\n\t\t\t<div class=\"gwolle_gb_notice\">\n\t\t\t\tFields marked with * are required.<br \/>\r\nYour email address will not be published.<br \/>\r\nFor security reasons we save your ip address% ip%.<br \/>\r\nIt is possible that your message will only be visible after we have reviewed it.<br \/>\r\nWe reserve the right to change, delete or not publish messages.\n\t\t\t<\/div><\/form><div class=\"gwolle-gb-read gwolle-gb-ajax gwolle-gb-entries-list\" data-book_id=\"1\" data-page_id=\"1\">\n\t\t<div id=\"gwolle-gb-total\" class=\"gwolle-gb-total\">5 entries.<\/div><!-- Gwolle-GB Entry: Default Template Loaded -->\n\t\t\t\t<div class=\"gb-entry gb-entry_331 gb-entry-count_1 gwolle_gb_uneven gwolle-gb-uneven gwolle-gb-first\" data-entry_id=\"331\">\n\t\t\t\t<article>\n\t\t\t\t\t<div class=\"gb-author-info\">\n\t\t\t\t\t\t<span class=\"gb-author-avatar\"><img referrerpolicy=\"no-referrer\" alt='Ineke' src='https:\/\/secure.gravatar.com\/avatar\/b6dec69118c71386740e886843c53ff1?s=32&#038;d=mm&#038;r=g' srcset='https:\/\/secure.gravatar.com\/avatar\/b6dec69118c71386740e886843c53ff1?s=64&#038;d=mm&#038;r=g 2x' class='avatar avatar-32 photo' height='32' width='32' \/><\/span>\n\t\t\t\t\t\t<span class=\"gb-author-name\">Ineke\n\t\t\t\t\t\t<\/span>\n\t\t\t\t\t\t<span class=\"gb-author-origin\">\n\t\t\t\t\t\t\t<span class=\"gb-author-origin-from-text\"> from<\/span>\n\t\t\t\t\t\t\t<span class=\"gb-author-origin-text\"> Nunspeet<\/span>\n\t\t\t\t\t\t<\/span>\n\t\t\t\t\t\t<span class=\"gb-datetime\">\n\t\t\t\t\t\t\t<span class=\"gb-date\"><span class=\"gb-date-wrote-text\"> wrote on<\/span><span class=\"gb-date-text\"> July 19, 2021<\/span>\n\t\t\t\t\t\t\t<\/span><span class=\"gb-time\">\n\t\t\t\t\t\t\t\t\t<span class=\"gb-time-at-text\"> at<\/span>\n\t\t\t\t\t\t\t\t\t<span class=\"gb-time-text\"> 07:02<\/span>\n\t\t\t\t\t\t\t\t<\/span>\n\t\t\t\t\t\t<\/span> \n\t\t\t\t\t<\/div>\n\t\t\t\t\t<div class=\"gb-entry-content\">Sombre di Kabana is echt een aanrader. Wij hadden daar een heerlijke tijd in een prachtig appartement in een mooie tropische tuin met een heerlijk zwembad. Paul en Marion zijn een een perfecte gastheer en -vrouw. En het ontbijt was heerlijk en erg uitgebreid. Kortom alle reden om hier te gaan logeren. We gaan hier zeker nog eens heen.\n\t\t\t\t\t<\/div>\n\t\t\t\t<\/article>\n\t\t\t<\/div>\n\t\t\t<div class=\"gb-entry gb-entry_326 gb-entry-count_2 gwolle_gb_even gwolle-gb-even\" data-entry_id=\"326\">\n\t\t\t\t<article>\n\t\t\t\t\t<div class=\"gb-author-info\">\n\t\t\t\t\t\t<span class=\"gb-author-avatar\"><img referrerpolicy=\"no-referrer\" alt='Paul' src='https:\/\/secure.gravatar.com\/avatar\/56abab2368c750faf4afe108856916d7?s=32&#038;d=mm&#038;r=g' srcset='https:\/\/secure.gravatar.com\/avatar\/56abab2368c750faf4afe108856916d7?s=64&#038;d=mm&#038;r=g 2x' class='avatar avatar-32 photo' height='32' width='32' \/><\/span>\n\t\t\t\t\t\t<span class=\"gb-author-name\">Paul\n\t\t\t\t\t\t<\/span>\n\t\t\t\t\t\t<span class=\"gb-author-origin\">\n\t\t\t\t\t\t\t<span class=\"gb-author-origin-from-text\"> from<\/span>\n\t\t\t\t\t\t\t<span class=\"gb-author-origin-text\"> Apeldoorn - NL<\/span>\n\t\t\t\t\t\t<\/span>\n\t\t\t\t\t\t<span class=\"gb-datetime\">\n\t\t\t\t\t\t\t<span class=\"gb-date\"><span class=\"gb-date-wrote-text\"> wrote on<\/span><span class=\"gb-date-text\"> September 23, 2020<\/span>\n\t\t\t\t\t\t\t<\/span><span class=\"gb-time\">\n\t\t\t\t\t\t\t\t\t<span class=\"gb-time-at-text\"> at<\/span>\n\t\t\t\t\t\t\t\t\t<span class=\"gb-time-text\"> 10:47<\/span>\n\t\t\t\t\t\t\t\t<\/span>\n\t\t\t\t\t\t<\/span> \n\t\t\t\t\t<\/div>\n\t\t\t\t\t<div class=\"gb-entry-content\">Prima B&amp;B als je het niet erg vindt om ergens naar toe te moeten rijden, want lopend is er eigenlijk niets &#039;bereikbaar&#039;. Kamer is ruim, schoon en van alles wat je nodig hebt voorzien. Het zwembad is heerlijk en doordat er slechts een paar kamers zijn, heb je dat eigenlijk voor jezelf. Het ontbijt is extreem uitgebreid en wordt op verzoek op het gewenste tijdstip bij je kamer geserveerd. Paul en Marion zijn erg vriendelijk en gastvrij en staan altijd klaar om je te helpen. Deze B&amp;B is een aanrader voor mensen die vaker op Curacao zijn geweest en vanuit een rustige plek er lekker elke dag op uit willen trekken.\n\t\t\t\t\t<\/div>\n\t\t\t\t<\/article>\n\t\t\t<\/div>\n\t\t\t<div class=\"gb-entry gb-entry_318 gb-entry-count_3 gwolle_gb_uneven gwolle-gb-uneven\" data-entry_id=\"318\">\n\t\t\t\t<article>\n\t\t\t\t\t<div class=\"gb-author-info\">\n\t\t\t\t\t\t<span class=\"gb-author-avatar\"><img referrerpolicy=\"no-referrer\" alt='B&amp;T' src='https:\/\/secure.gravatar.com\/avatar\/bcfd0a3ab34090d3618b5d3d2f218a0a?s=32&#038;d=mm&#038;r=g' srcset='https:\/\/secure.gravatar.com\/avatar\/bcfd0a3ab34090d3618b5d3d2f218a0a?s=64&#038;d=mm&#038;r=g 2x' class='avatar avatar-32 photo' height='32' width='32' \/><\/span>\n\t\t\t\t\t\t<span class=\"gb-author-name\">B&T\n\t\t\t\t\t\t<\/span>\n\t\t\t\t\t\t<span class=\"gb-author-origin\">\n\t\t\t\t\t\t\t<span class=\"gb-author-origin-from-text\"> from<\/span>\n\t\t\t\t\t\t\t<span class=\"gb-author-origin-text\"> Nederland<\/span>\n\t\t\t\t\t\t<\/span>\n\t\t\t\t\t\t<span class=\"gb-datetime\">\n\t\t\t\t\t\t\t<span class=\"gb-date\"><span class=\"gb-date-wrote-text\"> wrote on<\/span><span class=\"gb-date-text\"> March 17, 2020<\/span>\n\t\t\t\t\t\t\t<\/span><span class=\"gb-time\">\n\t\t\t\t\t\t\t\t\t<span class=\"gb-time-at-text\"> at<\/span>\n\t\t\t\t\t\t\t\t\t<span class=\"gb-time-text\"> 11:58<\/span>\n\t\t\t\t\t\t\t\t<\/span>\n\t\t\t\t\t\t<\/span> \n\t\t\t\t\t<\/div>\n\t\t\t\t\t<div class=\"gb-entry-content\">We kwamen als gasten en gingen als vrienden.<br \/>\r\nAls we zeggen dat het verblijf een voltreffer was, doen we de beleving tekort. <br \/>\r\nOm te beginnen het appartement. Een van die zeldzame keren dat je door de combinatie van comfort, voorzieningen en zorg voor details direct een \u201cthuis\u201d-gevoel krijgt. \u201cThuis\u201d dan met een grote tropische tuin met hangmatten en een heerlijk zwembad. <br \/>\r\nBij aankomst kregen we een afgesproken maaltijd, maar v\u00e9\u00e9l lekkerder dan verwacht. In de koelkast stonden de boodschappen die Marion en Paul al vast hadden gehaald. <br \/>\r\nOngelofelijk hoe zij hun niveau van beschikbaarheid en bereidwilligheid om te helpen de hele week volhielden.<br \/>\r\nWij verlieten Marion en Paul en het appartement voor een tweede vakantieweek elders. Iets om naar uit te kijken. Maar toch wisten we al dat we Sombre di Kabana en Marion en Paul gingen missen.<br \/>\r\n\u201cVan harte aanbevolen\u201d doet opnieuw de beleving tekort.\n\t\t\t\t\t<\/div>\n\t\t\t\t<\/article>\n\t\t\t<\/div>\n\t\t\t<div class=\"gb-entry gb-entry_1 gb-entry-count_4 gwolle_gb_even gwolle-gb-even\" data-entry_id=\"1\">\n\t\t\t\t<article>\n\t\t\t\t\t<div class=\"gb-author-info\">\n\t\t\t\t\t\t<span class=\"gb-author-avatar\"><img referrerpolicy=\"no-referrer\" alt='Michel et Josee' src='https:\/\/secure.gravatar.com\/avatar\/84ab7622d82a5cf8545ae935f2304b02?s=32&#038;d=mm&#038;r=g' srcset='https:\/\/secure.gravatar.com\/avatar\/84ab7622d82a5cf8545ae935f2304b02?s=64&#038;d=mm&#038;r=g 2x' class='avatar avatar-32 photo' height='32' width='32' \/><\/span>\n\t\t\t\t\t\t<span class=\"gb-author-name\">Michel et Josee\n\t\t\t\t\t\t<\/span>\n\t\t\t\t\t\t<span class=\"gb-author-origin\">\n\t\t\t\t\t\t\t<span class=\"gb-author-origin-from-text\"> from<\/span>\n\t\t\t\t\t\t\t<span class=\"gb-author-origin-text\"> Beauharnois, Canada<\/span>\n\t\t\t\t\t\t<\/span>\n\t\t\t\t\t\t<span class=\"gb-datetime\">\n\t\t\t\t\t\t\t<span class=\"gb-date\"><span class=\"gb-date-wrote-text\"> wrote on<\/span><span class=\"gb-date-text\"> January 17, 2018<\/span>\n\t\t\t\t\t\t\t<\/span><span class=\"gb-time\">\n\t\t\t\t\t\t\t\t\t<span class=\"gb-time-at-text\"> at<\/span>\n\t\t\t\t\t\t\t\t\t<span class=\"gb-time-text\"> 20:59<\/span>\n\t\t\t\t\t\t\t\t<\/span>\n\t\t\t\t\t\t<\/span> \n\t\t\t\t\t<\/div>\n\t\t\t\t\t<div class=\"gb-entry-content\">We spent a week of hapiness in a quiet area, we enjoy a lot the delicates attentions done by our host, Jolanda and Walter.<br \/>\r\n<br \/>\r\nWe felt like home and a lot of supplie, for the beach are ready to use.<br \/>\r\n<br \/>\r\nNous avons beaucoup appr\u00e9ci\u00e9 les recommendations et conseils de nos h\u00f4tes pour les choses \u00e0 voir \u00e0 Cura\u00e7ao. Nous avions une chambre avec salle de bains compl\u00e8te et le tout au gout du jour et tr\u00e8s propre et bien entretenu. Une cuisine fonctionnelle et bien \u00e9quip\u00e9e, si le go\u00fbt de cuisiner vous prend!<br \/>\r\n<br \/>\r\nThank you to share your home with us, we feel you do it with heart.<br \/>\r\n<br \/>\r\nMichel and Josee\n\t\t\t\t\t<\/div>\n\t\t\t\t<\/article>\n\t\t\t<\/div>\n\t\t\t<div class=\"gb-entry gb-entry_2 gb-entry-count_5 gwolle_gb_uneven gwolle-gb-uneven\" data-entry_id=\"2\">\n\t\t\t\t<article>\n\t\t\t\t\t<div class=\"gb-author-info\">\n\t\t\t\t\t\t<span class=\"gb-author-avatar\"><img referrerpolicy=\"no-referrer\" alt='Tam and Neal' src='https:\/\/secure.gravatar.com\/avatar\/84ab7622d82a5cf8545ae935f2304b02?s=32&#038;d=mm&#038;r=g' srcset='https:\/\/secure.gravatar.com\/avatar\/84ab7622d82a5cf8545ae935f2304b02?s=64&#038;d=mm&#038;r=g 2x' class='avatar avatar-32 photo' height='32' width='32' \/><\/span>\n\t\t\t\t\t\t<span class=\"gb-author-name\">Tam and Neal\n\t\t\t\t\t\t<\/span>\n\t\t\t\t\t\t<span class=\"gb-datetime\">\n\t\t\t\t\t\t\t<span class=\"gb-date\"><span class=\"gb-date-wrote-text\"> wrote on<\/span><span class=\"gb-date-text\"> December 27, 2017<\/span>\n\t\t\t\t\t\t\t<\/span><span class=\"gb-time\">\n\t\t\t\t\t\t\t\t\t<span class=\"gb-time-at-text\"> at<\/span>\n\t\t\t\t\t\t\t\t\t<span class=\"gb-time-text\"> 21:02<\/span>\n\t\t\t\t\t\t\t\t<\/span>\n\t\t\t\t\t\t<\/span> \n\t\t\t\t\t<\/div>\n\t\t\t\t\t<div class=\"gb-entry-content\">My boyfriend &amp; I stayed here for 2 weeks. it was a wonderful experience. Jolanda &amp; Walter were friendly, polite and you could feel they enjoy having guests around them.<br \/>\r\n<br \/>\r\nIn the morning, you&#039;ll get a big breakfast with a basket of different kinds of bread, big bowl of fruit combo, cold cuts, cheese, strong coffee, fresh squeezed oj &amp; more.<br \/>\r\n<br \/>\r\nOur rooms were spacious, super clean, with well made beds, which were so comfortable that we would sleep until 9 every morning. bathrooms were spacious with a lot of space for toiletries. fast wifi, strong AC. kitchenette &amp; refrigerator for you to stock up wine &amp; beer.<br \/>\r\n<br \/>\r\nIf you want to lounge around, each room has its own patio, there are sittings everywhere in the well maintained tropical garden, a big swimming pool. because there are only 3 guest rooms, we felt like we were having the whole place for ourselves.<br \/>\r\n<br \/>\r\nMambo beach, jan thiel beach, restaurants, supermarkets are just a 10-minute drive from here.<br \/>\r\n<br \/>\r\nTam and Neal\n\t\t\t\t\t<\/div>\n\t\t\t\t<\/article>\n\t\t\t<\/div>\n\t\t\t<\/div><\/div>\n","protected":false},"excerpt":{"rendered":"","protected":false},"author":4,"featured_media":0,"parent":0,"menu_order":0,"comment_status":"closed","ping_status":"closed","template":"page-templates\/page_fullwidth.php","meta":{"_monsterinsights_skip_tracking":false,"_monsterinsights_sitenote_active":false,"_monsterinsights_sitenote_note":"","_monsterinsights_sitenote_category":0,"_uf_show_specific_survey":0,"_uf_disable_surveys":false,"footnotes":""},"class_list":["post-618","page","type-page","status-publish","hentry"],"aioseo_notices":[],"yoast_head":"<!-- This site is optimized with the Yoast SEO plugin v23.8 - https:\/\/yoast.com\/wordpress\/plugins\/seo\/ -->\n<title>Guestbook | B&amp;B Sombr\u00e9 di Kabana<\/title>\n<meta name=\"robots\" content=\"index, follow, max-snippet:-1, max-image-preview:large, max-video-preview:-1\" \/>\n<link rel=\"canonical\" href=\"https:\/\/sombredikabana.com\/en\/gastenboek\/\" \/>\n<meta property=\"og:locale\" content=\"en_US\" \/>\n<meta property=\"og:type\" content=\"article\" \/>\n<meta property=\"og:title\" content=\"Guestbook | B&amp;B Sombr\u00e9 di Kabana\" \/>\n<meta property=\"og:url\" content=\"https:\/\/sombredikabana.com\/en\/gastenboek\/\" \/>\n<meta property=\"og:site_name\" content=\"B&amp;B Sombr\u00e9 di Kabana\" \/>\n<meta property=\"article:publisher\" content=\"https:\/\/www.facebook.com\/bnbsombredikabana\/\" \/>\n<meta property=\"article:modified_time\" content=\"2020-04-22T19:02:47+00:00\" \/>\n<meta name=\"twitter:card\" content=\"summary_large_image\" \/>\n<script type=\"application\/ld+json\" class=\"yoast-schema-graph\">{\"@context\":\"https:\/\/schema.org\",\"@graph\":[{\"@type\":\"WebPage\",\"@id\":\"https:\/\/sombredikabana.com\/en\/gastenboek\/\",\"url\":\"https:\/\/sombredikabana.com\/en\/gastenboek\/\",\"name\":\"Guestbook | B&amp;B Sombr\u00e9 di Kabana\",\"isPartOf\":{\"@id\":\"https:\/\/sombredikabana.com\/en\/#website\"},\"datePublished\":\"2018-01-24T21:12:14+00:00\",\"dateModified\":\"2020-04-22T19:02:47+00:00\",\"breadcrumb\":{\"@id\":\"https:\/\/sombredikabana.com\/en\/gastenboek\/#breadcrumb\"},\"inLanguage\":\"en-US\",\"potentialAction\":[{\"@type\":\"ReadAction\",\"target\":[[\"https:\/\/sombredikabana.com\/en\/gastenboek\/\"]]}]},{\"@type\":\"BreadcrumbList\",\"@id\":\"https:\/\/sombredikabana.com\/en\/gastenboek\/#breadcrumb\",\"itemListElement\":[{\"@type\":\"ListItem\",\"position\":1,\"name\":\"Home\",\"item\":\"https:\/\/sombredikabana.com\/en\/\"},{\"@type\":\"ListItem\",\"position\":2,\"name\":\"Gastenboek\"}]},{\"@type\":\"WebSite\",\"@id\":\"https:\/\/sombredikabana.com\/en\/#website\",\"url\":\"https:\/\/sombredikabana.com\/en\/\",\"name\":\"B &amp; B Sombre di Kabana\",\"description\":\"\",\"publisher\":{\"@id\":\"https:\/\/sombredikabana.com\/en\/#organization\"},\"potentialAction\":[{\"@type\":\"SearchAction\",\"target\":{\"@type\":\"EntryPoint\",\"urlTemplate\":\"https:\/\/sombredikabana.com\/en\/?s={search_term_string}\"},\"query-input\":{\"@type\":\"PropertyValueSpecification\",\"valueRequired\":true,\"valueName\":\"search_term_string\"}}],\"inLanguage\":\"en-US\"},{\"@type\":\"Organization\",\"@id\":\"https:\/\/sombredikabana.com\/en\/#organization\",\"name\":\"Sombre di Kabana\",\"url\":\"https:\/\/sombredikabana.com\/en\/\",\"logo\":{\"@type\":\"ImageObject\",\"inLanguage\":\"en-US\",\"@id\":\"https:\/\/sombredikabana.com\/en\/#\/schema\/logo\/image\/\",\"url\":\"https:\/\/sombredikabana.com\/wp-content\/uploads\/2019\/07\/logo_sdk_v5.png\",\"contentUrl\":\"https:\/\/sombredikabana.com\/wp-content\/uploads\/2019\/07\/logo_sdk_v5.png\",\"width\":649,\"height\":376,\"caption\":\"Sombre di Kabana\"},\"image\":{\"@id\":\"https:\/\/sombredikabana.com\/en\/#\/schema\/logo\/image\/\"},\"sameAs\":[\"https:\/\/www.facebook.com\/bnbsombredikabana\/\"]}]}<\/script>\n<!-- \/ Yoast SEO plugin. -->","yoast_head_json":{"title":"Guestbook | B&amp;B Sombr\u00e9 di Kabana","robots":{"index":"index","follow":"follow","max-snippet":"max-snippet:-1","max-image-preview":"max-image-preview:large","max-video-preview":"max-video-preview:-1"},"canonical":"https:\/\/sombredikabana.com\/en\/gastenboek\/","og_locale":"en_US","og_type":"article","og_title":"Guestbook | B&amp;B Sombr\u00e9 di Kabana","og_url":"https:\/\/sombredikabana.com\/en\/gastenboek\/","og_site_name":"B&amp;B Sombr\u00e9 di Kabana","article_publisher":"https:\/\/www.facebook.com\/bnbsombredikabana\/","article_modified_time":"2020-04-22T19:02:47+00:00","twitter_card":"summary_large_image","schema":{"@context":"https:\/\/schema.org","@graph":[{"@type":"WebPage","@id":"https:\/\/sombredikabana.com\/en\/gastenboek\/","url":"https:\/\/sombredikabana.com\/en\/gastenboek\/","name":"Guestbook | B&amp;B Sombr\u00e9 di Kabana","isPartOf":{"@id":"https:\/\/sombredikabana.com\/en\/#website"},"datePublished":"2018-01-24T21:12:14+00:00","dateModified":"2020-04-22T19:02:47+00:00","breadcrumb":{"@id":"https:\/\/sombredikabana.com\/en\/gastenboek\/#breadcrumb"},"inLanguage":"en-US","potentialAction":[{"@type":"ReadAction","target":[["https:\/\/sombredikabana.com\/en\/gastenboek\/"]]}]},{"@type":"BreadcrumbList","@id":"https:\/\/sombredikabana.com\/en\/gastenboek\/#breadcrumb","itemListElement":[{"@type":"ListItem","position":1,"name":"Home","item":"https:\/\/sombredikabana.com\/en\/"},{"@type":"ListItem","position":2,"name":"Gastenboek"}]},{"@type":"WebSite","@id":"https:\/\/sombredikabana.com\/en\/#website","url":"https:\/\/sombredikabana.com\/en\/","name":"B &amp; B Sombre di Kabana","description":"","publisher":{"@id":"https:\/\/sombredikabana.com\/en\/#organization"},"potentialAction":[{"@type":"SearchAction","target":{"@type":"EntryPoint","urlTemplate":"https:\/\/sombredikabana.com\/en\/?s={search_term_string}"},"query-input":{"@type":"PropertyValueSpecification","valueRequired":true,"valueName":"search_term_string"}}],"inLanguage":"en-US"},{"@type":"Organization","@id":"https:\/\/sombredikabana.com\/en\/#organization","name":"Sombre di Kabana","url":"https:\/\/sombredikabana.com\/en\/","logo":{"@type":"ImageObject","inLanguage":"en-US","@id":"https:\/\/sombredikabana.com\/en\/#\/schema\/logo\/image\/","url":"https:\/\/sombredikabana.com\/wp-content\/uploads\/2019\/07\/logo_sdk_v5.png","contentUrl":"https:\/\/sombredikabana.com\/wp-content\/uploads\/2019\/07\/logo_sdk_v5.png","width":649,"height":376,"caption":"Sombre di Kabana"},"image":{"@id":"https:\/\/sombredikabana.com\/en\/#\/schema\/logo\/image\/"},"sameAs":["https:\/\/www.facebook.com\/bnbsombredikabana\/"]}]}},"_links":{"self":[{"href":"https:\/\/sombredikabana.com\/en\/wp-json\/wp\/v2\/pages\/618"}],"collection":[{"href":"https:\/\/sombredikabana.com\/en\/wp-json\/wp\/v2\/pages"}],"about":[{"href":"https:\/\/sombredikabana.com\/en\/wp-json\/wp\/v2\/types\/page"}],"author":[{"embeddable":true,"href":"https:\/\/sombredikabana.com\/en\/wp-json\/wp\/v2\/users\/4"}],"replies":[{"embeddable":true,"href":"https:\/\/sombredikabana.com\/en\/wp-json\/wp\/v2\/comments?post=618"}],"version-history":[{"count":2,"href":"https:\/\/sombredikabana.com\/en\/wp-json\/wp\/v2\/pages\/618\/revisions"}],"predecessor-version":[{"id":620,"href":"https:\/\/sombredikabana.com\/en\/wp-json\/wp\/v2\/pages\/618\/revisions\/620"}],"wp:attachment":[{"href":"https:\/\/sombredikabana.com\/en\/wp-json\/wp\/v2\/media?parent=618"}],"curies":[{"name":"wp","href":"https:\/\/api.w.org\/{rel}","templated":true}]}}