{"id":139,"date":"2019-07-24T06:25:59","date_gmt":"2019-07-24T06:25:59","guid":{"rendered":"http:\/\/nieuw.sombredikabana.com\/?page_id=139"},"modified":"2022-09-12T09:18:03","modified_gmt":"2022-09-12T13:18:03","slug":"welkom-bij-bnb-sombre-di-kabana-curacao-best-bnb-curacao-mini-resort","status":"publish","type":"page","link":"https:\/\/sombredikabana.com\/en\/","title":{"rendered":"Welcome to B&#038;B Sombr\u00e9 di Kabana Cura\u00e7ao"},"content":{"rendered":"<!-- wp:paragraph -->\n<p><\/p>\n<!-- \/wp:paragraph -->\n\n<!-- wp:paragraph -->\n<p>Looking for the comfort of a hotel, combined with a homy atmosphere and personal attention? Then our resort is the place for you! We, Paul and Marion, kindly welcome you for your vacation or business trip to Cura\u00e7ao.<\/p>\n<!-- \/wp:paragraph -->\n\n<!-- wp:paragraph -->\n<p>Our resort, which is literally called &#8216;thatched hat&#8217;, has 3 lodgings. All accommodations are&nbsp; equipped with kitchen and comfortable beds. And if you want, we are happy to arrange a full breakfast for you. In addition, our resort has a beautiful swimming pool, a jacuzzi and a garden where you can relax. All ingredients for a relaxing stay on Cura\u00e7ao!<\/p>\n<!-- \/wp:paragraph -->\n\n<!-- wp:paragraph -->\n<p>Sombr\u00e9 di Kabana is located on the southeast side of the island in the vicinity of popular tourist beaches, such as Jan Thiel, Mambo and Seaquarium Beach, and Caracasbaai, a pleasant meeting place for the locals. On this side of the island you will also find a wide variety of restaurants.<\/p>\n<!-- \/wp:paragraph -->\n\n<!-- wp:paragraph -->\n<p>These beaches and many restaurants can be reached by car in less than 10 minutes, the center of Willemstad in fifteen minutes.<\/p>\n<!-- \/wp:paragraph -->\n\n<!-- wp:paragraph -->\n<p><\/p>\n<!-- \/wp:paragraph -->\n\n<!-- wp:paragraph -->\n<p><\/p>\n<!-- \/wp:paragraph -->\n\n<p><!-- \/wp:html --><\/p>","protected":false},"excerpt":{"rendered":"<p>Looking for the comfort of a hotel, combined with a homy atmosphere and personal attention? Then our resort is the place for you! We, Paul and Marion, kindly welcome you for your vacation or business trip to Cura\u00e7ao. Our resort, which is literally called &#8216;thatched hat&#8217;, has 3 lodgings. All accommodations are&nbsp; equipped with kitchen [&hellip;]<\/p>\n","protected":false},"author":4,"featured_media":0,"parent":0,"menu_order":0,"comment_status":"closed","ping_status":"closed","template":"page-templates\/page_fullwidth.php","meta":{"_monsterinsights_skip_tracking":false,"_monsterinsights_sitenote_active":false,"_monsterinsights_sitenote_note":"","_monsterinsights_sitenote_category":0,"_uf_show_specific_survey":0,"_uf_disable_surveys":false,"footnotes":""},"class_list":["post-139","page","type-page","status-publish","hentry"],"aioseo_notices":[],"yoast_head":"<!-- This site is optimized with the Yoast SEO plugin v23.8 - https:\/\/yoast.com\/wordpress\/plugins\/seo\/ -->\n<title>Welcome to B&amp;B Sombr\u00e9 di Kabana Cura\u00e7ao Welcome to B&amp;B Sombr\u00e9 di Kabana Cura\u00e7ao b&amp;B curacao<\/title>\n<meta name=\"description\" content=\"Op zoek naar het comfort van een hotel, gecombineerd met een huiselijke sfeer en persoonlijke aandacht? Dan bent u bij onze casa aan het juiste adres!\" \/>\n<meta name=\"robots\" content=\"index, follow, max-snippet:-1, max-image-preview:large, max-video-preview:-1\" \/>\n<link rel=\"canonical\" href=\"https:\/\/sombredikabana.com\/en\/\" \/>\n<meta property=\"og:locale\" content=\"en_US\" \/>\n<meta property=\"og:type\" content=\"article\" \/>\n<meta property=\"og:title\" content=\"Welcome to B&amp;B Sombr\u00e9 di Kabana Cura\u00e7ao Welcome to B&amp;B Sombr\u00e9 di Kabana Cura\u00e7ao b&amp;B curacao\" \/>\n<meta property=\"og:description\" content=\"Op zoek naar het comfort van een hotel, gecombineerd met een huiselijke sfeer en persoonlijke aandacht? Dan bent u bij onze casa aan het juiste adres!\" \/>\n<meta property=\"og:url\" content=\"https:\/\/sombredikabana.com\/en\/\" \/>\n<meta property=\"og:site_name\" content=\"B&amp;B Sombr\u00e9 di Kabana\" \/>\n<meta property=\"article:publisher\" content=\"https:\/\/www.facebook.com\/bnbsombredikabana\/\" \/>\n<meta property=\"article:modified_time\" content=\"2022-09-12T13:18:03+00:00\" \/>\n<meta name=\"twitter:card\" content=\"summary_large_image\" \/>\n<meta name=\"twitter:label1\" content=\"Est. reading time\" \/>\n\t<meta name=\"twitter:data1\" content=\"1 minute\" \/>\n<script type=\"application\/ld+json\" class=\"yoast-schema-graph\">{\"@context\":\"https:\/\/schema.org\",\"@graph\":[{\"@type\":\"WebPage\",\"@id\":\"https:\/\/sombredikabana.com\/en\/\",\"url\":\"https:\/\/sombredikabana.com\/en\/\",\"name\":\"Welcome to B&B Sombr\u00e9 di Kabana Cura\u00e7ao Welcome to B&B Sombr\u00e9 di Kabana Cura\u00e7ao b&B curacao\",\"isPartOf\":{\"@id\":\"https:\/\/sombredikabana.com\/en\/#website\"},\"datePublished\":\"2019-07-24T06:25:59+00:00\",\"dateModified\":\"2022-09-12T13:18:03+00:00\",\"description\":\"Op zoek naar het comfort van een hotel, gecombineerd met een huiselijke sfeer en persoonlijke aandacht? Dan bent u bij onze casa aan het juiste adres!\",\"breadcrumb\":{\"@id\":\"https:\/\/sombredikabana.com\/en\/#breadcrumb\"},\"inLanguage\":\"en-US\",\"potentialAction\":[{\"@type\":\"ReadAction\",\"target\":[[\"https:\/\/sombredikabana.com\/en\/\"]]}]},{\"@type\":\"BreadcrumbList\",\"@id\":\"https:\/\/sombredikabana.com\/en\/#breadcrumb\",\"itemListElement\":[{\"@type\":\"ListItem\",\"position\":1,\"name\":\"Home\",\"item\":\"https:\/\/sombredikabana.com\/en\/\"},{\"@type\":\"ListItem\",\"position\":2,\"name\":\"Welkom bij B&#038;B Sombr\u00e9 di Kabana Cura\u00e7ao\"}]},{\"@type\":\"WebSite\",\"@id\":\"https:\/\/sombredikabana.com\/en\/#website\",\"url\":\"https:\/\/sombredikabana.com\/en\/\",\"name\":\"B &amp; B Sombre di Kabana\",\"description\":\"\",\"publisher\":{\"@id\":\"https:\/\/sombredikabana.com\/en\/#organization\"},\"potentialAction\":[{\"@type\":\"SearchAction\",\"target\":{\"@type\":\"EntryPoint\",\"urlTemplate\":\"https:\/\/sombredikabana.com\/en\/?s={search_term_string}\"},\"query-input\":{\"@type\":\"PropertyValueSpecification\",\"valueRequired\":true,\"valueName\":\"search_term_string\"}}],\"inLanguage\":\"en-US\"},{\"@type\":\"Organization\",\"@id\":\"https:\/\/sombredikabana.com\/en\/#organization\",\"name\":\"Sombre di Kabana\",\"url\":\"https:\/\/sombredikabana.com\/en\/\",\"logo\":{\"@type\":\"ImageObject\",\"inLanguage\":\"en-US\",\"@id\":\"https:\/\/sombredikabana.com\/en\/#\/schema\/logo\/image\/\",\"url\":\"https:\/\/sombredikabana.com\/wp-content\/uploads\/2019\/07\/logo_sdk_v5.png\",\"contentUrl\":\"https:\/\/sombredikabana.com\/wp-content\/uploads\/2019\/07\/logo_sdk_v5.png\",\"width\":649,\"height\":376,\"caption\":\"Sombre di Kabana\"},\"image\":{\"@id\":\"https:\/\/sombredikabana.com\/en\/#\/schema\/logo\/image\/\"},\"sameAs\":[\"https:\/\/www.facebook.com\/bnbsombredikabana\/\"]}]}<\/script>\n<!-- \/ Yoast SEO plugin. -->","yoast_head_json":{"title":"Welcome to B&B Sombr\u00e9 di Kabana Cura\u00e7ao Welcome to B&B Sombr\u00e9 di Kabana Cura\u00e7ao b&B curacao","description":"Op zoek naar het comfort van een hotel, gecombineerd met een huiselijke sfeer en persoonlijke aandacht? Dan bent u bij onze casa aan het juiste adres!","robots":{"index":"index","follow":"follow","max-snippet":"max-snippet:-1","max-image-preview":"max-image-preview:large","max-video-preview":"max-video-preview:-1"},"canonical":"https:\/\/sombredikabana.com\/en\/","og_locale":"en_US","og_type":"article","og_title":"Welcome to B&B Sombr\u00e9 di Kabana Cura\u00e7ao Welcome to B&B Sombr\u00e9 di Kabana Cura\u00e7ao b&B curacao","og_description":"Op zoek naar het comfort van een hotel, gecombineerd met een huiselijke sfeer en persoonlijke aandacht? Dan bent u bij onze casa aan het juiste adres!","og_url":"https:\/\/sombredikabana.com\/en\/","og_site_name":"B&amp;B Sombr\u00e9 di Kabana","article_publisher":"https:\/\/www.facebook.com\/bnbsombredikabana\/","article_modified_time":"2022-09-12T13:18:03+00:00","twitter_card":"summary_large_image","twitter_misc":{"Est. reading time":"1 minute"},"schema":{"@context":"https:\/\/schema.org","@graph":[{"@type":"WebPage","@id":"https:\/\/sombredikabana.com\/en\/","url":"https:\/\/sombredikabana.com\/en\/","name":"Welcome to B&B Sombr\u00e9 di Kabana Cura\u00e7ao Welcome to B&B Sombr\u00e9 di Kabana Cura\u00e7ao b&B curacao","isPartOf":{"@id":"https:\/\/sombredikabana.com\/en\/#website"},"datePublished":"2019-07-24T06:25:59+00:00","dateModified":"2022-09-12T13:18:03+00:00","description":"Op zoek naar het comfort van een hotel, gecombineerd met een huiselijke sfeer en persoonlijke aandacht? Dan bent u bij onze casa aan het juiste adres!","breadcrumb":{"@id":"https:\/\/sombredikabana.com\/en\/#breadcrumb"},"inLanguage":"en-US","potentialAction":[{"@type":"ReadAction","target":[["https:\/\/sombredikabana.com\/en\/"]]}]},{"@type":"BreadcrumbList","@id":"https:\/\/sombredikabana.com\/en\/#breadcrumb","itemListElement":[{"@type":"ListItem","position":1,"name":"Home","item":"https:\/\/sombredikabana.com\/en\/"},{"@type":"ListItem","position":2,"name":"Welkom bij B&#038;B Sombr\u00e9 di Kabana Cura\u00e7ao"}]},{"@type":"WebSite","@id":"https:\/\/sombredikabana.com\/en\/#website","url":"https:\/\/sombredikabana.com\/en\/","name":"B &amp; B Sombre di Kabana","description":"","publisher":{"@id":"https:\/\/sombredikabana.com\/en\/#organization"},"potentialAction":[{"@type":"SearchAction","target":{"@type":"EntryPoint","urlTemplate":"https:\/\/sombredikabana.com\/en\/?s={search_term_string}"},"query-input":{"@type":"PropertyValueSpecification","valueRequired":true,"valueName":"search_term_string"}}],"inLanguage":"en-US"},{"@type":"Organization","@id":"https:\/\/sombredikabana.com\/en\/#organization","name":"Sombre di Kabana","url":"https:\/\/sombredikabana.com\/en\/","logo":{"@type":"ImageObject","inLanguage":"en-US","@id":"https:\/\/sombredikabana.com\/en\/#\/schema\/logo\/image\/","url":"https:\/\/sombredikabana.com\/wp-content\/uploads\/2019\/07\/logo_sdk_v5.png","contentUrl":"https:\/\/sombredikabana.com\/wp-content\/uploads\/2019\/07\/logo_sdk_v5.png","width":649,"height":376,"caption":"Sombre di Kabana"},"image":{"@id":"https:\/\/sombredikabana.com\/en\/#\/schema\/logo\/image\/"},"sameAs":["https:\/\/www.facebook.com\/bnbsombredikabana\/"]}]}},"_links":{"self":[{"href":"https:\/\/sombredikabana.com\/en\/wp-json\/wp\/v2\/pages\/139"}],"collection":[{"href":"https:\/\/sombredikabana.com\/en\/wp-json\/wp\/v2\/pages"}],"about":[{"href":"https:\/\/sombredikabana.com\/en\/wp-json\/wp\/v2\/types\/page"}],"author":[{"embeddable":true,"href":"https:\/\/sombredikabana.com\/en\/wp-json\/wp\/v2\/users\/4"}],"replies":[{"embeddable":true,"href":"https:\/\/sombredikabana.com\/en\/wp-json\/wp\/v2\/comments?post=139"}],"version-history":[{"count":105,"href":"https:\/\/sombredikabana.com\/en\/wp-json\/wp\/v2\/pages\/139\/revisions"}],"predecessor-version":[{"id":1951,"href":"https:\/\/sombredikabana.com\/en\/wp-json\/wp\/v2\/pages\/139\/revisions\/1951"}],"wp:attachment":[{"href":"https:\/\/sombredikabana.com\/en\/wp-json\/wp\/v2\/media?parent=139"}],"curies":[{"name":"wp","href":"https:\/\/api.w.org\/{rel}","templated":true}]}}