{"id":115,"date":"2019-12-01T19:13:42","date_gmt":"2019-12-01T19:13:42","guid":{"rendered":"http:\/\/nieuw.sombredikabana.com\/?page_id=115"},"modified":"2023-02-28T10:12:11","modified_gmt":"2023-02-28T14:12:11","slug":"op-vakantie-in-curacao","status":"publish","type":"page","link":"https:\/\/sombredikabana.com\/en\/a-holiday-on-curacao\/","title":{"rendered":"A holiday on Cura\u00e7ao"},"content":{"rendered":"<p>Cura\u00e7ao is located in the Caribbean Sea north of Venezuela. It is the largest and most authentic of the leeward islands. Cura\u00e7ao has a tropical climate with a temperature that is around 30 degrees all year round. Because of the almost always present wind it feels very pleasant. Thanks to this wonderful climate, life on Cura\u00e7ao plays mainly outside. The temperature of the seawater is 28 degrees on average.<\/p>\n<p><\/p>\n<div id=\"Block_wpape_gallery_69f11955492c5\" style=\"width:100%;; display: none;\"><div id=\"wpape_gallery_69f11955492c5\" data-options=\"wpape_gallery_69f11955492c5\" style=\"width:100%;\" class=\"wpape_gallery\"><div class=\"wpape-img category1310\" ><div class=\"wpape-img-image \"  ><div data-thumbnail=\"https:\/\/sombredikabana.com\/wp-content\/uploads\/2017\/10\/Curacao-768x512.jpg\" title=\"Uw vakantie in Cura\u00e7ao\" data-width=\"768\" data-height=\"512\" ><\/div><div data-popup=\"https:\/\/sombredikabana.com\/wp-content\/uploads\/2017\/10\/Curacao.jpg\"  title=\"Uw vakantie in Cura\u00e7ao\"><\/div><\/div><\/div><div class=\"wpape-img category1310\" ><div class=\"wpape-img-image \"  ><div data-thumbnail=\"https:\/\/sombredikabana.com\/wp-content\/uploads\/2017\/10\/vakantie-curacao-768x512.jpg\" title=\"Prachtige stranden op Cura\u00e7ao\" data-width=\"768\" data-height=\"512\" ><\/div><div data-popup=\"https:\/\/sombredikabana.com\/wp-content\/uploads\/2017\/10\/vakantie-curacao.jpg\"  title=\"Prachtige stranden op Cura\u00e7ao\"><\/div><\/div><\/div><div class=\"wpape-img category1310\" ><div class=\"wpape-img-image \"  ><div data-thumbnail=\"https:\/\/sombredikabana.com\/wp-content\/uploads\/2017\/10\/Curacao-birdview.jpg\" title=\"Verblijf up Cura\u00e7ao\" data-width=\"500\" data-height=\"340\" ><\/div><div data-popup=\"https:\/\/sombredikabana.com\/wp-content\/uploads\/2017\/10\/Curacao-birdview.jpg\"  title=\"Verblijf up Cura\u00e7ao\"><\/div><\/div><\/div><\/div><\/div><script>var wpape_gallery_69f11955492c5 = {\"filterContainer\": \"#wpape_gallery_69f11955492c5filter\", \"overlayEffect\": \"\", \"boxesToLoadStart\": \"8\", \"boxesToLoad\": \"8\", \"lazyLoad\": true, \"LoadingWord\": \"\", \"loadMoreWord\": \"\", \"noMoreEntriesWord\": \"\", \"loadMoreClass\": \" apebtn   \", \"horizontalSpaceBetweenBoxes\": \"0\", \"verticalSpaceBetweenBoxes\": \"0\"}, wpape_gallery_69f11955492c5_css = \".mfp-container .mfp-arrow{display:none;}#wpape_gallery_69f11955492c5 .thumbnail-overlay{background:;}#wpape_gallery_69f11955492c5 .image-with-dimensions{background-color: rgb(255,255,255);}\",apeGalleryDelay = 0; head = document.head || document.getElementsByTagName(\"head\")[0], style = document.createElement(\"style\"); style.type = \"text\/css\"; if (style.styleSheet) style.styleSheet.cssText = wpape_gallery_69f11955492c5_css; \telse  style.appendChild(document.createTextNode(wpape_gallery_69f11955492c5_css)); head.appendChild(style);<\/script>\n<p>In addition to sun, clear blue sea and white beaches, Cura\u00e7ao has a lot to offer, such as the rugged north coast, the south coast with many picturesque bays and cozy beaches, nature parks, the beautiful underwater world, country houses, and the many beautiful buildings and the unique pontoon bridge in the historical inner city.<\/p>\n<p>Equally varied is the range of possibilities to enjoy all this beauty; relaxed or active, organized or independent, by car, on foot, on a mountain bike, with the (sailing) boat, snorkelling or diving. It is worth considering taking a diving course on Cura\u00e7ao. Finally, Cura\u00e7ao offers you a variety of restaurants and occasions for a fun night out.<\/p>\n<p>To fully enjoy all that Cura\u00e7ao has to offer, we advise you to rent a car.\u00a0 We ourselves rent 2 cars (Volkswagen Polo, and a Kia Picanto, both automatic), but it is of course also possible to rent some other car through us. For this we have a preferred company with good prices. We also gladly pick you up and bring you back to the airport.<\/p>\n<p><\/p>\n<p>What to see and do on Cura\u00e7ao? Click this interactive map below to find out<br \/><br \/>For a full size map, click <a href=\"https:\/\/maps.showmecaribbean.com\/CASHA\" target=\"_blank\" rel=\"noopener\">here<\/a><\/p>\n<div class=\"mapcontainer\"><iframe class=\"mapresponsive-iframe\" src=\"https:\/\/maps.showmecaribbean.com\/CASHA\"><\/iframe><\/div>\n<p>\u00a0<\/p>\n\n\n<div style=\"text-align:center;\">\n<!-- weather widget start -->\n<a target=\"_blank\" href=\"https:\/\/www.booked.net\/weather\/willemstad-39861\" rel=\"noopener noreferrer\"><img decoding=\"async\" src=\"https:\/\/w.bookcdn.com\/weather\/picture\/3_39861_1_1_137AE9_160_ffffff_333333_08488D_1_ffffff_333333_0_6.png?scode=124&amp;domid=w209&amp;anc_id=28163\" alt=\"booked.net\"><\/a>\n<!-- weather widget end -->\n<\/div>","protected":false},"excerpt":{"rendered":"<p>Cura\u00e7ao is located in the Caribbean Sea north of Venezuela. It is the largest and most authentic of the leeward islands. Cura\u00e7ao has a tropical climate with a temperature that is around 30 degrees all year round. Because of the almost always present wind it feels very pleasant. Thanks to this wonderful climate, life on [&hellip;]<\/p>\n","protected":false},"author":4,"featured_media":0,"parent":0,"menu_order":0,"comment_status":"closed","ping_status":"closed","template":"page-templates\/page_fullwidth.php","meta":{"_monsterinsights_skip_tracking":false,"_monsterinsights_sitenote_active":false,"_monsterinsights_sitenote_note":"","_monsterinsights_sitenote_category":0,"_uf_show_specific_survey":0,"_uf_disable_surveys":false,"footnotes":""},"class_list":["post-115","page","type-page","status-publish","hentry"],"aioseo_notices":[],"yoast_head":"<!-- This site is optimized with the Yoast SEO plugin v23.8 - https:\/\/yoast.com\/wordpress\/plugins\/seo\/ -->\n<title>A holiday on Cura\u00e7ao | B&amp;B Sombr\u00e9 di Kabana<\/title>\n<meta name=\"description\" content=\"Cura\u00e7ao is a great holiday destination. Sun, clear blue sea, white beaches, rugged north coast and a south coast with many picturesque bays and beaches.\" \/>\n<meta name=\"robots\" content=\"index, follow, max-snippet:-1, max-image-preview:large, max-video-preview:-1\" \/>\n<link rel=\"canonical\" href=\"https:\/\/sombredikabana.com\/en\/verblijven-op-curacao\/\" \/>\n<meta property=\"og:locale\" content=\"en_US\" \/>\n<meta property=\"og:type\" content=\"article\" \/>\n<meta property=\"og:title\" content=\"A holiday on Cura\u00e7ao | B&amp;B Sombr\u00e9 di Kabana\" \/>\n<meta property=\"og:description\" content=\"Cura\u00e7ao is a great holiday destination. Sun, clear blue sea, white beaches, rugged north coast and a south coast with many picturesque bays and beaches.\" \/>\n<meta property=\"og:url\" content=\"https:\/\/sombredikabana.com\/en\/verblijven-op-curacao\/\" \/>\n<meta property=\"og:site_name\" content=\"B&amp;B Sombr\u00e9 di Kabana\" \/>\n<meta property=\"article:publisher\" content=\"https:\/\/www.facebook.com\/bnbsombredikabana\/\" \/>\n<meta property=\"article:modified_time\" content=\"2023-02-28T14:12:11+00:00\" \/>\n<meta property=\"og:image\" content=\"https:\/\/w.bookcdn.com\/weather\/picture\/3_39861_1_1_137AE9_160_ffffff_333333_08488D_1_ffffff_333333_0_6.png?scode=124&amp;domid=w209&amp;anc_id=28163\" \/>\n<meta name=\"twitter:card\" content=\"summary_large_image\" \/>\n<meta name=\"twitter:label1\" content=\"Est. reading time\" \/>\n\t<meta name=\"twitter:data1\" content=\"4 minutes\" \/>\n<script type=\"application\/ld+json\" class=\"yoast-schema-graph\">{\"@context\":\"https:\/\/schema.org\",\"@graph\":[{\"@type\":\"WebPage\",\"@id\":\"https:\/\/sombredikabana.com\/en\/verblijven-op-curacao\/\",\"url\":\"https:\/\/sombredikabana.com\/en\/verblijven-op-curacao\/\",\"name\":\"A holiday on Cura\u00e7ao | B&amp;B Sombr\u00e9 di Kabana\",\"isPartOf\":{\"@id\":\"https:\/\/sombredikabana.com\/en\/#website\"},\"primaryImageOfPage\":{\"@id\":\"https:\/\/sombredikabana.com\/en\/verblijven-op-curacao\/#primaryimage\"},\"image\":{\"@id\":\"https:\/\/sombredikabana.com\/verblijven-op-curacao\/#primaryimage\"},\"thumbnailUrl\":\"https:\/\/w.bookcdn.com\/weather\/picture\/3_39861_1_1_137AE9_160_ffffff_333333_08488D_1_ffffff_333333_0_6.png?scode=124&amp;domid=w209&amp;anc_id=28163\",\"datePublished\":\"2019-12-01T19:13:42+00:00\",\"dateModified\":\"2023-02-28T14:12:11+00:00\",\"description\":\"Cura\u00e7ao is a great holiday destination. Sun, clear blue sea, white beaches, rugged north coast and a south coast with many picturesque bays and beaches.\",\"breadcrumb\":{\"@id\":\"https:\/\/sombredikabana.com\/en\/verblijven-op-curacao\/#breadcrumb\"},\"inLanguage\":\"en-US\",\"potentialAction\":[{\"@type\":\"ReadAction\",\"target\":[[\"https:\/\/sombredikabana.com\/en\/verblijven-op-curacao\/\"]]}]},{\"@type\":\"ImageObject\",\"inLanguage\":\"en-US\",\"@id\":\"https:\/\/sombredikabana.com\/en\/verblijven-op-curacao\/#primaryimage\",\"url\":\"https:\/\/w.bookcdn.com\/weather\/picture\/3_39861_1_1_137AE9_160_ffffff_333333_08488D_1_ffffff_333333_0_6.png?scode=124&amp;domid=w209&amp;anc_id=28163\",\"contentUrl\":\"https:\/\/w.bookcdn.com\/weather\/picture\/3_39861_1_1_137AE9_160_ffffff_333333_08488D_1_ffffff_333333_0_6.png?scode=124&amp;domid=w209&amp;anc_id=28163\"},{\"@type\":\"BreadcrumbList\",\"@id\":\"https:\/\/sombredikabana.com\/en\/verblijven-op-curacao\/#breadcrumb\",\"itemListElement\":[{\"@type\":\"ListItem\",\"position\":1,\"name\":\"Home\",\"item\":\"https:\/\/sombredikabana.com\/en\/\"},{\"@type\":\"ListItem\",\"position\":2,\"name\":\"Op vakantie in Cura\u00e7ao\"}]},{\"@type\":\"WebSite\",\"@id\":\"https:\/\/sombredikabana.com\/en\/#website\",\"url\":\"https:\/\/sombredikabana.com\/en\/\",\"name\":\"B &amp; B Sombre di Kabana\",\"description\":\"\",\"publisher\":{\"@id\":\"https:\/\/sombredikabana.com\/en\/#organization\"},\"potentialAction\":[{\"@type\":\"SearchAction\",\"target\":{\"@type\":\"EntryPoint\",\"urlTemplate\":\"https:\/\/sombredikabana.com\/en\/?s={search_term_string}\"},\"query-input\":{\"@type\":\"PropertyValueSpecification\",\"valueRequired\":true,\"valueName\":\"search_term_string\"}}],\"inLanguage\":\"en-US\"},{\"@type\":\"Organization\",\"@id\":\"https:\/\/sombredikabana.com\/en\/#organization\",\"name\":\"Sombre di Kabana\",\"url\":\"https:\/\/sombredikabana.com\/en\/\",\"logo\":{\"@type\":\"ImageObject\",\"inLanguage\":\"en-US\",\"@id\":\"https:\/\/sombredikabana.com\/en\/#\/schema\/logo\/image\/\",\"url\":\"https:\/\/sombredikabana.com\/wp-content\/uploads\/2019\/07\/logo_sdk_v5.png\",\"contentUrl\":\"https:\/\/sombredikabana.com\/wp-content\/uploads\/2019\/07\/logo_sdk_v5.png\",\"width\":649,\"height\":376,\"caption\":\"Sombre di Kabana\"},\"image\":{\"@id\":\"https:\/\/sombredikabana.com\/en\/#\/schema\/logo\/image\/\"},\"sameAs\":[\"https:\/\/www.facebook.com\/bnbsombredikabana\/\"]}]}<\/script>\n<!-- \/ Yoast SEO plugin. -->","yoast_head_json":{"title":"A holiday on Cura\u00e7ao | B&amp;B Sombr\u00e9 di Kabana","description":"Cura\u00e7ao is a great holiday destination. Sun, clear blue sea, white beaches, rugged north coast and a south coast with many picturesque bays and beaches.","robots":{"index":"index","follow":"follow","max-snippet":"max-snippet:-1","max-image-preview":"max-image-preview:large","max-video-preview":"max-video-preview:-1"},"canonical":"https:\/\/sombredikabana.com\/en\/verblijven-op-curacao\/","og_locale":"en_US","og_type":"article","og_title":"A holiday on Cura\u00e7ao | B&amp;B Sombr\u00e9 di Kabana","og_description":"Cura\u00e7ao is a great holiday destination. Sun, clear blue sea, white beaches, rugged north coast and a south coast with many picturesque bays and beaches.","og_url":"https:\/\/sombredikabana.com\/en\/verblijven-op-curacao\/","og_site_name":"B&amp;B Sombr\u00e9 di Kabana","article_publisher":"https:\/\/www.facebook.com\/bnbsombredikabana\/","article_modified_time":"2023-02-28T14:12:11+00:00","og_image":[{"url":"https:\/\/w.bookcdn.com\/weather\/picture\/3_39861_1_1_137AE9_160_ffffff_333333_08488D_1_ffffff_333333_0_6.png?scode=124&amp;domid=w209&amp;anc_id=28163"}],"twitter_card":"summary_large_image","twitter_misc":{"Est. reading time":"4 minutes"},"schema":{"@context":"https:\/\/schema.org","@graph":[{"@type":"WebPage","@id":"https:\/\/sombredikabana.com\/en\/verblijven-op-curacao\/","url":"https:\/\/sombredikabana.com\/en\/verblijven-op-curacao\/","name":"A holiday on Cura\u00e7ao | B&amp;B Sombr\u00e9 di Kabana","isPartOf":{"@id":"https:\/\/sombredikabana.com\/en\/#website"},"primaryImageOfPage":{"@id":"https:\/\/sombredikabana.com\/en\/verblijven-op-curacao\/#primaryimage"},"image":{"@id":"https:\/\/sombredikabana.com\/verblijven-op-curacao\/#primaryimage"},"thumbnailUrl":"https:\/\/w.bookcdn.com\/weather\/picture\/3_39861_1_1_137AE9_160_ffffff_333333_08488D_1_ffffff_333333_0_6.png?scode=124&amp;domid=w209&amp;anc_id=28163","datePublished":"2019-12-01T19:13:42+00:00","dateModified":"2023-02-28T14:12:11+00:00","description":"Cura\u00e7ao is a great holiday destination. Sun, clear blue sea, white beaches, rugged north coast and a south coast with many picturesque bays and beaches.","breadcrumb":{"@id":"https:\/\/sombredikabana.com\/en\/verblijven-op-curacao\/#breadcrumb"},"inLanguage":"en-US","potentialAction":[{"@type":"ReadAction","target":[["https:\/\/sombredikabana.com\/en\/verblijven-op-curacao\/"]]}]},{"@type":"ImageObject","inLanguage":"en-US","@id":"https:\/\/sombredikabana.com\/en\/verblijven-op-curacao\/#primaryimage","url":"https:\/\/w.bookcdn.com\/weather\/picture\/3_39861_1_1_137AE9_160_ffffff_333333_08488D_1_ffffff_333333_0_6.png?scode=124&amp;domid=w209&amp;anc_id=28163","contentUrl":"https:\/\/w.bookcdn.com\/weather\/picture\/3_39861_1_1_137AE9_160_ffffff_333333_08488D_1_ffffff_333333_0_6.png?scode=124&amp;domid=w209&amp;anc_id=28163"},{"@type":"BreadcrumbList","@id":"https:\/\/sombredikabana.com\/en\/verblijven-op-curacao\/#breadcrumb","itemListElement":[{"@type":"ListItem","position":1,"name":"Home","item":"https:\/\/sombredikabana.com\/en\/"},{"@type":"ListItem","position":2,"name":"Op vakantie in Cura\u00e7ao"}]},{"@type":"WebSite","@id":"https:\/\/sombredikabana.com\/en\/#website","url":"https:\/\/sombredikabana.com\/en\/","name":"B &amp; B Sombre di Kabana","description":"","publisher":{"@id":"https:\/\/sombredikabana.com\/en\/#organization"},"potentialAction":[{"@type":"SearchAction","target":{"@type":"EntryPoint","urlTemplate":"https:\/\/sombredikabana.com\/en\/?s={search_term_string}"},"query-input":{"@type":"PropertyValueSpecification","valueRequired":true,"valueName":"search_term_string"}}],"inLanguage":"en-US"},{"@type":"Organization","@id":"https:\/\/sombredikabana.com\/en\/#organization","name":"Sombre di Kabana","url":"https:\/\/sombredikabana.com\/en\/","logo":{"@type":"ImageObject","inLanguage":"en-US","@id":"https:\/\/sombredikabana.com\/en\/#\/schema\/logo\/image\/","url":"https:\/\/sombredikabana.com\/wp-content\/uploads\/2019\/07\/logo_sdk_v5.png","contentUrl":"https:\/\/sombredikabana.com\/wp-content\/uploads\/2019\/07\/logo_sdk_v5.png","width":649,"height":376,"caption":"Sombre di Kabana"},"image":{"@id":"https:\/\/sombredikabana.com\/en\/#\/schema\/logo\/image\/"},"sameAs":["https:\/\/www.facebook.com\/bnbsombredikabana\/"]}]}},"_links":{"self":[{"href":"https:\/\/sombredikabana.com\/en\/wp-json\/wp\/v2\/pages\/115"}],"collection":[{"href":"https:\/\/sombredikabana.com\/en\/wp-json\/wp\/v2\/pages"}],"about":[{"href":"https:\/\/sombredikabana.com\/en\/wp-json\/wp\/v2\/types\/page"}],"author":[{"embeddable":true,"href":"https:\/\/sombredikabana.com\/en\/wp-json\/wp\/v2\/users\/4"}],"replies":[{"embeddable":true,"href":"https:\/\/sombredikabana.com\/en\/wp-json\/wp\/v2\/comments?post=115"}],"version-history":[{"count":88,"href":"https:\/\/sombredikabana.com\/en\/wp-json\/wp\/v2\/pages\/115\/revisions"}],"predecessor-version":[{"id":1979,"href":"https:\/\/sombredikabana.com\/en\/wp-json\/wp\/v2\/pages\/115\/revisions\/1979"}],"wp:attachment":[{"href":"https:\/\/sombredikabana.com\/en\/wp-json\/wp\/v2\/media?parent=115"}],"curies":[{"name":"wp","href":"https:\/\/api.w.org\/{rel}","templated":true}]}}