{"id":113,"date":"2018-12-30T07:12:49","date_gmt":"2018-12-30T07:12:49","guid":{"rendered":"http:\/\/nieuw.sombredikabana.com\/?page_id=113"},"modified":"2022-07-07T12:36:27","modified_gmt":"2022-07-07T16:36:27","slug":"contact","status":"publish","type":"page","link":"https:\/\/sombredikabana.com\/en\/contact-us\/","title":{"rendered":"Contact us"},"content":{"rendered":"<p>Sombr\u00e9 di Kabana Casa is een kleinschalig resort met <a href=\"https:\/\/sombredikabana.com\/luxe-overnachten-op-curacao-met-zwembad\/\">drie verblijf accommodaties op Cura\u00e7ao<\/a>.<\/p>\n<h2>Contactgegevens<\/h2>\n<p>Paul &amp; Marion de Nijs<br \/>Kaya Beethoven 62 &#8211; Willemstad &#8211; Cura\u00e7ao<br \/>Tel. : <a href=\"tel:\/\/+59997474611\">+599 9 747 4611 <\/a><br \/>Cell\/WhatsApp: <a href=\"tel:\/\/+599 9 521 4054\">+599 9 521 4054<\/a> \/ <a href=\"tel:\/\/+599 9 521 4057\">+599 9 521 4057<\/a><br \/>E-mail :\u00a0<a href=\"mailto:info@bnb-sombredikabana.com\">info@sombredikabana.com<br \/><\/a>Facebook: <a href=\"https:\/\/www.facebook.com\/pg\/bnbsombredikabana\/\">https:\/\/www.facebook.com\/pg\/bnbsombredikabana\/<br \/><\/a><\/p>\n<div id=\"wpgmza_map\" class=\"wpgmza_map\" data-settings='{\"id\":\"1\",\"map_title\":\"Contact\",\"map_width\":\"100\",\"map_height\":\"400\",\"map_start_lat\":\"12.095011\",\"map_start_lng\":\"-68.857974\",\"map_start_location\":\"12.095011,-68.85797400000001\",\"map_start_zoom\":\"17\",\"default_marker\":\"0\",\"type\":\"1\",\"alignment\":\"1\",\"directions_enabled\":\"1\",\"styling_enabled\":\"0\",\"styling_json\":\"\",\"active\":\"0\",\"kml\":\"\",\"bicycle\":\"0\",\"traffic\":\"0\",\"dbox\":\"1\",\"dbox_width\":\"100\",\"listmarkers\":\"0\",\"listmarkers_advanced\":\"0\",\"filterbycat\":\"0\",\"ugm_enabled\":\"0\",\"ugm_category_enabled\":\"0\",\"fusion\":\"\",\"map_width_type\":\"\\\\%\",\"map_height_type\":\"px\",\"mass_marker_support\":\"1\",\"ugm_access\":\"0\",\"order_markers_by\":\"1\",\"order_markers_choice\":\"2\",\"show_user_location\":\"0\",\"default_to\":\"\",\"other_settings\":{\"store_locator_enabled\":2,\"store_locator_distance\":2,\"store_locator_default_radius\":\"10\",\"store_locator_not_found_message\":\"Geen resultaten gevonden in deze locatie. Probeer het opnieuw.\",\"store_locator_bounce\":1,\"store_locator_query_string\":\"PC \\\/ Adres\",\"store_locator_default_address\":\"\",\"wpgmza_store_locator_restrict\":\"\",\"store_locator_style\":\"modern\",\"wpgmza_store_locator_radius_style\":\"modern\",\"map_max_zoom\":\"1\",\"transport_layer\":0,\"wpgmza_theme_data\":\"\",\"wpgmza_show_points_of_interest\":0,\"wpgmza_auto_night\":0}}' data-map-id='1' Data-maps-engine='google-maps' data-shortcode-attributes='{\"id\":\"1\"}' style=\"display:block; overflow:auto; width:100%; height:400px; float:left;\"><\/div>\n\n\n<p><\/p>\n","protected":false},"excerpt":{"rendered":"<p>Sombr\u00e9 di Kabana Casa is een kleinschalig resort met drie verblijf accommodaties op Cura\u00e7ao. Contactgegevens Paul &amp; Marion de NijsKaya Beethoven 62 &#8211; Willemstad &#8211; Cura\u00e7aoTel. : +599 9 747 4611 Cell\/WhatsApp: +599 9 521 4054 \/ +599 9 521 4057E-mail :\u00a0info@sombredikabana.comFacebook: https:\/\/www.facebook.com\/pg\/bnbsombredikabana\/<\/p>\n","protected":false},"author":4,"featured_media":0,"parent":0,"menu_order":0,"comment_status":"closed","ping_status":"closed","template":"","meta":{"_monsterinsights_skip_tracking":false,"_monsterinsights_sitenote_active":false,"_monsterinsights_sitenote_note":"","_monsterinsights_sitenote_category":0,"_uf_show_specific_survey":0,"_uf_disable_surveys":false,"footnotes":""},"class_list":["post-113","page","type-page","status-publish","hentry"],"aioseo_notices":[],"yoast_head":"<!-- This site is optimized with the Yoast SEO plugin v23.8 - https:\/\/yoast.com\/wordpress\/plugins\/seo\/ -->\n<title>Contact us | B&amp;B Sombr\u00e9 di Kabana<\/title>\n<meta name=\"robots\" content=\"index, follow, max-snippet:-1, max-image-preview:large, max-video-preview:-1\" \/>\n<link rel=\"canonical\" href=\"https:\/\/sombredikabana.com\/en\/contact\/\" \/>\n<meta property=\"og:locale\" content=\"en_US\" \/>\n<meta property=\"og:type\" content=\"article\" \/>\n<meta property=\"og:title\" content=\"Contact us | B&amp;B Sombr\u00e9 di Kabana\" \/>\n<meta property=\"og:description\" content=\"Sombr\u00e9 di Kabana Casa is een kleinschalig resort met drie verblijf accommodaties op Cura\u00e7ao. Contactgegevens Paul &amp; Marion de NijsKaya Beethoven 62 &#8211; Willemstad &#8211; Cura\u00e7aoTel. : +599 9 747 4611 Cell\/WhatsApp: +599 9 521 4054 \/ +599 9 521 4057E-mail :\u00a0info@sombredikabana.comFacebook: https:\/\/www.facebook.com\/pg\/bnbsombredikabana\/\" \/>\n<meta property=\"og:url\" content=\"https:\/\/sombredikabana.com\/en\/contact\/\" \/>\n<meta property=\"og:site_name\" content=\"B&amp;B Sombr\u00e9 di Kabana\" \/>\n<meta property=\"article:publisher\" content=\"https:\/\/www.facebook.com\/bnbsombredikabana\/\" \/>\n<meta property=\"article:modified_time\" content=\"2022-07-07T16:36:27+00:00\" \/>\n<meta name=\"twitter:card\" content=\"summary_large_image\" \/>\n<meta name=\"twitter:label1\" content=\"Est. reading time\" \/>\n\t<meta name=\"twitter:data1\" content=\"1 minute\" \/>\n<script type=\"application\/ld+json\" class=\"yoast-schema-graph\">{\"@context\":\"https:\/\/schema.org\",\"@graph\":[{\"@type\":\"WebPage\",\"@id\":\"https:\/\/sombredikabana.com\/en\/contact\/\",\"url\":\"https:\/\/sombredikabana.com\/en\/contact\/\",\"name\":\"Contact us | B&amp;B Sombr\u00e9 di Kabana\",\"isPartOf\":{\"@id\":\"https:\/\/sombredikabana.com\/en\/#website\"},\"datePublished\":\"2018-12-30T07:12:49+00:00\",\"dateModified\":\"2022-07-07T16:36:27+00:00\",\"breadcrumb\":{\"@id\":\"https:\/\/sombredikabana.com\/en\/contact\/#breadcrumb\"},\"inLanguage\":\"en-US\",\"potentialAction\":[{\"@type\":\"ReadAction\",\"target\":[[\"https:\/\/sombredikabana.com\/en\/contact\/\"]]}]},{\"@type\":\"BreadcrumbList\",\"@id\":\"https:\/\/sombredikabana.com\/en\/contact\/#breadcrumb\",\"itemListElement\":[{\"@type\":\"ListItem\",\"position\":1,\"name\":\"Home\",\"item\":\"https:\/\/sombredikabana.com\/en\/\"},{\"@type\":\"ListItem\",\"position\":2,\"name\":\"Contact\"}]},{\"@type\":\"WebSite\",\"@id\":\"https:\/\/sombredikabana.com\/en\/#website\",\"url\":\"https:\/\/sombredikabana.com\/en\/\",\"name\":\"B &amp; B Sombre di Kabana\",\"description\":\"\",\"publisher\":{\"@id\":\"https:\/\/sombredikabana.com\/en\/#organization\"},\"potentialAction\":[{\"@type\":\"SearchAction\",\"target\":{\"@type\":\"EntryPoint\",\"urlTemplate\":\"https:\/\/sombredikabana.com\/en\/?s={search_term_string}\"},\"query-input\":{\"@type\":\"PropertyValueSpecification\",\"valueRequired\":true,\"valueName\":\"search_term_string\"}}],\"inLanguage\":\"en-US\"},{\"@type\":\"Organization\",\"@id\":\"https:\/\/sombredikabana.com\/en\/#organization\",\"name\":\"Sombre di Kabana\",\"url\":\"https:\/\/sombredikabana.com\/en\/\",\"logo\":{\"@type\":\"ImageObject\",\"inLanguage\":\"en-US\",\"@id\":\"https:\/\/sombredikabana.com\/en\/#\/schema\/logo\/image\/\",\"url\":\"https:\/\/sombredikabana.com\/wp-content\/uploads\/2019\/07\/logo_sdk_v5.png\",\"contentUrl\":\"https:\/\/sombredikabana.com\/wp-content\/uploads\/2019\/07\/logo_sdk_v5.png\",\"width\":649,\"height\":376,\"caption\":\"Sombre di Kabana\"},\"image\":{\"@id\":\"https:\/\/sombredikabana.com\/en\/#\/schema\/logo\/image\/\"},\"sameAs\":[\"https:\/\/www.facebook.com\/bnbsombredikabana\/\"]}]}<\/script>\n<!-- \/ Yoast SEO plugin. -->","yoast_head_json":{"title":"Contact us | B&amp;B Sombr\u00e9 di Kabana","robots":{"index":"index","follow":"follow","max-snippet":"max-snippet:-1","max-image-preview":"max-image-preview:large","max-video-preview":"max-video-preview:-1"},"canonical":"https:\/\/sombredikabana.com\/en\/contact\/","og_locale":"en_US","og_type":"article","og_title":"Contact us | B&amp;B Sombr\u00e9 di Kabana","og_description":"Sombr\u00e9 di Kabana Casa is een kleinschalig resort met drie verblijf accommodaties op Cura\u00e7ao. Contactgegevens Paul &amp; Marion de NijsKaya Beethoven 62 &#8211; Willemstad &#8211; Cura\u00e7aoTel. : +599 9 747 4611 Cell\/WhatsApp: +599 9 521 4054 \/ +599 9 521 4057E-mail :\u00a0info@sombredikabana.comFacebook: https:\/\/www.facebook.com\/pg\/bnbsombredikabana\/","og_url":"https:\/\/sombredikabana.com\/en\/contact\/","og_site_name":"B&amp;B Sombr\u00e9 di Kabana","article_publisher":"https:\/\/www.facebook.com\/bnbsombredikabana\/","article_modified_time":"2022-07-07T16:36:27+00:00","twitter_card":"summary_large_image","twitter_misc":{"Est. reading time":"1 minute"},"schema":{"@context":"https:\/\/schema.org","@graph":[{"@type":"WebPage","@id":"https:\/\/sombredikabana.com\/en\/contact\/","url":"https:\/\/sombredikabana.com\/en\/contact\/","name":"Contact us | B&amp;B Sombr\u00e9 di Kabana","isPartOf":{"@id":"https:\/\/sombredikabana.com\/en\/#website"},"datePublished":"2018-12-30T07:12:49+00:00","dateModified":"2022-07-07T16:36:27+00:00","breadcrumb":{"@id":"https:\/\/sombredikabana.com\/en\/contact\/#breadcrumb"},"inLanguage":"en-US","potentialAction":[{"@type":"ReadAction","target":[["https:\/\/sombredikabana.com\/en\/contact\/"]]}]},{"@type":"BreadcrumbList","@id":"https:\/\/sombredikabana.com\/en\/contact\/#breadcrumb","itemListElement":[{"@type":"ListItem","position":1,"name":"Home","item":"https:\/\/sombredikabana.com\/en\/"},{"@type":"ListItem","position":2,"name":"Contact"}]},{"@type":"WebSite","@id":"https:\/\/sombredikabana.com\/en\/#website","url":"https:\/\/sombredikabana.com\/en\/","name":"B &amp; B Sombre di Kabana","description":"","publisher":{"@id":"https:\/\/sombredikabana.com\/en\/#organization"},"potentialAction":[{"@type":"SearchAction","target":{"@type":"EntryPoint","urlTemplate":"https:\/\/sombredikabana.com\/en\/?s={search_term_string}"},"query-input":{"@type":"PropertyValueSpecification","valueRequired":true,"valueName":"search_term_string"}}],"inLanguage":"en-US"},{"@type":"Organization","@id":"https:\/\/sombredikabana.com\/en\/#organization","name":"Sombre di Kabana","url":"https:\/\/sombredikabana.com\/en\/","logo":{"@type":"ImageObject","inLanguage":"en-US","@id":"https:\/\/sombredikabana.com\/en\/#\/schema\/logo\/image\/","url":"https:\/\/sombredikabana.com\/wp-content\/uploads\/2019\/07\/logo_sdk_v5.png","contentUrl":"https:\/\/sombredikabana.com\/wp-content\/uploads\/2019\/07\/logo_sdk_v5.png","width":649,"height":376,"caption":"Sombre di Kabana"},"image":{"@id":"https:\/\/sombredikabana.com\/en\/#\/schema\/logo\/image\/"},"sameAs":["https:\/\/www.facebook.com\/bnbsombredikabana\/"]}]}},"_links":{"self":[{"href":"https:\/\/sombredikabana.com\/en\/wp-json\/wp\/v2\/pages\/113"}],"collection":[{"href":"https:\/\/sombredikabana.com\/en\/wp-json\/wp\/v2\/pages"}],"about":[{"href":"https:\/\/sombredikabana.com\/en\/wp-json\/wp\/v2\/types\/page"}],"author":[{"embeddable":true,"href":"https:\/\/sombredikabana.com\/en\/wp-json\/wp\/v2\/users\/4"}],"replies":[{"embeddable":true,"href":"https:\/\/sombredikabana.com\/en\/wp-json\/wp\/v2\/comments?post=113"}],"version-history":[{"count":62,"href":"https:\/\/sombredikabana.com\/en\/wp-json\/wp\/v2\/pages\/113\/revisions"}],"predecessor-version":[{"id":1946,"href":"https:\/\/sombredikabana.com\/en\/wp-json\/wp\/v2\/pages\/113\/revisions\/1946"}],"wp:attachment":[{"href":"https:\/\/sombredikabana.com\/en\/wp-json\/wp\/v2\/media?parent=113"}],"curies":[{"name":"wp","href":"https:\/\/api.w.org\/{rel}","templated":true}]}}