{"id":1994,"date":"2023-09-05T10:53:08","date_gmt":"2023-09-05T14:53:08","guid":{"rendered":"https:\/\/sombredikabana.com\/?page_id=1994"},"modified":"2024-03-18T09:33:43","modified_gmt":"2024-03-18T13:33:43","slug":"auto-verhuur","status":"publish","type":"page","link":"https:\/\/sombredikabana.com\/de\/auto-vermietung\/","title":{"rendered":"Auto Vermietung"},"content":{"rendered":"<p><\/p>\n<p>Unsere Mietwagen sind ausschlie\u00dflich Volkswagen, n\u00e4mlich ein VW Gol und ein VW Polo. Beides sind Automatikgetriebe.<\/p>\n<p><\/p>\n<p><\/p>\n\n\n<figure class=\"wp-block-gallery aligncenter has-nested-images columns-default is-cropped wp-block-gallery-1 is-layout-flex wp-block-gallery-is-layout-flex\">\n<figure class=\"wp-block-image size-large\"><img loading=\"lazy\" decoding=\"async\" width=\"900\" height=\"675\" data-id=\"2008\" src=\"https:\/\/sombredikabana.com\/wp-content\/uploads\/2023\/09\/VWGol-2.jpg\" alt=\"\" class=\"wp-image-2008\" srcset=\"https:\/\/sombredikabana.com\/wp-content\/uploads\/2023\/09\/VWGol-2.jpg 900w, https:\/\/sombredikabana.com\/wp-content\/uploads\/2023\/09\/VWGol-2-300x225.jpg 300w, https:\/\/sombredikabana.com\/wp-content\/uploads\/2023\/09\/VWGol-2-768x576.jpg 768w, https:\/\/sombredikabana.com\/wp-content\/uploads\/2023\/09\/VWGol-2-700x525.jpg 700w, https:\/\/sombredikabana.com\/wp-content\/uploads\/2023\/09\/VWGol-2-410x308.jpg 410w, https:\/\/sombredikabana.com\/wp-content\/uploads\/2023\/09\/VWGol-2-100x75.jpg 100w, https:\/\/sombredikabana.com\/wp-content\/uploads\/2023\/09\/VWGol-2-275x206.jpg 275w\" sizes=\"(max-width: 900px) 100vw, 900px\" \/><\/figure>\n\n\n\n<figure class=\"wp-block-image size-large\"><img loading=\"lazy\" decoding=\"async\" width=\"900\" height=\"675\" data-id=\"2009\" src=\"https:\/\/sombredikabana.com\/wp-content\/uploads\/2023\/09\/VWPolo-1.jpg\" alt=\"\" class=\"wp-image-2009\" srcset=\"https:\/\/sombredikabana.com\/wp-content\/uploads\/2023\/09\/VWPolo-1.jpg 900w, https:\/\/sombredikabana.com\/wp-content\/uploads\/2023\/09\/VWPolo-1-300x225.jpg 300w, https:\/\/sombredikabana.com\/wp-content\/uploads\/2023\/09\/VWPolo-1-768x576.jpg 768w, https:\/\/sombredikabana.com\/wp-content\/uploads\/2023\/09\/VWPolo-1-700x525.jpg 700w, https:\/\/sombredikabana.com\/wp-content\/uploads\/2023\/09\/VWPolo-1-410x308.jpg 410w, https:\/\/sombredikabana.com\/wp-content\/uploads\/2023\/09\/VWPolo-1-100x75.jpg 100w, https:\/\/sombredikabana.com\/wp-content\/uploads\/2023\/09\/VWPolo-1-275x206.jpg 275w\" sizes=\"(max-width: 900px) 100vw, 900px\" \/><\/figure>\n<\/figure>\n\n\n\n<div class=\"wp-block-columns is-layout-flex wp-container-core-columns-is-layout-1 wp-block-columns-is-layout-flex\">\n<div class=\"wp-block-column is-layout-flow wp-block-column-is-layout-flow\">\n<p class=\"has-text-align-center\">VW Gol<\/p>\n<\/div>\n\n\n\n<div class=\"wp-block-column is-layout-flow wp-block-column-is-layout-flow\">\n<p class=\"has-text-align-center\">VW Polo<\/p>\n<\/div>\n<\/div>","protected":false},"excerpt":{"rendered":"<p>Unsere Mietwagen sind ausschlie\u00dflich Volkswagen, n\u00e4mlich ein VW Gol und ein VW Polo. Beides sind Automatikgetriebe. VW Gol VW Polo<\/p>\n","protected":false},"author":4,"featured_media":0,"parent":0,"menu_order":0,"comment_status":"closed","ping_status":"closed","template":"page-templates\/page_fullwidth.php","meta":{"_monsterinsights_skip_tracking":false,"_monsterinsights_sitenote_active":false,"_monsterinsights_sitenote_note":"","_monsterinsights_sitenote_category":0,"_uf_show_specific_survey":0,"_uf_disable_surveys":false,"footnotes":""},"class_list":["post-1994","page","type-page","status-publish","hentry"],"aioseo_notices":[],"yoast_head":"<!-- This site is optimized with the Yoast SEO plugin v23.8 - https:\/\/yoast.com\/wordpress\/plugins\/seo\/ -->\n<title>Auto Vermietung | B&amp;B Sombr\u00e9 di Kabana<\/title>\n<meta name=\"robots\" content=\"index, follow, max-snippet:-1, max-image-preview:large, max-video-preview:-1\" \/>\n<link rel=\"canonical\" href=\"https:\/\/sombredikabana.com\/de\/auto-verhuur\/\" \/>\n<meta property=\"og:locale\" content=\"de_DE\" \/>\n<meta property=\"og:type\" content=\"article\" \/>\n<meta property=\"og:title\" content=\"Auto Vermietung | B&amp;B Sombr\u00e9 di Kabana\" \/>\n<meta property=\"og:description\" content=\"Unsere Mietwagen sind ausschlie\u00dflich Volkswagen, n\u00e4mlich ein VW Gol und ein VW Polo. Beides sind Automatikgetriebe. VW Gol VW Polo\" \/>\n<meta property=\"og:url\" content=\"https:\/\/sombredikabana.com\/de\/auto-verhuur\/\" \/>\n<meta property=\"og:site_name\" content=\"B&amp;B Sombr\u00e9 di Kabana\" \/>\n<meta property=\"article:publisher\" content=\"https:\/\/www.facebook.com\/bnbsombredikabana\/\" \/>\n<meta property=\"article:modified_time\" content=\"2024-03-18T13:33:43+00:00\" \/>\n<meta property=\"og:image\" content=\"https:\/\/sombredikabana.com\/wp-content\/uploads\/2023\/09\/VWGol-2.jpg\" \/>\n<meta name=\"twitter:card\" content=\"summary_large_image\" \/>\n<meta name=\"twitter:label1\" content=\"Gesch\u00e4tzte Lesezeit\" \/>\n\t<meta name=\"twitter:data1\" content=\"1\u00a0Minute\" \/>\n<script type=\"application\/ld+json\" class=\"yoast-schema-graph\">{\"@context\":\"https:\/\/schema.org\",\"@graph\":[{\"@type\":\"WebPage\",\"@id\":\"https:\/\/sombredikabana.com\/de\/auto-verhuur\/\",\"url\":\"https:\/\/sombredikabana.com\/de\/auto-verhuur\/\",\"name\":\"Auto Vermietung | B&amp;B Sombr\u00e9 di Kabana\",\"isPartOf\":{\"@id\":\"https:\/\/sombredikabana.com\/de\/#website\"},\"primaryImageOfPage\":{\"@id\":\"https:\/\/sombredikabana.com\/de\/auto-verhuur\/#primaryimage\"},\"image\":{\"@id\":\"https:\/\/sombredikabana.com\/auto-verhuur\/#primaryimage\"},\"thumbnailUrl\":\"https:\/\/sombredikabana.com\/wp-content\/uploads\/2023\/09\/VWGol-2.jpg\",\"datePublished\":\"2023-09-05T14:53:08+00:00\",\"dateModified\":\"2024-03-18T13:33:43+00:00\",\"breadcrumb\":{\"@id\":\"https:\/\/sombredikabana.com\/de\/auto-verhuur\/#breadcrumb\"},\"inLanguage\":\"de\",\"potentialAction\":[{\"@type\":\"ReadAction\",\"target\":[[\"https:\/\/sombredikabana.com\/de\/auto-verhuur\/\"]]}]},{\"@type\":\"ImageObject\",\"inLanguage\":\"de\",\"@id\":\"https:\/\/sombredikabana.com\/de\/auto-verhuur\/#primaryimage\",\"url\":\"https:\/\/sombredikabana.com\/wp-content\/uploads\/2023\/09\/VWGol-2.jpg\",\"contentUrl\":\"https:\/\/sombredikabana.com\/wp-content\/uploads\/2023\/09\/VWGol-2.jpg\"},{\"@type\":\"BreadcrumbList\",\"@id\":\"https:\/\/sombredikabana.com\/de\/auto-verhuur\/#breadcrumb\",\"itemListElement\":[{\"@type\":\"ListItem\",\"position\":1,\"name\":\"Home\",\"item\":\"https:\/\/sombredikabana.com\/de\/\"},{\"@type\":\"ListItem\",\"position\":2,\"name\":\"Auto verhuur\"}]},{\"@type\":\"WebSite\",\"@id\":\"https:\/\/sombredikabana.com\/de\/#website\",\"url\":\"https:\/\/sombredikabana.com\/de\/\",\"name\":\"B &amp; B Sombre di Kabana\",\"description\":\"\",\"publisher\":{\"@id\":\"https:\/\/sombredikabana.com\/de\/#organization\"},\"potentialAction\":[{\"@type\":\"SearchAction\",\"target\":{\"@type\":\"EntryPoint\",\"urlTemplate\":\"https:\/\/sombredikabana.com\/de\/?s={search_term_string}\"},\"query-input\":{\"@type\":\"PropertyValueSpecification\",\"valueRequired\":true,\"valueName\":\"search_term_string\"}}],\"inLanguage\":\"de\"},{\"@type\":\"Organization\",\"@id\":\"https:\/\/sombredikabana.com\/de\/#organization\",\"name\":\"Sombre di Kabana\",\"url\":\"https:\/\/sombredikabana.com\/de\/\",\"logo\":{\"@type\":\"ImageObject\",\"inLanguage\":\"de\",\"@id\":\"https:\/\/sombredikabana.com\/de\/#\/schema\/logo\/image\/\",\"url\":\"https:\/\/sombredikabana.com\/wp-content\/uploads\/2019\/07\/logo_sdk_v5.png\",\"contentUrl\":\"https:\/\/sombredikabana.com\/wp-content\/uploads\/2019\/07\/logo_sdk_v5.png\",\"width\":649,\"height\":376,\"caption\":\"Sombre di Kabana\"},\"image\":{\"@id\":\"https:\/\/sombredikabana.com\/de\/#\/schema\/logo\/image\/\"},\"sameAs\":[\"https:\/\/www.facebook.com\/bnbsombredikabana\/\"]}]}<\/script>\n<!-- \/ Yoast SEO plugin. -->","yoast_head_json":{"title":"Auto Vermietung | B&amp;B Sombr\u00e9 di Kabana","robots":{"index":"index","follow":"follow","max-snippet":"max-snippet:-1","max-image-preview":"max-image-preview:large","max-video-preview":"max-video-preview:-1"},"canonical":"https:\/\/sombredikabana.com\/de\/auto-verhuur\/","og_locale":"de_DE","og_type":"article","og_title":"Auto Vermietung | B&amp;B Sombr\u00e9 di Kabana","og_description":"Unsere Mietwagen sind ausschlie\u00dflich Volkswagen, n\u00e4mlich ein VW Gol und ein VW Polo. Beides sind Automatikgetriebe. VW Gol VW Polo","og_url":"https:\/\/sombredikabana.com\/de\/auto-verhuur\/","og_site_name":"B&amp;B Sombr\u00e9 di Kabana","article_publisher":"https:\/\/www.facebook.com\/bnbsombredikabana\/","article_modified_time":"2024-03-18T13:33:43+00:00","og_image":[{"url":"https:\/\/sombredikabana.com\/wp-content\/uploads\/2023\/09\/VWGol-2.jpg"}],"twitter_card":"summary_large_image","twitter_misc":{"Gesch\u00e4tzte Lesezeit":"1\u00a0Minute"},"schema":{"@context":"https:\/\/schema.org","@graph":[{"@type":"WebPage","@id":"https:\/\/sombredikabana.com\/de\/auto-verhuur\/","url":"https:\/\/sombredikabana.com\/de\/auto-verhuur\/","name":"Auto Vermietung | B&amp;B Sombr\u00e9 di Kabana","isPartOf":{"@id":"https:\/\/sombredikabana.com\/de\/#website"},"primaryImageOfPage":{"@id":"https:\/\/sombredikabana.com\/de\/auto-verhuur\/#primaryimage"},"image":{"@id":"https:\/\/sombredikabana.com\/auto-verhuur\/#primaryimage"},"thumbnailUrl":"https:\/\/sombredikabana.com\/wp-content\/uploads\/2023\/09\/VWGol-2.jpg","datePublished":"2023-09-05T14:53:08+00:00","dateModified":"2024-03-18T13:33:43+00:00","breadcrumb":{"@id":"https:\/\/sombredikabana.com\/de\/auto-verhuur\/#breadcrumb"},"inLanguage":"de","potentialAction":[{"@type":"ReadAction","target":[["https:\/\/sombredikabana.com\/de\/auto-verhuur\/"]]}]},{"@type":"ImageObject","inLanguage":"de","@id":"https:\/\/sombredikabana.com\/de\/auto-verhuur\/#primaryimage","url":"https:\/\/sombredikabana.com\/wp-content\/uploads\/2023\/09\/VWGol-2.jpg","contentUrl":"https:\/\/sombredikabana.com\/wp-content\/uploads\/2023\/09\/VWGol-2.jpg"},{"@type":"BreadcrumbList","@id":"https:\/\/sombredikabana.com\/de\/auto-verhuur\/#breadcrumb","itemListElement":[{"@type":"ListItem","position":1,"name":"Home","item":"https:\/\/sombredikabana.com\/de\/"},{"@type":"ListItem","position":2,"name":"Auto verhuur"}]},{"@type":"WebSite","@id":"https:\/\/sombredikabana.com\/de\/#website","url":"https:\/\/sombredikabana.com\/de\/","name":"B &amp; B Sombre di Kabana","description":"","publisher":{"@id":"https:\/\/sombredikabana.com\/de\/#organization"},"potentialAction":[{"@type":"SearchAction","target":{"@type":"EntryPoint","urlTemplate":"https:\/\/sombredikabana.com\/de\/?s={search_term_string}"},"query-input":{"@type":"PropertyValueSpecification","valueRequired":true,"valueName":"search_term_string"}}],"inLanguage":"de"},{"@type":"Organization","@id":"https:\/\/sombredikabana.com\/de\/#organization","name":"Sombre di Kabana","url":"https:\/\/sombredikabana.com\/de\/","logo":{"@type":"ImageObject","inLanguage":"de","@id":"https:\/\/sombredikabana.com\/de\/#\/schema\/logo\/image\/","url":"https:\/\/sombredikabana.com\/wp-content\/uploads\/2019\/07\/logo_sdk_v5.png","contentUrl":"https:\/\/sombredikabana.com\/wp-content\/uploads\/2019\/07\/logo_sdk_v5.png","width":649,"height":376,"caption":"Sombre di Kabana"},"image":{"@id":"https:\/\/sombredikabana.com\/de\/#\/schema\/logo\/image\/"},"sameAs":["https:\/\/www.facebook.com\/bnbsombredikabana\/"]}]}},"_links":{"self":[{"href":"https:\/\/sombredikabana.com\/de\/wp-json\/wp\/v2\/pages\/1994"}],"collection":[{"href":"https:\/\/sombredikabana.com\/de\/wp-json\/wp\/v2\/pages"}],"about":[{"href":"https:\/\/sombredikabana.com\/de\/wp-json\/wp\/v2\/types\/page"}],"author":[{"embeddable":true,"href":"https:\/\/sombredikabana.com\/de\/wp-json\/wp\/v2\/users\/4"}],"replies":[{"embeddable":true,"href":"https:\/\/sombredikabana.com\/de\/wp-json\/wp\/v2\/comments?post=1994"}],"version-history":[{"count":11,"href":"https:\/\/sombredikabana.com\/de\/wp-json\/wp\/v2\/pages\/1994\/revisions"}],"predecessor-version":[{"id":2025,"href":"https:\/\/sombredikabana.com\/de\/wp-json\/wp\/v2\/pages\/1994\/revisions\/2025"}],"wp:attachment":[{"href":"https:\/\/sombredikabana.com\/de\/wp-json\/wp\/v2\/media?parent=1994"}],"curies":[{"name":"wp","href":"https:\/\/api.w.org\/{rel}","templated":true}]}}