{"id":1539,"date":"2020-06-10T20:37:19","date_gmt":"2020-06-10T20:37:19","guid":{"rendered":"https:\/\/sombredikabana.com\/en\/?page_id=1539"},"modified":"2022-06-02T08:35:51","modified_gmt":"2022-06-02T12:35:51","slug":"extras","status":"publish","type":"page","link":"https:\/\/sombredikabana.com\/de\/extras\/","title":{"rendered":"Extra&#8217;s"},"content":{"rendered":"<p><\/p>\n\n\n\n<p>Zus\u00e4tzlich zu unserer offensichtlichen Gastfreundschaft bieten wir unseren G\u00e4sten Folgendes.<\/p>\n\n\n\n<p>Zweimal w\u00f6chentlich reinigen und Bettw\u00e4sche und wechseln wir Handt\u00fccher, kostenlos<br> Gemeinschaftspool (5 x 10 Meter!), Kostenlos<br> Gemeiner Jaquizzi, kostenlos<br> Gebrauch Lounge-Betten kostenlos<br> Gebrauch tropischen Garten und die Sitzbereiche kostenlos<br> Gebrauch gemeinsamen sozialen Bereich, einschlie\u00dflich Flipper, kostenlos<br> Gebrauch Kinderhochst\u00fchle, kostenlos<br> Gebrauch Kinderbett mit Bettw\u00e4sche, kostenlos<br> Gebrauch Wickelkissen f\u00fcr Babys kostenlos, kostenlos<br> Gebrauch erh\u00f6hten Junior-Stuhl (Reiseleiter), kostenlos<br> Nutzung von Strandt\u00fcchern, Sonnenschirm und K\u00fchlbox, kostenlos<br> Kostenlose Verwendung von Shampoo und Duschgel sowie Handseife.<br> Gebrauch Wi-Fi,  kostenlos<\/p>\n\n\n\n<p>Wenn unsere Autovermietung genutzt wird:<br>Kostenloses Parken auf unserem kamerasicheren Gel\u00e4nde<br>Der Kindersitz kostet \u20ac 3 pro Tag, der Kindersitz kostet \u20ac 2 pro Tag (auch verf\u00fcgbar, wenn eine externe Autovermietung verwendet wird).<\/p>\n\n\n\n<p>Die Benutzung der allgemeinen Waschmaschine kostet \u20ac 8 pro Ladung, Waschmittel und Weichsp\u00fcler sind inbegriffen.<br>Die Verwendung von American BBQ kostet \u20ac12.50, Gas und Reinigung sind inbegriffen<br><\/p>\n\n\n\n<p><\/p>","protected":false},"excerpt":{"rendered":"<p>Zus\u00e4tzlich zu unserer offensichtlichen Gastfreundschaft bieten wir unseren G\u00e4sten Folgendes. Zweimal w\u00f6chentlich reinigen und Bettw\u00e4sche und wechseln wir Handt\u00fccher, kostenlos Gemeinschaftspool (5 x 10 Meter!), Kostenlos Gemeiner Jaquizzi, kostenlos Gebrauch Lounge-Betten kostenlos Gebrauch tropischen Garten und die Sitzbereiche kostenlos Gebrauch gemeinsamen sozialen Bereich, einschlie\u00dflich Flipper, kostenlos Gebrauch Kinderhochst\u00fchle, kostenlos Gebrauch Kinderbett mit Bettw\u00e4sche, kostenlos Gebrauch [&hellip;]<\/p>\n","protected":false},"author":4,"featured_media":0,"parent":0,"menu_order":0,"comment_status":"closed","ping_status":"closed","template":"","meta":{"_monsterinsights_skip_tracking":false,"_monsterinsights_sitenote_active":false,"_monsterinsights_sitenote_note":"","_monsterinsights_sitenote_category":0,"_uf_show_specific_survey":0,"_uf_disable_surveys":false,"footnotes":""},"class_list":["post-1539","page","type-page","status-publish","hentry"],"aioseo_notices":[],"yoast_head":"<!-- This site is optimized with the Yoast SEO plugin v23.8 - https:\/\/yoast.com\/wordpress\/plugins\/seo\/ -->\n<title>Extra&#039;s | B&amp;B Sombr\u00e9 di Kabana<\/title>\n<meta name=\"robots\" content=\"index, follow, max-snippet:-1, max-image-preview:large, max-video-preview:-1\" \/>\n<link rel=\"canonical\" href=\"https:\/\/sombredikabana.com\/de\/extras\/\" \/>\n<meta property=\"og:locale\" content=\"de_DE\" \/>\n<meta property=\"og:type\" content=\"article\" \/>\n<meta property=\"og:title\" content=\"Extra&#039;s | B&amp;B Sombr\u00e9 di Kabana\" \/>\n<meta property=\"og:description\" content=\"Zus\u00e4tzlich zu unserer offensichtlichen Gastfreundschaft bieten wir unseren G\u00e4sten Folgendes. Zweimal w\u00f6chentlich reinigen und Bettw\u00e4sche und wechseln wir Handt\u00fccher, kostenlos Gemeinschaftspool (5 x 10 Meter!), Kostenlos Gemeiner Jaquizzi, kostenlos Gebrauch Lounge-Betten kostenlos Gebrauch tropischen Garten und die Sitzbereiche kostenlos Gebrauch gemeinsamen sozialen Bereich, einschlie\u00dflich Flipper, kostenlos Gebrauch Kinderhochst\u00fchle, kostenlos Gebrauch Kinderbett mit Bettw\u00e4sche, kostenlos Gebrauch [&hellip;]\" \/>\n<meta property=\"og:url\" content=\"https:\/\/sombredikabana.com\/de\/extras\/\" \/>\n<meta property=\"og:site_name\" content=\"B&amp;B Sombr\u00e9 di Kabana\" \/>\n<meta property=\"article:publisher\" content=\"https:\/\/www.facebook.com\/bnbsombredikabana\/\" \/>\n<meta property=\"article:modified_time\" content=\"2022-06-02T12:35:51+00:00\" \/>\n<meta name=\"twitter:card\" content=\"summary_large_image\" \/>\n<meta name=\"twitter:label1\" content=\"Gesch\u00e4tzte Lesezeit\" \/>\n\t<meta name=\"twitter:data1\" content=\"3\u00a0Minuten\" \/>\n<script type=\"application\/ld+json\" class=\"yoast-schema-graph\">{\"@context\":\"https:\/\/schema.org\",\"@graph\":[{\"@type\":\"WebPage\",\"@id\":\"https:\/\/sombredikabana.com\/de\/extras\/\",\"url\":\"https:\/\/sombredikabana.com\/de\/extras\/\",\"name\":\"Extra's | B&amp;B Sombr\u00e9 di Kabana\",\"isPartOf\":{\"@id\":\"https:\/\/sombredikabana.com\/de\/#website\"},\"datePublished\":\"2020-06-10T20:37:19+00:00\",\"dateModified\":\"2022-06-02T12:35:51+00:00\",\"breadcrumb\":{\"@id\":\"https:\/\/sombredikabana.com\/de\/extras\/#breadcrumb\"},\"inLanguage\":\"de\",\"potentialAction\":[{\"@type\":\"ReadAction\",\"target\":[[\"https:\/\/sombredikabana.com\/de\/extras\/\"]]}]},{\"@type\":\"BreadcrumbList\",\"@id\":\"https:\/\/sombredikabana.com\/de\/extras\/#breadcrumb\",\"itemListElement\":[{\"@type\":\"ListItem\",\"position\":1,\"name\":\"Home\",\"item\":\"https:\/\/sombredikabana.com\/de\/\"},{\"@type\":\"ListItem\",\"position\":2,\"name\":\"Extra&#8217;s\"}]},{\"@type\":\"WebSite\",\"@id\":\"https:\/\/sombredikabana.com\/de\/#website\",\"url\":\"https:\/\/sombredikabana.com\/de\/\",\"name\":\"B &amp; B Sombre di Kabana\",\"description\":\"\",\"publisher\":{\"@id\":\"https:\/\/sombredikabana.com\/de\/#organization\"},\"potentialAction\":[{\"@type\":\"SearchAction\",\"target\":{\"@type\":\"EntryPoint\",\"urlTemplate\":\"https:\/\/sombredikabana.com\/de\/?s={search_term_string}\"},\"query-input\":{\"@type\":\"PropertyValueSpecification\",\"valueRequired\":true,\"valueName\":\"search_term_string\"}}],\"inLanguage\":\"de\"},{\"@type\":\"Organization\",\"@id\":\"https:\/\/sombredikabana.com\/de\/#organization\",\"name\":\"Sombre di Kabana\",\"url\":\"https:\/\/sombredikabana.com\/de\/\",\"logo\":{\"@type\":\"ImageObject\",\"inLanguage\":\"de\",\"@id\":\"https:\/\/sombredikabana.com\/de\/#\/schema\/logo\/image\/\",\"url\":\"https:\/\/sombredikabana.com\/wp-content\/uploads\/2019\/07\/logo_sdk_v5.png\",\"contentUrl\":\"https:\/\/sombredikabana.com\/wp-content\/uploads\/2019\/07\/logo_sdk_v5.png\",\"width\":649,\"height\":376,\"caption\":\"Sombre di Kabana\"},\"image\":{\"@id\":\"https:\/\/sombredikabana.com\/de\/#\/schema\/logo\/image\/\"},\"sameAs\":[\"https:\/\/www.facebook.com\/bnbsombredikabana\/\"]}]}<\/script>\n<!-- \/ Yoast SEO plugin. -->","yoast_head_json":{"title":"Extra's | B&amp;B Sombr\u00e9 di Kabana","robots":{"index":"index","follow":"follow","max-snippet":"max-snippet:-1","max-image-preview":"max-image-preview:large","max-video-preview":"max-video-preview:-1"},"canonical":"https:\/\/sombredikabana.com\/de\/extras\/","og_locale":"de_DE","og_type":"article","og_title":"Extra's | B&amp;B Sombr\u00e9 di Kabana","og_description":"Zus\u00e4tzlich zu unserer offensichtlichen Gastfreundschaft bieten wir unseren G\u00e4sten Folgendes. Zweimal w\u00f6chentlich reinigen und Bettw\u00e4sche und wechseln wir Handt\u00fccher, kostenlos Gemeinschaftspool (5 x 10 Meter!), Kostenlos Gemeiner Jaquizzi, kostenlos Gebrauch Lounge-Betten kostenlos Gebrauch tropischen Garten und die Sitzbereiche kostenlos Gebrauch gemeinsamen sozialen Bereich, einschlie\u00dflich Flipper, kostenlos Gebrauch Kinderhochst\u00fchle, kostenlos Gebrauch Kinderbett mit Bettw\u00e4sche, kostenlos Gebrauch [&hellip;]","og_url":"https:\/\/sombredikabana.com\/de\/extras\/","og_site_name":"B&amp;B Sombr\u00e9 di Kabana","article_publisher":"https:\/\/www.facebook.com\/bnbsombredikabana\/","article_modified_time":"2022-06-02T12:35:51+00:00","twitter_card":"summary_large_image","twitter_misc":{"Gesch\u00e4tzte Lesezeit":"3\u00a0Minuten"},"schema":{"@context":"https:\/\/schema.org","@graph":[{"@type":"WebPage","@id":"https:\/\/sombredikabana.com\/de\/extras\/","url":"https:\/\/sombredikabana.com\/de\/extras\/","name":"Extra's | B&amp;B Sombr\u00e9 di Kabana","isPartOf":{"@id":"https:\/\/sombredikabana.com\/de\/#website"},"datePublished":"2020-06-10T20:37:19+00:00","dateModified":"2022-06-02T12:35:51+00:00","breadcrumb":{"@id":"https:\/\/sombredikabana.com\/de\/extras\/#breadcrumb"},"inLanguage":"de","potentialAction":[{"@type":"ReadAction","target":[["https:\/\/sombredikabana.com\/de\/extras\/"]]}]},{"@type":"BreadcrumbList","@id":"https:\/\/sombredikabana.com\/de\/extras\/#breadcrumb","itemListElement":[{"@type":"ListItem","position":1,"name":"Home","item":"https:\/\/sombredikabana.com\/de\/"},{"@type":"ListItem","position":2,"name":"Extra&#8217;s"}]},{"@type":"WebSite","@id":"https:\/\/sombredikabana.com\/de\/#website","url":"https:\/\/sombredikabana.com\/de\/","name":"B &amp; B Sombre di Kabana","description":"","publisher":{"@id":"https:\/\/sombredikabana.com\/de\/#organization"},"potentialAction":[{"@type":"SearchAction","target":{"@type":"EntryPoint","urlTemplate":"https:\/\/sombredikabana.com\/de\/?s={search_term_string}"},"query-input":{"@type":"PropertyValueSpecification","valueRequired":true,"valueName":"search_term_string"}}],"inLanguage":"de"},{"@type":"Organization","@id":"https:\/\/sombredikabana.com\/de\/#organization","name":"Sombre di Kabana","url":"https:\/\/sombredikabana.com\/de\/","logo":{"@type":"ImageObject","inLanguage":"de","@id":"https:\/\/sombredikabana.com\/de\/#\/schema\/logo\/image\/","url":"https:\/\/sombredikabana.com\/wp-content\/uploads\/2019\/07\/logo_sdk_v5.png","contentUrl":"https:\/\/sombredikabana.com\/wp-content\/uploads\/2019\/07\/logo_sdk_v5.png","width":649,"height":376,"caption":"Sombre di Kabana"},"image":{"@id":"https:\/\/sombredikabana.com\/de\/#\/schema\/logo\/image\/"},"sameAs":["https:\/\/www.facebook.com\/bnbsombredikabana\/"]}]}},"_links":{"self":[{"href":"https:\/\/sombredikabana.com\/de\/wp-json\/wp\/v2\/pages\/1539"}],"collection":[{"href":"https:\/\/sombredikabana.com\/de\/wp-json\/wp\/v2\/pages"}],"about":[{"href":"https:\/\/sombredikabana.com\/de\/wp-json\/wp\/v2\/types\/page"}],"author":[{"embeddable":true,"href":"https:\/\/sombredikabana.com\/de\/wp-json\/wp\/v2\/users\/4"}],"replies":[{"embeddable":true,"href":"https:\/\/sombredikabana.com\/de\/wp-json\/wp\/v2\/comments?post=1539"}],"version-history":[{"count":13,"href":"https:\/\/sombredikabana.com\/de\/wp-json\/wp\/v2\/pages\/1539\/revisions"}],"predecessor-version":[{"id":1884,"href":"https:\/\/sombredikabana.com\/de\/wp-json\/wp\/v2\/pages\/1539\/revisions\/1884"}],"wp:attachment":[{"href":"https:\/\/sombredikabana.com\/de\/wp-json\/wp\/v2\/media?parent=1539"}],"curies":[{"name":"wp","href":"https:\/\/api.w.org\/{rel}","templated":true}]}}