{"id":139,"date":"2019-07-24T06:25:59","date_gmt":"2019-07-24T06:25:59","guid":{"rendered":"http:\/\/nieuw.sombredikabana.com\/?page_id=139"},"modified":"2022-09-12T09:18:03","modified_gmt":"2022-09-12T13:18:03","slug":"welkom-bij-bnb-sombre-di-kabana-curacao-best-bnb-curacao-mini-resort","status":"publish","type":"page","link":"https:\/\/sombredikabana.com\/de\/","title":{"rendered":"Herzlich wilkommen bei B&#038;B Sombr\u00e9 di Kabana Cura\u00e7ao"},"content":{"rendered":"<!-- wp:paragraph -->\n<p><\/p>\n<!-- \/wp:paragraph -->\n\n<!-- wp:paragraph -->\n<p>Suchen Sie ein Hotel mit gem\u00fctlicher Atmosphaere und pers\u00f6nlicher Betreuung?&nbsp;Dann sind wir fur Sie die ideale Adresse. Wir, Paul und Marion, heissen Sie w\u00e4hrend Ihres Urlaubs oder Ihrer Gesch\u00e4ftsreise, auf Curacao herzlich willkommen.<\/p>\n<!-- \/wp:paragraph -->\n\n<!-- wp:paragraph -->\n<p>Unser Resort, von den Einheimischen auch \u201cStrohhut\u201d genannt, bietet drei&nbsp; Unterk\u00fcnfte.&nbsp;Alle drei sind ausgestattet mit komfortablen , guten Betten und einer K\u00fcche.&nbsp;Gerne bereiten wir Ihnen nach Wunsch ein umfangreiches Fr\u00fchst\u00fcck.&nbsp;Dar\u00fcber hinaus verf\u00fcgt unser Haus ueber ein Schwimmbad, einen Whirlpool und einen wundersch\u00f6nen Garten, wo Sie sich nach Herzenslust entspannen k\u00f6nnen. Die besten Voraussetzungen also, fuer einen erholsamen und motivierenden Aufenthalt auf Curacao.<\/p>\n<!-- \/wp:paragraph -->\n\n<!-- wp:paragraph -->\n<p>\u201cSombre di Kabana\u201d befindet sich im S\u00fcdosten der Insel, ganz in der N\u00e4he aller bekannten, auch durch Touristen besuchten Str\u00e4nde, wie z. B. Jan Thiel en Seaquarium Beach und Caracasbaai, ein beliebter und gem\u00fctlicher Treffpunkt der Einheimischen.&nbsp;Hier steht Ihnen auch eine grosse Auswahl&nbsp; der unterschiedlichsten&nbsp; Restaurants zur Verf\u00fcgung,&nbsp;welche allesamt mit dem Auto in weniger als 10 Minuten erreichbar sind.&nbsp;Zum Zentrum von Willemstad ben\u00f6tigen Sie gerade einmal&nbsp; 15 Minuten.<\/p>\n<!-- \/wp:paragraph -->\n\n<!-- wp:paragraph -->\n<p><\/p>\n<!-- \/wp:paragraph -->\n\n<!-- wp:paragraph -->\n<p><\/p>\n<!-- \/wp:paragraph -->\n\n<p><!-- \/wp:html --><\/p>","protected":false},"excerpt":{"rendered":"<p>Suchen Sie ein Hotel mit gem\u00fctlicher Atmosphaere und pers\u00f6nlicher Betreuung?&nbsp;Dann sind wir fur Sie die ideale Adresse. Wir, Paul und Marion, heissen Sie w\u00e4hrend Ihres Urlaubs oder Ihrer Gesch\u00e4ftsreise, auf Curacao herzlich willkommen. Unser Resort, von den Einheimischen auch \u201cStrohhut\u201d genannt, bietet drei&nbsp; Unterk\u00fcnfte.&nbsp;Alle drei sind ausgestattet mit komfortablen , guten Betten und einer K\u00fcche.&nbsp;Gerne [&hellip;]<\/p>\n","protected":false},"author":4,"featured_media":0,"parent":0,"menu_order":0,"comment_status":"closed","ping_status":"closed","template":"page-templates\/page_fullwidth.php","meta":{"_monsterinsights_skip_tracking":false,"_monsterinsights_sitenote_active":false,"_monsterinsights_sitenote_note":"","_monsterinsights_sitenote_category":0,"_uf_show_specific_survey":0,"_uf_disable_surveys":false,"footnotes":""},"class_list":["post-139","page","type-page","status-publish","hentry"],"aioseo_notices":[],"yoast_head":"<!-- This site is optimized with the Yoast SEO plugin v23.8 - https:\/\/yoast.com\/wordpress\/plugins\/seo\/ -->\n<title>Herzlich wilkommen bei B&amp;B Sombr\u00e9 di Kabana Cura\u00e7ao Welcome to B&amp;B Sombr\u00e9 di Kabana Cura\u00e7ao b&amp;B curacao<\/title>\n<meta name=\"description\" content=\"Suchen Sie ein Hotel mit gem\u00fctlicher Atmosphaere und pers\u00f6nlicher Betreuung? Dann sind wir fur Sie die ideale Adresse auf Cura\u00e7ao.\" \/>\n<meta name=\"robots\" content=\"index, follow, max-snippet:-1, max-image-preview:large, max-video-preview:-1\" \/>\n<link rel=\"canonical\" href=\"https:\/\/sombredikabana.com\/de\/\" \/>\n<meta property=\"og:locale\" content=\"de_DE\" \/>\n<meta property=\"og:type\" content=\"article\" \/>\n<meta property=\"og:title\" content=\"Herzlich wilkommen bei B&amp;B Sombr\u00e9 di Kabana Cura\u00e7ao Welcome to B&amp;B Sombr\u00e9 di Kabana Cura\u00e7ao b&amp;B curacao\" \/>\n<meta property=\"og:description\" content=\"Suchen Sie ein Hotel mit gem\u00fctlicher Atmosphaere und pers\u00f6nlicher Betreuung? Dann sind wir fur Sie die ideale Adresse auf Cura\u00e7ao.\" \/>\n<meta property=\"og:url\" content=\"https:\/\/sombredikabana.com\/de\/\" \/>\n<meta property=\"og:site_name\" content=\"B&amp;B Sombr\u00e9 di Kabana\" \/>\n<meta property=\"article:publisher\" content=\"https:\/\/www.facebook.com\/bnbsombredikabana\/\" \/>\n<meta property=\"article:modified_time\" content=\"2022-09-12T13:18:03+00:00\" \/>\n<meta name=\"twitter:card\" content=\"summary_large_image\" \/>\n<meta name=\"twitter:label1\" content=\"Gesch\u00e4tzte Lesezeit\" \/>\n\t<meta name=\"twitter:data1\" content=\"1\u00a0Minute\" \/>\n<script type=\"application\/ld+json\" class=\"yoast-schema-graph\">{\"@context\":\"https:\/\/schema.org\",\"@graph\":[{\"@type\":\"WebPage\",\"@id\":\"https:\/\/sombredikabana.com\/de\/\",\"url\":\"https:\/\/sombredikabana.com\/de\/\",\"name\":\"Herzlich wilkommen bei B&B Sombr\u00e9 di Kabana Cura\u00e7ao Welcome to B&B Sombr\u00e9 di Kabana Cura\u00e7ao b&B curacao\",\"isPartOf\":{\"@id\":\"https:\/\/sombredikabana.com\/de\/#website\"},\"datePublished\":\"2019-07-24T06:25:59+00:00\",\"dateModified\":\"2022-09-12T13:18:03+00:00\",\"description\":\"Suchen Sie ein Hotel mit gem\u00fctlicher Atmosphaere und pers\u00f6nlicher Betreuung? Dann sind wir fur Sie die ideale Adresse auf Cura\u00e7ao.\",\"breadcrumb\":{\"@id\":\"https:\/\/sombredikabana.com\/de\/#breadcrumb\"},\"inLanguage\":\"de\",\"potentialAction\":[{\"@type\":\"ReadAction\",\"target\":[[\"https:\/\/sombredikabana.com\/de\/\"]]}]},{\"@type\":\"BreadcrumbList\",\"@id\":\"https:\/\/sombredikabana.com\/de\/#breadcrumb\",\"itemListElement\":[{\"@type\":\"ListItem\",\"position\":1,\"name\":\"Home\",\"item\":\"https:\/\/sombredikabana.com\/de\/\"},{\"@type\":\"ListItem\",\"position\":2,\"name\":\"Welkom bij B&#038;B Sombr\u00e9 di Kabana Cura\u00e7ao\"}]},{\"@type\":\"WebSite\",\"@id\":\"https:\/\/sombredikabana.com\/de\/#website\",\"url\":\"https:\/\/sombredikabana.com\/de\/\",\"name\":\"B &amp; B Sombre di Kabana\",\"description\":\"\",\"publisher\":{\"@id\":\"https:\/\/sombredikabana.com\/de\/#organization\"},\"potentialAction\":[{\"@type\":\"SearchAction\",\"target\":{\"@type\":\"EntryPoint\",\"urlTemplate\":\"https:\/\/sombredikabana.com\/de\/?s={search_term_string}\"},\"query-input\":{\"@type\":\"PropertyValueSpecification\",\"valueRequired\":true,\"valueName\":\"search_term_string\"}}],\"inLanguage\":\"de\"},{\"@type\":\"Organization\",\"@id\":\"https:\/\/sombredikabana.com\/de\/#organization\",\"name\":\"Sombre di Kabana\",\"url\":\"https:\/\/sombredikabana.com\/de\/\",\"logo\":{\"@type\":\"ImageObject\",\"inLanguage\":\"de\",\"@id\":\"https:\/\/sombredikabana.com\/de\/#\/schema\/logo\/image\/\",\"url\":\"https:\/\/sombredikabana.com\/wp-content\/uploads\/2019\/07\/logo_sdk_v5.png\",\"contentUrl\":\"https:\/\/sombredikabana.com\/wp-content\/uploads\/2019\/07\/logo_sdk_v5.png\",\"width\":649,\"height\":376,\"caption\":\"Sombre di Kabana\"},\"image\":{\"@id\":\"https:\/\/sombredikabana.com\/de\/#\/schema\/logo\/image\/\"},\"sameAs\":[\"https:\/\/www.facebook.com\/bnbsombredikabana\/\"]}]}<\/script>\n<!-- \/ Yoast SEO plugin. -->","yoast_head_json":{"title":"Herzlich wilkommen bei B&B Sombr\u00e9 di Kabana Cura\u00e7ao Welcome to B&B Sombr\u00e9 di Kabana Cura\u00e7ao b&B curacao","description":"Suchen Sie ein Hotel mit gem\u00fctlicher Atmosphaere und pers\u00f6nlicher Betreuung? Dann sind wir fur Sie die ideale Adresse auf Cura\u00e7ao.","robots":{"index":"index","follow":"follow","max-snippet":"max-snippet:-1","max-image-preview":"max-image-preview:large","max-video-preview":"max-video-preview:-1"},"canonical":"https:\/\/sombredikabana.com\/de\/","og_locale":"de_DE","og_type":"article","og_title":"Herzlich wilkommen bei B&B Sombr\u00e9 di Kabana Cura\u00e7ao Welcome to B&B Sombr\u00e9 di Kabana Cura\u00e7ao b&B curacao","og_description":"Suchen Sie ein Hotel mit gem\u00fctlicher Atmosphaere und pers\u00f6nlicher Betreuung? Dann sind wir fur Sie die ideale Adresse auf Cura\u00e7ao.","og_url":"https:\/\/sombredikabana.com\/de\/","og_site_name":"B&amp;B Sombr\u00e9 di Kabana","article_publisher":"https:\/\/www.facebook.com\/bnbsombredikabana\/","article_modified_time":"2022-09-12T13:18:03+00:00","twitter_card":"summary_large_image","twitter_misc":{"Gesch\u00e4tzte Lesezeit":"1\u00a0Minute"},"schema":{"@context":"https:\/\/schema.org","@graph":[{"@type":"WebPage","@id":"https:\/\/sombredikabana.com\/de\/","url":"https:\/\/sombredikabana.com\/de\/","name":"Herzlich wilkommen bei B&B Sombr\u00e9 di Kabana Cura\u00e7ao Welcome to B&B Sombr\u00e9 di Kabana Cura\u00e7ao b&B curacao","isPartOf":{"@id":"https:\/\/sombredikabana.com\/de\/#website"},"datePublished":"2019-07-24T06:25:59+00:00","dateModified":"2022-09-12T13:18:03+00:00","description":"Suchen Sie ein Hotel mit gem\u00fctlicher Atmosphaere und pers\u00f6nlicher Betreuung? Dann sind wir fur Sie die ideale Adresse auf Cura\u00e7ao.","breadcrumb":{"@id":"https:\/\/sombredikabana.com\/de\/#breadcrumb"},"inLanguage":"de","potentialAction":[{"@type":"ReadAction","target":[["https:\/\/sombredikabana.com\/de\/"]]}]},{"@type":"BreadcrumbList","@id":"https:\/\/sombredikabana.com\/de\/#breadcrumb","itemListElement":[{"@type":"ListItem","position":1,"name":"Home","item":"https:\/\/sombredikabana.com\/de\/"},{"@type":"ListItem","position":2,"name":"Welkom bij B&#038;B Sombr\u00e9 di Kabana Cura\u00e7ao"}]},{"@type":"WebSite","@id":"https:\/\/sombredikabana.com\/de\/#website","url":"https:\/\/sombredikabana.com\/de\/","name":"B &amp; B Sombre di Kabana","description":"","publisher":{"@id":"https:\/\/sombredikabana.com\/de\/#organization"},"potentialAction":[{"@type":"SearchAction","target":{"@type":"EntryPoint","urlTemplate":"https:\/\/sombredikabana.com\/de\/?s={search_term_string}"},"query-input":{"@type":"PropertyValueSpecification","valueRequired":true,"valueName":"search_term_string"}}],"inLanguage":"de"},{"@type":"Organization","@id":"https:\/\/sombredikabana.com\/de\/#organization","name":"Sombre di Kabana","url":"https:\/\/sombredikabana.com\/de\/","logo":{"@type":"ImageObject","inLanguage":"de","@id":"https:\/\/sombredikabana.com\/de\/#\/schema\/logo\/image\/","url":"https:\/\/sombredikabana.com\/wp-content\/uploads\/2019\/07\/logo_sdk_v5.png","contentUrl":"https:\/\/sombredikabana.com\/wp-content\/uploads\/2019\/07\/logo_sdk_v5.png","width":649,"height":376,"caption":"Sombre di Kabana"},"image":{"@id":"https:\/\/sombredikabana.com\/de\/#\/schema\/logo\/image\/"},"sameAs":["https:\/\/www.facebook.com\/bnbsombredikabana\/"]}]}},"_links":{"self":[{"href":"https:\/\/sombredikabana.com\/de\/wp-json\/wp\/v2\/pages\/139"}],"collection":[{"href":"https:\/\/sombredikabana.com\/de\/wp-json\/wp\/v2\/pages"}],"about":[{"href":"https:\/\/sombredikabana.com\/de\/wp-json\/wp\/v2\/types\/page"}],"author":[{"embeddable":true,"href":"https:\/\/sombredikabana.com\/de\/wp-json\/wp\/v2\/users\/4"}],"replies":[{"embeddable":true,"href":"https:\/\/sombredikabana.com\/de\/wp-json\/wp\/v2\/comments?post=139"}],"version-history":[{"count":105,"href":"https:\/\/sombredikabana.com\/de\/wp-json\/wp\/v2\/pages\/139\/revisions"}],"predecessor-version":[{"id":1951,"href":"https:\/\/sombredikabana.com\/de\/wp-json\/wp\/v2\/pages\/139\/revisions\/1951"}],"wp:attachment":[{"href":"https:\/\/sombredikabana.com\/de\/wp-json\/wp\/v2\/media?parent=139"}],"curies":[{"name":"wp","href":"https:\/\/api.w.org\/{rel}","templated":true}]}}