{"id":122,"date":"2017-10-19T19:15:38","date_gmt":"2017-10-19T19:15:38","guid":{"rendered":"http:\/\/nieuw.sombredikabana.com\/?page_id=122"},"modified":"2022-09-12T10:50:33","modified_gmt":"2022-09-12T14:50:33","slug":"reserveer-bnb-op-curacao","status":"publish","type":"page","link":"https:\/\/sombredikabana.com\/de\/bnb-reservieren-auf-curacao\/","title":{"rendered":"Reservieren"},"content":{"rendered":"<!--\n<div class=\"wp-block-button\" style=\"text-align:center;\"><a class=\"wp-block-button__link sg-popup-id-1500 \" href=\"\">Special Cancellation Policies<\/a><\/div>\n-->\n\n\n\n<p><span lang=\"de\" tabindex=\"0\">Wir k\u00f6nnen das ganze Jahr \u00fcber drei verschiedene Zimmer reservieren. Es ist ein kleines Mini-Resort mit viel Ruhe und Privatsph\u00e4re. Eine wunderbare Unterkunft, in der Sie sich entspannen k\u00f6nnen. <\/span><\/p>\n\n\n\n<p><\/p>\n\n\n\n<DIV ID=CalendarDiv style='display:none;'>\n\n\n\n<p>\u00dcberpr\u00fcfen Sie hierunter, ob die Casa Ihrer Wahl noch verf\u00fcgbar ist.<\/p>\n\n\n\n<p><\/p>\n\n\n\n<style>\n#wrapper {\n    overflow:hidden;\n}\n.item {\n    float:left;\n    width:30%;\n    margin:0 0.5%;\n    padding:0%;\n}\n\n@media only screen and (max-width: 40em) {\n    .item {\n        float:none;\n        width:100%;\n        margin-bottom:5px\n    }\n}\n.calframe {\n   height:320px; \n   width:320px; \n   border-style:hidden;\n}\n<\/style>\n\n\n<div id=\"wrapper\">\n<div class=\"item\" style=\"text-align:center;font-weight:bold;\">Casa Piscina<iframe id=\"cp\" src=\"\/mystuff\/calendar.php?alias=casa%20piscina\" class=\"calframe\"><\/iframe><\/div>\n<div class=\"item\" style=\"text-align:center;font-weight:bold;\">Casa Jardin Tropical 1<br><iframe id=\"cjt1\" src=\"\/mystuff\/calendar.php?alias=casa%20jardin%20tropical%201\" class=\"calframe\"><\/iframe><\/div>\n<div class=\"item\" style=\"text-align:center;font-weight:bold;\">Casa Jardin Tropical 2<br><iframe id=\"cjt2\" src=\"\/mystuff\/calendar.php?alias=casa%20jardin%20tropical%202\" class=\"calframe\"><\/iframe><\/div>\n<\/div>\n\n\n\n<\/DIV>\n\n\n\n<p><br><span lang=\"de\" tabindex=\"0\">Wir verwenden Cubilis, um unsere Reservierungen zu verwalten. <a href=\"https:\/\/reservations.cubilis.eu\/4207?Language=de-DE\" target=\"_blank\" rel=\"noreferrer noopener\">Reservieren Sie Ihr Zimmer hier<\/a> f\u00fcr Sombre di Kabana (wird in einem neuen Fenster ge\u00f6ffnet).<\/span><\/p>\n\n\n\n<p><\/p>\n\n\n\n<figure class=\"wp-block-image\"><img loading=\"lazy\" decoding=\"async\" width=\"917\" height=\"585\" src=\"https:\/\/sombredikabana.com\/wp-content\/uploads\/2018\/07\/bnb-op-curacao-reserveren.png\" alt=\"bnb-op-curacao-reserveren\" class=\"wp-image-712\" srcset=\"https:\/\/sombredikabana.com\/wp-content\/uploads\/2018\/07\/bnb-op-curacao-reserveren.png 917w, https:\/\/sombredikabana.com\/wp-content\/uploads\/2018\/07\/bnb-op-curacao-reserveren-300x191.png 300w, https:\/\/sombredikabana.com\/wp-content\/uploads\/2018\/07\/bnb-op-curacao-reserveren-768x490.png 768w\" sizes=\"(max-width: 917px) 100vw, 917px\" \/><\/figure>\n\n\n\n<p><span lang=\"de\" tabindex=\"0\">\u00dcberpr\u00fcfen Sie auf dieser Website, ob die Casa Ihrer Wahl noch verf\u00fcgbar ist, und buchen Sie direkt. Ist kein Platz mehr vorhanden? Um sicher zu gehen, senden Sie eine E-Mail an info@sombredikabana.com. Vielleicht gibt es noch etwas zu arrangieren.<\/span><\/p>\n\n\n\n<p><\/p>\n\n\n\n<p> Klicken Sie <a href=\"https:\/\/sombredikabana.com\/files\/GeneralTemsAndContitions.pdf\">hier<\/a>, um einen Link zu unseren Allgemeinen Gesch\u00e4ftsbedingungen zu erhalten.<\/p>\n\n\n\n<p><\/p>\n\n\n\n<script type=\"text\/javascript\" src=\"https:\/\/static.cubilis.eu\/js\/ratebox.bundle.js\"><\/script>\n<script type=\"text\/javascript\">\n    var rb = new Ratebox({\n      IBEUrl: 'b-and-b-sombre-di-kabana-willemstad',\n      key: '77A85C38-82E7-4F7C-84EE-D2332F6B4A2F',\n      locale: 'en'\n    });\n<\/script>","protected":false},"excerpt":{"rendered":"<p>Wir k\u00f6nnen das ganze Jahr \u00fcber drei verschiedene Zimmer reservieren. Es ist ein kleines Mini-Resort mit viel Ruhe und Privatsph\u00e4re. Eine wunderbare Unterkunft, in der Sie sich entspannen k\u00f6nnen. \u00dcberpr\u00fcfen Sie hierunter, ob die Casa Ihrer Wahl noch verf\u00fcgbar ist. Casa Piscina Casa Jardin Tropical 1 Casa Jardin Tropical 2 Wir verwenden Cubilis, um unsere [&hellip;]<\/p>\n","protected":false},"author":4,"featured_media":0,"parent":0,"menu_order":0,"comment_status":"closed","ping_status":"closed","template":"page-templates\/page_fullwidth.php","meta":{"_monsterinsights_skip_tracking":false,"_monsterinsights_sitenote_active":false,"_monsterinsights_sitenote_note":"","_monsterinsights_sitenote_category":0,"_uf_show_specific_survey":0,"_uf_disable_surveys":false,"footnotes":""},"class_list":["post-122","page","type-page","status-publish","hentry"],"aioseo_notices":[],"yoast_head":"<!-- This site is optimized with the Yoast SEO plugin v23.8 - https:\/\/yoast.com\/wordpress\/plugins\/seo\/ -->\n<title>Reservieren | B&amp;B Sombr\u00e9 di Kabana<\/title>\n<meta name=\"description\" content=\"(Nederlands) Er zijn bij ons het hele jaar rond drie kamers te reserveren. Bekijk op deze pagina onze prijzen voor de Casa Jardin Tropical en Casa Piscina.\" \/>\n<meta name=\"robots\" content=\"index, follow, max-snippet:-1, max-image-preview:large, max-video-preview:-1\" \/>\n<link rel=\"canonical\" href=\"https:\/\/sombredikabana.com\/de\/reserveer-bnb-op-curacao\/\" \/>\n<meta property=\"og:locale\" content=\"de_DE\" \/>\n<meta property=\"og:type\" content=\"article\" \/>\n<meta property=\"og:title\" content=\"Reservieren | B&amp;B Sombr\u00e9 di Kabana\" \/>\n<meta property=\"og:description\" content=\"(Nederlands) Er zijn bij ons het hele jaar rond drie kamers te reserveren. Bekijk op deze pagina onze prijzen voor de Casa Jardin Tropical en Casa Piscina.\" \/>\n<meta property=\"og:url\" content=\"https:\/\/sombredikabana.com\/de\/reserveer-bnb-op-curacao\/\" \/>\n<meta property=\"og:site_name\" content=\"B&amp;B Sombr\u00e9 di Kabana\" \/>\n<meta property=\"article:publisher\" content=\"https:\/\/www.facebook.com\/bnbsombredikabana\/\" \/>\n<meta property=\"article:modified_time\" content=\"2022-09-12T14:50:33+00:00\" \/>\n<meta property=\"og:image\" content=\"https:\/\/sombredikabana.com\/wp-content\/uploads\/2018\/07\/bnb-op-curacao-reserveren.png\" \/>\n<meta name=\"twitter:card\" content=\"summary_large_image\" \/>\n<meta name=\"twitter:label1\" content=\"Gesch\u00e4tzte Lesezeit\" \/>\n\t<meta name=\"twitter:data1\" content=\"2\u00a0Minuten\" \/>\n<script type=\"application\/ld+json\" class=\"yoast-schema-graph\">{\"@context\":\"https:\/\/schema.org\",\"@graph\":[{\"@type\":\"WebPage\",\"@id\":\"https:\/\/sombredikabana.com\/de\/reserveer-bnb-op-curacao\/\",\"url\":\"https:\/\/sombredikabana.com\/de\/reserveer-bnb-op-curacao\/\",\"name\":\"Reservieren | B&amp;B Sombr\u00e9 di Kabana\",\"isPartOf\":{\"@id\":\"https:\/\/sombredikabana.com\/de\/#website\"},\"primaryImageOfPage\":{\"@id\":\"https:\/\/sombredikabana.com\/de\/reserveer-bnb-op-curacao\/#primaryimage\"},\"image\":{\"@id\":\"https:\/\/sombredikabana.com\/reserveer-bnb-op-curacao\/#primaryimage\"},\"thumbnailUrl\":\"https:\/\/sombredikabana.com\/wp-content\/uploads\/2018\/07\/bnb-op-curacao-reserveren.png\",\"datePublished\":\"2017-10-19T19:15:38+00:00\",\"dateModified\":\"2022-09-12T14:50:33+00:00\",\"description\":\"(Nederlands) Er zijn bij ons het hele jaar rond drie kamers te reserveren. Bekijk op deze pagina onze prijzen voor de Casa Jardin Tropical en Casa Piscina.\",\"breadcrumb\":{\"@id\":\"https:\/\/sombredikabana.com\/de\/reserveer-bnb-op-curacao\/#breadcrumb\"},\"inLanguage\":\"de\",\"potentialAction\":[{\"@type\":\"ReadAction\",\"target\":[[\"https:\/\/sombredikabana.com\/de\/reserveer-bnb-op-curacao\/\"]]}]},{\"@type\":\"ImageObject\",\"inLanguage\":\"de\",\"@id\":\"https:\/\/sombredikabana.com\/de\/reserveer-bnb-op-curacao\/#primaryimage\",\"url\":\"https:\/\/sombredikabana.com\/wp-content\/uploads\/2018\/07\/bnb-op-curacao-reserveren.png\",\"contentUrl\":\"https:\/\/sombredikabana.com\/wp-content\/uploads\/2018\/07\/bnb-op-curacao-reserveren.png\"},{\"@type\":\"BreadcrumbList\",\"@id\":\"https:\/\/sombredikabana.com\/de\/reserveer-bnb-op-curacao\/#breadcrumb\",\"itemListElement\":[{\"@type\":\"ListItem\",\"position\":1,\"name\":\"Home\",\"item\":\"https:\/\/sombredikabana.com\/de\/\"},{\"@type\":\"ListItem\",\"position\":2,\"name\":\"Reserveer hier uw B&#038;B verblijf\"}]},{\"@type\":\"WebSite\",\"@id\":\"https:\/\/sombredikabana.com\/de\/#website\",\"url\":\"https:\/\/sombredikabana.com\/de\/\",\"name\":\"B &amp; B Sombre di Kabana\",\"description\":\"\",\"publisher\":{\"@id\":\"https:\/\/sombredikabana.com\/de\/#organization\"},\"potentialAction\":[{\"@type\":\"SearchAction\",\"target\":{\"@type\":\"EntryPoint\",\"urlTemplate\":\"https:\/\/sombredikabana.com\/de\/?s={search_term_string}\"},\"query-input\":{\"@type\":\"PropertyValueSpecification\",\"valueRequired\":true,\"valueName\":\"search_term_string\"}}],\"inLanguage\":\"de\"},{\"@type\":\"Organization\",\"@id\":\"https:\/\/sombredikabana.com\/de\/#organization\",\"name\":\"Sombre di Kabana\",\"url\":\"https:\/\/sombredikabana.com\/de\/\",\"logo\":{\"@type\":\"ImageObject\",\"inLanguage\":\"de\",\"@id\":\"https:\/\/sombredikabana.com\/de\/#\/schema\/logo\/image\/\",\"url\":\"https:\/\/sombredikabana.com\/wp-content\/uploads\/2019\/07\/logo_sdk_v5.png\",\"contentUrl\":\"https:\/\/sombredikabana.com\/wp-content\/uploads\/2019\/07\/logo_sdk_v5.png\",\"width\":649,\"height\":376,\"caption\":\"Sombre di Kabana\"},\"image\":{\"@id\":\"https:\/\/sombredikabana.com\/de\/#\/schema\/logo\/image\/\"},\"sameAs\":[\"https:\/\/www.facebook.com\/bnbsombredikabana\/\"]}]}<\/script>\n<!-- \/ Yoast SEO plugin. -->","yoast_head_json":{"title":"Reservieren | B&amp;B Sombr\u00e9 di Kabana","description":"(Nederlands) Er zijn bij ons het hele jaar rond drie kamers te reserveren. Bekijk op deze pagina onze prijzen voor de Casa Jardin Tropical en Casa Piscina.","robots":{"index":"index","follow":"follow","max-snippet":"max-snippet:-1","max-image-preview":"max-image-preview:large","max-video-preview":"max-video-preview:-1"},"canonical":"https:\/\/sombredikabana.com\/de\/reserveer-bnb-op-curacao\/","og_locale":"de_DE","og_type":"article","og_title":"Reservieren | B&amp;B Sombr\u00e9 di Kabana","og_description":"(Nederlands) Er zijn bij ons het hele jaar rond drie kamers te reserveren. Bekijk op deze pagina onze prijzen voor de Casa Jardin Tropical en Casa Piscina.","og_url":"https:\/\/sombredikabana.com\/de\/reserveer-bnb-op-curacao\/","og_site_name":"B&amp;B Sombr\u00e9 di Kabana","article_publisher":"https:\/\/www.facebook.com\/bnbsombredikabana\/","article_modified_time":"2022-09-12T14:50:33+00:00","og_image":[{"url":"https:\/\/sombredikabana.com\/wp-content\/uploads\/2018\/07\/bnb-op-curacao-reserveren.png"}],"twitter_card":"summary_large_image","twitter_misc":{"Gesch\u00e4tzte Lesezeit":"2\u00a0Minuten"},"schema":{"@context":"https:\/\/schema.org","@graph":[{"@type":"WebPage","@id":"https:\/\/sombredikabana.com\/de\/reserveer-bnb-op-curacao\/","url":"https:\/\/sombredikabana.com\/de\/reserveer-bnb-op-curacao\/","name":"Reservieren | B&amp;B Sombr\u00e9 di Kabana","isPartOf":{"@id":"https:\/\/sombredikabana.com\/de\/#website"},"primaryImageOfPage":{"@id":"https:\/\/sombredikabana.com\/de\/reserveer-bnb-op-curacao\/#primaryimage"},"image":{"@id":"https:\/\/sombredikabana.com\/reserveer-bnb-op-curacao\/#primaryimage"},"thumbnailUrl":"https:\/\/sombredikabana.com\/wp-content\/uploads\/2018\/07\/bnb-op-curacao-reserveren.png","datePublished":"2017-10-19T19:15:38+00:00","dateModified":"2022-09-12T14:50:33+00:00","description":"(Nederlands) Er zijn bij ons het hele jaar rond drie kamers te reserveren. Bekijk op deze pagina onze prijzen voor de Casa Jardin Tropical en Casa Piscina.","breadcrumb":{"@id":"https:\/\/sombredikabana.com\/de\/reserveer-bnb-op-curacao\/#breadcrumb"},"inLanguage":"de","potentialAction":[{"@type":"ReadAction","target":[["https:\/\/sombredikabana.com\/de\/reserveer-bnb-op-curacao\/"]]}]},{"@type":"ImageObject","inLanguage":"de","@id":"https:\/\/sombredikabana.com\/de\/reserveer-bnb-op-curacao\/#primaryimage","url":"https:\/\/sombredikabana.com\/wp-content\/uploads\/2018\/07\/bnb-op-curacao-reserveren.png","contentUrl":"https:\/\/sombredikabana.com\/wp-content\/uploads\/2018\/07\/bnb-op-curacao-reserveren.png"},{"@type":"BreadcrumbList","@id":"https:\/\/sombredikabana.com\/de\/reserveer-bnb-op-curacao\/#breadcrumb","itemListElement":[{"@type":"ListItem","position":1,"name":"Home","item":"https:\/\/sombredikabana.com\/de\/"},{"@type":"ListItem","position":2,"name":"Reserveer hier uw B&#038;B verblijf"}]},{"@type":"WebSite","@id":"https:\/\/sombredikabana.com\/de\/#website","url":"https:\/\/sombredikabana.com\/de\/","name":"B &amp; B Sombre di Kabana","description":"","publisher":{"@id":"https:\/\/sombredikabana.com\/de\/#organization"},"potentialAction":[{"@type":"SearchAction","target":{"@type":"EntryPoint","urlTemplate":"https:\/\/sombredikabana.com\/de\/?s={search_term_string}"},"query-input":{"@type":"PropertyValueSpecification","valueRequired":true,"valueName":"search_term_string"}}],"inLanguage":"de"},{"@type":"Organization","@id":"https:\/\/sombredikabana.com\/de\/#organization","name":"Sombre di Kabana","url":"https:\/\/sombredikabana.com\/de\/","logo":{"@type":"ImageObject","inLanguage":"de","@id":"https:\/\/sombredikabana.com\/de\/#\/schema\/logo\/image\/","url":"https:\/\/sombredikabana.com\/wp-content\/uploads\/2019\/07\/logo_sdk_v5.png","contentUrl":"https:\/\/sombredikabana.com\/wp-content\/uploads\/2019\/07\/logo_sdk_v5.png","width":649,"height":376,"caption":"Sombre di Kabana"},"image":{"@id":"https:\/\/sombredikabana.com\/de\/#\/schema\/logo\/image\/"},"sameAs":["https:\/\/www.facebook.com\/bnbsombredikabana\/"]}]}},"_links":{"self":[{"href":"https:\/\/sombredikabana.com\/de\/wp-json\/wp\/v2\/pages\/122"}],"collection":[{"href":"https:\/\/sombredikabana.com\/de\/wp-json\/wp\/v2\/pages"}],"about":[{"href":"https:\/\/sombredikabana.com\/de\/wp-json\/wp\/v2\/types\/page"}],"author":[{"embeddable":true,"href":"https:\/\/sombredikabana.com\/de\/wp-json\/wp\/v2\/users\/4"}],"replies":[{"embeddable":true,"href":"https:\/\/sombredikabana.com\/de\/wp-json\/wp\/v2\/comments?post=122"}],"version-history":[{"count":178,"href":"https:\/\/sombredikabana.com\/de\/wp-json\/wp\/v2\/pages\/122\/revisions"}],"predecessor-version":[{"id":1992,"href":"https:\/\/sombredikabana.com\/de\/wp-json\/wp\/v2\/pages\/122\/revisions\/1992"}],"wp:attachment":[{"href":"https:\/\/sombredikabana.com\/de\/wp-json\/wp\/v2\/media?parent=122"}],"curies":[{"name":"wp","href":"https:\/\/api.w.org\/{rel}","templated":true}]}}