{"id":119,"date":"2019-05-14T15:14:51","date_gmt":"2019-05-14T15:14:51","guid":{"rendered":"http:\/\/nieuw.sombredikabana.com\/?page_id=119"},"modified":"2025-12-21T15:34:35","modified_gmt":"2025-12-21T19:34:35","slug":"wat-kost-onze-bed-en-breakfast-op-curacao","status":"publish","type":"page","link":"https:\/\/sombredikabana.com\/de\/preise-unserer-curacao-bnb\/","title":{"rendered":"Preise"},"content":{"rendered":"<table class=\"wp-block-table\">\r\n<tbody>\r\n<tr>\r\n        <th rowspan=\"2\">Apartement\r\n        <\/th><th colspan=\"2\">Preise pro Nacht<\/th>\r\n        <th rowspan=\"2\">Ahnzahl der Personen<\/th>\r\n<\/tr>\r\n\r\n<tr>\r\n        <th>Nebensaison<br><span style=\"font-size:10px;\">Mei Jun Sep Oct Nov<\/span><\/th>\r\n        <th style=\"display:none;\">Zwischensaison<br><span style=\"font-size:10px;\">01-Oct bis 30-Nov<\/span><\/th>\r\n        <th>Hochsaison<br><span style=\"font-size:10px;\">Dez Jan Feb Mar Apr Jul Aug<\/span><\/th>\r\n<\/tr>\r\n\r\n\r\n<tr>\r\n        <td><a href=\"https:\/\/sombredikabana.com\/luxe-overnachten-op-curacao-met-zwembad#casa-jardin-tropical-1\">Casa Jard\u00edn Tropical 1<\/a><\/td>\r\n        <td> $<span id=\"cjt1_usd_ls\">85<\/span> \/ \u20ac<span id=\"cjt1_eur_ls\">85<\/span><\/td>\r\n        <td style=\"display:none;\"> $<span id=\"cjt1_usd_ms\">95<\/span> \/ \u20ac<span id=\"cjt1_eur_ms\">95<\/span><\/td>\r\n        <td> $<span id=\"cjt1_usd_hs\">95<\/span> \/ \u20ac<span id=\"cjt1_eur_hs\">95<\/span><\/td>\r\n        <td>2<\/td>\r\n<\/tr>\r\n<tr>\r\n        <td><a href=\"https:\/\/sombredikabana.com\/luxe-overnachten-op-curacao-met-zwembad#casa-jardin-tropical-2\">Casa Jard\u00edn Tropical 2<\/a><\/td>\r\n        <td> $<span id=\"cjt2_usd_ls\">85<\/span> \/ \u20ac<span id=\"cjt2_eur_ls\">85<\/span><\/td>\r\n        <td style=\"display:none;\"> $<span id=\"cjt2_usd_ms\">95<\/span> \/ \u20ac<span id=\"cjt2_eur_ms\">95<\/span><\/td>\r\n        <td> $<span id=\"cjt2_usd_hs\">95<\/span> \/ \u20ac<span id=\"cjt2_eur_hs\">95<\/span><\/td>\r\n        <td>2<\/td>\r\n<\/tr>\r\n<tr>\r\n        <td rowspan=2><a href=\"https:\/\/sombredikabana.com\/luxe-overnachten-op-curacao-met-zwembad#casa-piscina\">Casa Piscina<\/a><\/td>\r\n        <td> $<span id=\"cp_usd_ls\">125<\/span> \/ \u20ac<span id=\"cp_eur_ls\">124<\/span><\/td>\r\n        <td style=\"display:none;\"> $<span id=\"cp_usd_ms\">124<\/span> \/ \u20ac<span id=\"cp_eur_ms\">124<\/span><\/td>\r\n        <td> $<span id=\"cp_usd_hs\">135<\/span> \/ \u20ac<span id=\"cp_eur_hs\">135<\/span><\/td>\r\n        <td>3-4<\/td>\r\n<\/tr>\r\n<tr>\r\n        <td> $<span id=\"cp2_usd_ls\">95<\/span> \/ \u20ac<span id=\"cp2_eur_ls\">95<\/span><\/td>\r\n        <td style=\"display:none;\"> $<span id=\"cp_usd_ms\">125<\/span> \/ \u20ac<span id=\"cp_eur_ms\">125<\/span><\/td>\r\n        <td> $<span id=\"cp2_usd_hs\">105<\/span> \/ \u20ac<span id=\"cp2_eur_hs\">105<\/span><\/td>\r\n        <td>2<\/td>\r\n<\/tr>\r\n<\/tbody>\r\n<\/table>\r\n\r\n\r\n<div><span style=\"color:#0000ff\">\ud83d\udec8<\/span> Aktueller Wechselkurs USD -&gt; EUR (1 : <span id=\"x_eur_rate\">1<\/span>)\r\n<p style=\"font-size:x-small;\"><br>Die Preise sind Richtlinien, es k\u00f6nnen keine Bedingungen festgelegt werden<\/p>\r\n<\/div>\r\n\r\n<script>\r\nfunction myFunc(myObj) {\r\n        \/\/ base is USD, so to calculate the euro price, take the usd price and multiply with the EUR rate\r\n        var eur_rate = myObj.rates.EUR;\r\n        var multiplier = 1.05;\r\n\r\n        cjt1_usd_ls=document.getElementById(\"cjt1_usd_ls\").innerHTML;\r\n        var cjt1_eur_ls=cjt1_usd_ls * eur_rate * multiplier;\r\n        document.getElementById(\"cjt1_eur_ls\").innerHTML = cjt1_eur_ls.toFixed(2);\r\n        var cjt2_usd_ls=document.getElementById(\"cjt2_usd_ls\").innerHTML;\r\n        var cjt2_eur_ls=cjt2_usd_ls * eur_rate * multiplier;\r\n        document.getElementById(\"cjt2_eur_ls\").innerHTML = cjt2_eur_ls.toFixed(2);\r\n        var cp_usd_ls=document.getElementById(\"cp_usd_ls\").innerHTML;\r\n        var cp_eur_ls=cp_usd_ls * eur_rate * multiplier;\r\n        document.getElementById(\"cp_eur_ls\").innerHTML = cp_eur_ls.toFixed(2);\r\n        var cp2_usd_ls=document.getElementById(\"cp2_usd_ls\").innerHTML;\r\n        var cp2_eur_ls=cp2_usd_ls * eur_rate * multiplier;\r\n        document.getElementById(\"cp2_eur_ls\").innerHTML = cp2_eur_ls.toFixed(2);\r\n\r\n        var cjt1_usd_ms=document.getElementById(\"cjt1_usd_ms\").innerHTML;\r\n        var cjt1_eur_ms=cjt1_usd_ms * eur_rate * multiplier;\r\n        document.getElementById(\"cjt1_eur_ms\").innerHTML = cjt1_eur_ms.toFixed(2);\r\n        var cjt2_usd_ms=document.getElementById(\"cjt2_usd_ms\").innerHTML;\r\n        var cjt2_eur_ms=cjt2_usd_ms * eur_rate * multiplier;\r\n        document.getElementById(\"cjt2_eur_ms\").innerHTML = cjt2_eur_ms.toFixed(2);\r\n        var cp_usd_ms=document.getElementById(\"cp_usd_ms\").innerHTML;\r\n        var cp_eur_ms=cp_usd_ms * eur_rate * multiplier;\r\n        document.getElementById(\"cp_eur_ms\").innerHTML = cp_eur_ms.toFixed(2);\r\n\r\n        var cjt1_usd_hs=document.getElementById(\"cjt1_usd_hs\").innerHTML;\r\n        var cjt1_eur_hs=cjt1_usd_hs * eur_rate * multiplier;\r\n        document.getElementById(\"cjt1_eur_hs\").innerHTML = cjt1_eur_hs.toFixed(2);\r\n        var cjt2_usd_hs=document.getElementById(\"cjt2_usd_hs\").innerHTML;\r\n        var cjt2_eur_hs=cjt2_usd_hs * eur_rate * multiplier;\r\n        document.getElementById(\"cjt2_eur_hs\").innerHTML = cjt2_eur_hs.toFixed(2);\r\n        var cp_usd_hs=document.getElementById(\"cp_usd_hs\").innerHTML;\r\n        var cp_eur_hs=cp_usd_hs * eur_rate * multiplier;\r\n        document.getElementById(\"cp_eur_hs\").innerHTML = cp_eur_hs.toFixed(2);\r\n        var cp2_usd_hs=document.getElementById(\"cp2_usd_hs\").innerHTML;\r\n        var cp2_eur_hs=cp2_usd_hs * eur_rate * multiplier;\r\n        document.getElementById(\"cp2_eur_hs\").innerHTML = cp2_eur_hs.toFixed(2);\r\n\r\n        document.getElementById(\"x_eur_rate\").innerHTML = eur_rate.toFixed(2);\r\n}\r\n\r\n<\/script>\r\n<script language=\"javascript\" src=\"https:\/\/sombredikabana.com\/get_currency_latest.php?callback=myFunc\"><\/script>\r\n\r\n\r\n\r\n<p>Die Zimmerpreise beinhalten den Strom- und Wasserverbrauch, aber exklusiv Fr\u00fcst\u00fcck, Klimaanlage und \u20ac 65 Endreinigung (\u20ac90 f\u00fcr Casa Piscina) sowie eine Kaution in H\u00f6he von \u20ac100.<\/p>\r\n\r\n\r\n\r\n<p>F\u00fcr Casa Piscina ist ein Babybett f\u00fcr Kinder bis 2 Jahre kostenlos, ab 2 Jahren berechnen wir \u20ac22 extra f\u00fcr ein Zustellbett.<\/p>\r\n\r\n\r\n\r\n<p><\/p>\r\n\r\n\r\n<style type=\"text\/css\" scoped>\r\n.ape-gallery-loading {\r\n  \ttext-align: center;\r\n\twidth: 100%;\r\n\tmargin: 0;\r\n\tpadding: 0;\r\n\tmargin-bottom: -25px;\r\n    position: relative;\r\n    z-index: 2;\r\n}\r\n.ape-gallery-loading-bar {\r\n  display: inline-block;\r\n  width: 4px;\r\n  height: 18px;\r\n  border-radius: 4px;\r\n  animation:  ape-gallery-loading 1s ease-in-out infinite;\r\n}\r\n.ape-gallery-loading-bar:nth-child(1) {\r\n  background-color: #3498db;\r\n  animation-delay: 0;\r\n}\r\n.ape-gallery-loading-bar:nth-child(2) {\r\n  background-color: #c0392b;\r\n  animation-delay: 0.09s;\r\n}\r\n.ape-gallery-loading-bar:nth-child(3) {\r\n  background-color: #f1c40f;\r\n  animation-delay: .18s;\r\n}\r\n.ape-gallery-loading-bar:nth-child(4) {\r\n  background-color: #27ae60;\r\n  animation-delay: .27s;\r\n}\r\n@keyframes ape-gallery-loading{\r\n  0%{ transform: scale(1); }\r\n  20%{ transform: scale(1, 2.2); }\r\n  40%{ transform: scale(1); }\r\n}\t\t<\/style><div id=\"loader_wpape_slider_1310\" class=\"ape-gallery-loading\"><div class=\"ape-gallery-loading-bar\"><\/div><div class=\"ape-gallery-loading-bar\"><\/div><div class=\"ape-gallery-loading-bar\"><\/div><div class=\"ape-gallery-loading-bar\"><\/div><\/div><div id=\"wpape_slider_69d55310aff25\" style=\"display: none;\" class=\"wpape-slider-container swiper-container\" ><div id=\"wpape_slider_1310\" data-options=\"wpape_slider_1310\" class=\"wpape-slider-wpape_slider_1310 swiper-wrapper\"><div class=\"swiper-slide  swiper-lazy\" style=\"background-image:url(https:\/\/sombredikabana.com\/wp-content\/uploads\/2019\/07\/39A6725_cropped-768x660.jpg)\"><div class=\"swiper-slide-desc\">pool<\/div><div class=\"swiper-lazy-preloader swiper-lazy-preloader-white\"><\/div><\/div><div class=\"swiper-slide  swiper-lazy\" style=\"background-image:url(https:\/\/sombredikabana.com\/wp-content\/uploads\/2019\/07\/39A6737_smaller-768x512.jpg)\"><div class=\"swiper-slide-desc\">Pool<\/div><div class=\"swiper-lazy-preloader swiper-lazy-preloader-white\"><\/div><\/div><div class=\"swiper-slide  swiper-lazy\" style=\"background-image:url(https:\/\/sombredikabana.com\/wp-content\/uploads\/2019\/07\/39A6744_smaller-768x512.jpg)\"><div class=\"swiper-slide-desc\">Porch (common area)<\/div><div class=\"swiper-lazy-preloader swiper-lazy-preloader-white\"><\/div><\/div><div class=\"swiper-slide  swiper-lazy\" style=\"background-image:url(https:\/\/sombredikabana.com\/wp-content\/uploads\/2019\/07\/39A6749_smaller-768x512.jpg)\"><div class=\"swiper-slide-desc\">Garden<\/div><div class=\"swiper-lazy-preloader swiper-lazy-preloader-white\"><\/div><\/div><div class=\"swiper-slide  swiper-lazy\" style=\"background-image:url(https:\/\/sombredikabana.com\/wp-content\/uploads\/2019\/07\/39A6755_smaller-768x512.jpg)\"><div class=\"swiper-slide-desc\">Garden<\/div><div class=\"swiper-lazy-preloader swiper-lazy-preloader-white\"><\/div><\/div><div class=\"swiper-slide  swiper-lazy\" style=\"background-image:url(https:\/\/sombredikabana.com\/wp-content\/uploads\/2019\/07\/39A6759_smaller-768x512.jpg)\"><div class=\"swiper-slide-desc\">Front of Casa Tropical Jardin 1 &#038; 2<\/div><div class=\"swiper-lazy-preloader swiper-lazy-preloader-white\"><\/div><\/div><div class=\"swiper-slide  swiper-lazy\" style=\"background-image:url(https:\/\/sombredikabana.com\/wp-content\/uploads\/2019\/07\/39A6760_smaller-768x512.jpg)\"><div class=\"swiper-slide-desc\">Front of Casa Tropical Jardin 1 &#038; 2<\/div><div class=\"swiper-lazy-preloader swiper-lazy-preloader-white\"><\/div><\/div><div class=\"swiper-slide  swiper-lazy\" style=\"background-image:url(https:\/\/sombredikabana.com\/wp-content\/uploads\/2019\/07\/39A6761_smaller-768x512.jpg)\"><div class=\"swiper-slide-desc\">Front of Casa Tropical Jardin  2<\/div><div class=\"swiper-lazy-preloader swiper-lazy-preloader-white\"><\/div><\/div><div class=\"swiper-slide  swiper-lazy\" style=\"background-image:url(https:\/\/sombredikabana.com\/wp-content\/uploads\/2019\/07\/39A6763_smaller-768x512.jpg)\"><div class=\"swiper-slide-desc\">Front Casa Tropical Jardin 1<\/div><div class=\"swiper-lazy-preloader swiper-lazy-preloader-white\"><\/div><\/div><div class=\"swiper-slide  swiper-lazy\" style=\"background-image:url(https:\/\/sombredikabana.com\/wp-content\/uploads\/2019\/07\/39A6766_smaller-768x512.jpg)\"><div class=\"swiper-slide-desc\">View from Casa Tropical Jardin 2<\/div><div class=\"swiper-lazy-preloader swiper-lazy-preloader-white\"><\/div><\/div><div class=\"swiper-slide  swiper-lazy\" style=\"background-image:url(https:\/\/sombredikabana.com\/wp-content\/uploads\/2019\/07\/39A6769_smaller-768x512.jpg)\"><div class=\"swiper-slide-desc\">Front Casa Tropical Jardin 1<\/div><div class=\"swiper-lazy-preloader swiper-lazy-preloader-white\"><\/div><\/div><div class=\"swiper-slide  swiper-lazy\" style=\"background-image:url(https:\/\/sombredikabana.com\/wp-content\/uploads\/2019\/07\/pool-100-1-768x593.jpg)\"><div class=\"swiper-slide-desc\">pool<\/div><div class=\"swiper-lazy-preloader swiper-lazy-preloader-white\"><\/div><\/div><div class=\"swiper-slide  swiper-lazy\" style=\"background-image:url(https:\/\/sombredikabana.com\/wp-content\/uploads\/2019\/07\/39A6816_small-768x512.jpg)\"><div class=\"swiper-slide-desc\">View from the porch<\/div><div class=\"swiper-lazy-preloader swiper-lazy-preloader-white\"><\/div><\/div><div class=\"swiper-slide  swiper-lazy\" style=\"background-image:url(https:\/\/sombredikabana.com\/wp-content\/uploads\/2019\/07\/39A6775_cropped-768x734.jpg)\"><div class=\"swiper-slide-desc\">Garden<\/div><div class=\"swiper-lazy-preloader swiper-lazy-preloader-white\"><\/div><\/div><div class=\"swiper-slide  swiper-lazy\" style=\"background-image:url(https:\/\/sombredikabana.com\/wp-content\/uploads\/2019\/07\/39A6772_smaller-768x512.jpg)\"><div class=\"swiper-slide-desc\">Garden<\/div><div class=\"swiper-lazy-preloader swiper-lazy-preloader-white\"><\/div><\/div><div class=\"swiper-slide  swiper-lazy\" style=\"background-image:url(https:\/\/sombredikabana.com\/wp-content\/uploads\/2019\/07\/39A6747-768x512.jpg)\"><div class=\"swiper-slide-desc\">Common Area<\/div><div class=\"swiper-lazy-preloader swiper-lazy-preloader-white\"><\/div><\/div><div class=\"swiper-slide  swiper-lazy\" style=\"background-image:url(https:\/\/sombredikabana.com\/wp-content\/uploads\/2019\/07\/logo_sdk_v5.png)\"><div class=\"swiper-slide-desc\">logo<\/div><div class=\"swiper-lazy-preloader swiper-lazy-preloader-white\"><\/div><\/div><div class=\"swiper-slide  swiper-lazy\" style=\"background-image:url(https:\/\/sombredikabana.com\/wp-content\/uploads\/2019\/07\/20190720_120211-768x576.jpg)\"><div class=\"swiper-lazy-preloader swiper-lazy-preloader-white\"><\/div><\/div><div class=\"swiper-slide  swiper-lazy\" style=\"background-image:url(https:\/\/sombredikabana.com\/wp-content\/uploads\/2019\/07\/IMG-20190720-WA0001-768x432.jpg)\"><div class=\"swiper-slide-desc\">airport HATO<\/div><div class=\"swiper-lazy-preloader swiper-lazy-preloader-white\"><\/div><\/div><\/div><div class=\"swiper-button-prev\"><\/div><div class=\"swiper-button-next\"><\/div><div class=\"swiper-scrollbar\"><\/div><div class=\"swiper-pagination\"><\/div><\/div><script>var wpape_slider_69d55310aff25 = {\"autoplay\": {\"delay\":7000,\"disableOnInteraction\":false}, \"loop\": true, \"centeredSlides\": true, \"navigation\": {\"nextEl\":\".swiper-button-next\",\"prevEl\":\".swiper-button-prev\"}, \"scrollbar\": {\"el\":\".swiper-scrollbar\",\"draggable\":true}, \"pagination\": {\"el\":\".swiper-pagination\",\"type\":\"bullets\",\"clickable\":true,\"dynamicBullets\":true}, \"direction\": \"horizontal\", \"effect\": \"slide\", \"preloadImages\": false, \"lazy\": true};<\/script>\r\n\r\n\r\n<p><\/p>\r\n\r\n\r\n\r\n<h2 class=\"wp-block-heading\"><strong>M\u00f6chten Sie bei uns Ihr Fr\u00fchst\u00fcck einnehmen?<\/strong><\/h2>\r\n\r\n\r\n\r\n<p>Nat\u00fcrlich ist das m\u00f6glich. Wir w\u00fcrden uns freuen, Sie bei unserem Buffet begr\u00fcssen zu d\u00fcrfen. Der Preis f\u00fcr das Buffet betr\u00e4gt \u20ac18 pro Person und Tag. Kinder zu 2 Jahre fr\u00fchst\u00fccken gratis, sofern deren Eltern vom Buffet Gebrauch machen. Wir servieren das Fr\u00fchst\u00fcck auf Ihrer privaten Terrasse oder im Gemeinschaftsbereich. Alle Preise dieser Seite sind exclusiv 7% Touristensteuer.<\/p>\r\n\r\n\r\n\r\n<p>Wenn Sie weitere Fragen haben, <a href=\"\/contact\">z\u00f6gern Sie bitte nicht uns zu kontaktieren.<\/a><\/p>\r\n\r\n\r\n\r\n<p><\/p>","protected":false},"excerpt":{"rendered":"<p>Apartement Preise pro Nacht Ahnzahl der Personen NebensaisonMei Jun Sep Oct Nov Zwischensaison01-Oct bis 30-Nov HochsaisonDez Jan Feb Mar Apr Jul Aug Casa Jard\u00edn Tropical 1 $85 \/ \u20ac85 $95 \/ \u20ac95 $95 \/ \u20ac95 2 Casa Jard\u00edn Tropical 2 $85 \/ \u20ac85 $95 \/ \u20ac95 $95 \/ \u20ac95 2 Casa Piscina $125 \/ \u20ac124 [&hellip;]<\/p>\n","protected":false},"author":4,"featured_media":0,"parent":0,"menu_order":0,"comment_status":"closed","ping_status":"closed","template":"page-templates\/page_fullwidth.php","meta":{"_monsterinsights_skip_tracking":false,"_monsterinsights_sitenote_active":false,"_monsterinsights_sitenote_note":"","_monsterinsights_sitenote_category":0,"_uf_show_specific_survey":0,"_uf_disable_surveys":false,"footnotes":""},"class_list":["post-119","page","type-page","status-publish","hentry"],"aioseo_notices":[],"yoast_head":"<!-- This site is optimized with the Yoast SEO plugin v23.8 - https:\/\/yoast.com\/wordpress\/plugins\/seo\/ -->\n<title>Preise | B&amp;B Sombr\u00e9 di Kabana<\/title>\n<meta name=\"description\" content=\"Preise\" \/>\n<meta name=\"robots\" content=\"index, follow, max-snippet:-1, max-image-preview:large, max-video-preview:-1\" \/>\n<link rel=\"canonical\" href=\"https:\/\/sombredikabana.com\/de\/wat-kost-onze-bed-en-breakfast-op-curacao\/\" \/>\n<meta property=\"og:locale\" content=\"de_DE\" \/>\n<meta property=\"og:type\" content=\"article\" \/>\n<meta property=\"og:title\" content=\"Preise | B&amp;B Sombr\u00e9 di Kabana\" \/>\n<meta property=\"og:description\" content=\"Preise\" \/>\n<meta property=\"og:url\" content=\"https:\/\/sombredikabana.com\/de\/wat-kost-onze-bed-en-breakfast-op-curacao\/\" \/>\n<meta property=\"og:site_name\" content=\"B&amp;B Sombr\u00e9 di Kabana\" \/>\n<meta property=\"article:publisher\" content=\"https:\/\/www.facebook.com\/bnbsombredikabana\/\" \/>\n<meta property=\"article:modified_time\" content=\"2025-12-21T19:34:35+00:00\" \/>\n<meta name=\"twitter:card\" content=\"summary_large_image\" \/>\n<meta name=\"twitter:label1\" content=\"Gesch\u00e4tzte Lesezeit\" \/>\n\t<meta name=\"twitter:data1\" content=\"3\u00a0Minuten\" \/>\n<script type=\"application\/ld+json\" class=\"yoast-schema-graph\">{\"@context\":\"https:\/\/schema.org\",\"@graph\":[{\"@type\":\"WebPage\",\"@id\":\"https:\/\/sombredikabana.com\/de\/wat-kost-onze-bed-en-breakfast-op-curacao\/\",\"url\":\"https:\/\/sombredikabana.com\/de\/wat-kost-onze-bed-en-breakfast-op-curacao\/\",\"name\":\"Preise | B&amp;B Sombr\u00e9 di Kabana\",\"isPartOf\":{\"@id\":\"https:\/\/sombredikabana.com\/de\/#website\"},\"datePublished\":\"2019-05-14T15:14:51+00:00\",\"dateModified\":\"2025-12-21T19:34:35+00:00\",\"description\":\"Preise\",\"breadcrumb\":{\"@id\":\"https:\/\/sombredikabana.com\/de\/wat-kost-onze-bed-en-breakfast-op-curacao\/#breadcrumb\"},\"inLanguage\":\"de\",\"potentialAction\":[{\"@type\":\"ReadAction\",\"target\":[[\"https:\/\/sombredikabana.com\/de\/wat-kost-onze-bed-en-breakfast-op-curacao\/\"]]}]},{\"@type\":\"BreadcrumbList\",\"@id\":\"https:\/\/sombredikabana.com\/de\/wat-kost-onze-bed-en-breakfast-op-curacao\/#breadcrumb\",\"itemListElement\":[{\"@type\":\"ListItem\",\"position\":1,\"name\":\"Home\",\"item\":\"https:\/\/sombredikabana.com\/de\/\"},{\"@type\":\"ListItem\",\"position\":2,\"name\":\"Preise\"}]},{\"@type\":\"WebSite\",\"@id\":\"https:\/\/sombredikabana.com\/de\/#website\",\"url\":\"https:\/\/sombredikabana.com\/de\/\",\"name\":\"B &amp; B Sombre di Kabana\",\"description\":\"\",\"publisher\":{\"@id\":\"https:\/\/sombredikabana.com\/de\/#organization\"},\"potentialAction\":[{\"@type\":\"SearchAction\",\"target\":{\"@type\":\"EntryPoint\",\"urlTemplate\":\"https:\/\/sombredikabana.com\/de\/?s={search_term_string}\"},\"query-input\":{\"@type\":\"PropertyValueSpecification\",\"valueRequired\":true,\"valueName\":\"search_term_string\"}}],\"inLanguage\":\"de\"},{\"@type\":\"Organization\",\"@id\":\"https:\/\/sombredikabana.com\/de\/#organization\",\"name\":\"Sombre di Kabana\",\"url\":\"https:\/\/sombredikabana.com\/de\/\",\"logo\":{\"@type\":\"ImageObject\",\"inLanguage\":\"de\",\"@id\":\"https:\/\/sombredikabana.com\/de\/#\/schema\/logo\/image\/\",\"url\":\"https:\/\/sombredikabana.com\/wp-content\/uploads\/2019\/07\/logo_sdk_v5.png\",\"contentUrl\":\"https:\/\/sombredikabana.com\/wp-content\/uploads\/2019\/07\/logo_sdk_v5.png\",\"width\":649,\"height\":376,\"caption\":\"Sombre di Kabana\"},\"image\":{\"@id\":\"https:\/\/sombredikabana.com\/de\/#\/schema\/logo\/image\/\"},\"sameAs\":[\"https:\/\/www.facebook.com\/bnbsombredikabana\/\"]}]}<\/script>\n<!-- \/ Yoast SEO plugin. -->","yoast_head_json":{"title":"Preise | B&amp;B Sombr\u00e9 di Kabana","description":"Preise","robots":{"index":"index","follow":"follow","max-snippet":"max-snippet:-1","max-image-preview":"max-image-preview:large","max-video-preview":"max-video-preview:-1"},"canonical":"https:\/\/sombredikabana.com\/de\/wat-kost-onze-bed-en-breakfast-op-curacao\/","og_locale":"de_DE","og_type":"article","og_title":"Preise | B&amp;B Sombr\u00e9 di Kabana","og_description":"Preise","og_url":"https:\/\/sombredikabana.com\/de\/wat-kost-onze-bed-en-breakfast-op-curacao\/","og_site_name":"B&amp;B Sombr\u00e9 di Kabana","article_publisher":"https:\/\/www.facebook.com\/bnbsombredikabana\/","article_modified_time":"2025-12-21T19:34:35+00:00","twitter_card":"summary_large_image","twitter_misc":{"Gesch\u00e4tzte Lesezeit":"3\u00a0Minuten"},"schema":{"@context":"https:\/\/schema.org","@graph":[{"@type":"WebPage","@id":"https:\/\/sombredikabana.com\/de\/wat-kost-onze-bed-en-breakfast-op-curacao\/","url":"https:\/\/sombredikabana.com\/de\/wat-kost-onze-bed-en-breakfast-op-curacao\/","name":"Preise | B&amp;B Sombr\u00e9 di Kabana","isPartOf":{"@id":"https:\/\/sombredikabana.com\/de\/#website"},"datePublished":"2019-05-14T15:14:51+00:00","dateModified":"2025-12-21T19:34:35+00:00","description":"Preise","breadcrumb":{"@id":"https:\/\/sombredikabana.com\/de\/wat-kost-onze-bed-en-breakfast-op-curacao\/#breadcrumb"},"inLanguage":"de","potentialAction":[{"@type":"ReadAction","target":[["https:\/\/sombredikabana.com\/de\/wat-kost-onze-bed-en-breakfast-op-curacao\/"]]}]},{"@type":"BreadcrumbList","@id":"https:\/\/sombredikabana.com\/de\/wat-kost-onze-bed-en-breakfast-op-curacao\/#breadcrumb","itemListElement":[{"@type":"ListItem","position":1,"name":"Home","item":"https:\/\/sombredikabana.com\/de\/"},{"@type":"ListItem","position":2,"name":"Preise"}]},{"@type":"WebSite","@id":"https:\/\/sombredikabana.com\/de\/#website","url":"https:\/\/sombredikabana.com\/de\/","name":"B &amp; B Sombre di Kabana","description":"","publisher":{"@id":"https:\/\/sombredikabana.com\/de\/#organization"},"potentialAction":[{"@type":"SearchAction","target":{"@type":"EntryPoint","urlTemplate":"https:\/\/sombredikabana.com\/de\/?s={search_term_string}"},"query-input":{"@type":"PropertyValueSpecification","valueRequired":true,"valueName":"search_term_string"}}],"inLanguage":"de"},{"@type":"Organization","@id":"https:\/\/sombredikabana.com\/de\/#organization","name":"Sombre di Kabana","url":"https:\/\/sombredikabana.com\/de\/","logo":{"@type":"ImageObject","inLanguage":"de","@id":"https:\/\/sombredikabana.com\/de\/#\/schema\/logo\/image\/","url":"https:\/\/sombredikabana.com\/wp-content\/uploads\/2019\/07\/logo_sdk_v5.png","contentUrl":"https:\/\/sombredikabana.com\/wp-content\/uploads\/2019\/07\/logo_sdk_v5.png","width":649,"height":376,"caption":"Sombre di Kabana"},"image":{"@id":"https:\/\/sombredikabana.com\/de\/#\/schema\/logo\/image\/"},"sameAs":["https:\/\/www.facebook.com\/bnbsombredikabana\/"]}]}},"_links":{"self":[{"href":"https:\/\/sombredikabana.com\/de\/wp-json\/wp\/v2\/pages\/119"}],"collection":[{"href":"https:\/\/sombredikabana.com\/de\/wp-json\/wp\/v2\/pages"}],"about":[{"href":"https:\/\/sombredikabana.com\/de\/wp-json\/wp\/v2\/types\/page"}],"author":[{"embeddable":true,"href":"https:\/\/sombredikabana.com\/de\/wp-json\/wp\/v2\/users\/4"}],"replies":[{"embeddable":true,"href":"https:\/\/sombredikabana.com\/de\/wp-json\/wp\/v2\/comments?post=119"}],"version-history":[{"count":324,"href":"https:\/\/sombredikabana.com\/de\/wp-json\/wp\/v2\/pages\/119\/revisions"}],"predecessor-version":[{"id":2064,"href":"https:\/\/sombredikabana.com\/de\/wp-json\/wp\/v2\/pages\/119\/revisions\/2064"}],"wp:attachment":[{"href":"https:\/\/sombredikabana.com\/de\/wp-json\/wp\/v2\/media?parent=119"}],"curies":[{"name":"wp","href":"https:\/\/api.w.org\/{rel}","templated":true}]}}