{"id":115,"date":"2019-12-01T19:13:42","date_gmt":"2019-12-01T19:13:42","guid":{"rendered":"http:\/\/nieuw.sombredikabana.com\/?page_id=115"},"modified":"2023-02-28T10:12:11","modified_gmt":"2023-02-28T14:12:11","slug":"op-vakantie-in-curacao","status":"publish","type":"page","link":"https:\/\/sombredikabana.com\/de\/urlaub-in-curacao\/","title":{"rendered":"Urlaub in Cura\u00e7ao"},"content":{"rendered":"<p>Curacao befindet sich in der Karibik, n\u00f6rdlich von Venezuela.\u00a0Auf Curacao herrscht ein troposches Klima mit einer ganzj\u00e4hrig durchschnittlichen Temperatur von 30 Grad Celsius. Durch die stets anwesende leichte Brise ist dies sehr angenehm wodurch sich das Leben auf der Insel fast ausnahmslos im Freien abspielt. Die Wassertemperatur betr\u00e4gt durchschnittlich 28 Grad Celsius.<\/p>\n<p><\/p>\n<div id=\"Block_wpape_gallery_69dc37f31bae0\" style=\"width:100%;; display: none;\"><div id=\"wpape_gallery_69dc37f31bae0\" data-options=\"wpape_gallery_69dc37f31bae0\" style=\"width:100%;\" class=\"wpape_gallery\"><div class=\"wpape-img category1310\" ><div class=\"wpape-img-image \"  ><div data-thumbnail=\"https:\/\/sombredikabana.com\/wp-content\/uploads\/2017\/10\/Curacao-768x512.jpg\" title=\"Uw vakantie in Cura\u00e7ao\" data-width=\"768\" data-height=\"512\" ><\/div><div data-popup=\"https:\/\/sombredikabana.com\/wp-content\/uploads\/2017\/10\/Curacao.jpg\"  title=\"Uw vakantie in Cura\u00e7ao\"><\/div><\/div><\/div><div class=\"wpape-img category1310\" ><div class=\"wpape-img-image \"  ><div data-thumbnail=\"https:\/\/sombredikabana.com\/wp-content\/uploads\/2017\/10\/vakantie-curacao-768x512.jpg\" title=\"Prachtige stranden op Cura\u00e7ao\" data-width=\"768\" data-height=\"512\" ><\/div><div data-popup=\"https:\/\/sombredikabana.com\/wp-content\/uploads\/2017\/10\/vakantie-curacao.jpg\"  title=\"Prachtige stranden op Cura\u00e7ao\"><\/div><\/div><\/div><div class=\"wpape-img category1310\" ><div class=\"wpape-img-image \"  ><div data-thumbnail=\"https:\/\/sombredikabana.com\/wp-content\/uploads\/2017\/10\/Curacao-birdview.jpg\" title=\"Verblijf up Cura\u00e7ao\" data-width=\"500\" data-height=\"340\" ><\/div><div data-popup=\"https:\/\/sombredikabana.com\/wp-content\/uploads\/2017\/10\/Curacao-birdview.jpg\"  title=\"Verblijf up Cura\u00e7ao\"><\/div><\/div><\/div><\/div><\/div><script>var wpape_gallery_69dc37f31bae0 = {\"filterContainer\": \"#wpape_gallery_69dc37f31bae0filter\", \"overlayEffect\": \"\", \"boxesToLoadStart\": \"8\", \"boxesToLoad\": \"8\", \"lazyLoad\": true, \"LoadingWord\": \"\", \"loadMoreWord\": \"\", \"noMoreEntriesWord\": \"\", \"loadMoreClass\": \" apebtn   \", \"horizontalSpaceBetweenBoxes\": \"0\", \"verticalSpaceBetweenBoxes\": \"0\"}, wpape_gallery_69dc37f31bae0_css = \".mfp-container .mfp-arrow{display:none;}#wpape_gallery_69dc37f31bae0 .thumbnail-overlay{background:;}#wpape_gallery_69dc37f31bae0 .image-with-dimensions{background-color: rgb(255,255,255);}\",apeGalleryDelay = 0; head = document.head || document.getElementsByTagName(\"head\")[0], style = document.createElement(\"style\"); style.type = \"text\/css\"; if (style.styleSheet) style.styleSheet.cssText = wpape_gallery_69dc37f31bae0_css; \telse  style.appendChild(document.createTextNode(wpape_gallery_69dc37f31bae0_css)); head.appendChild(style);<\/script>\n<p>Neben Sonne, blauem Meer und schneeweissen Str\u00e4nden hat Curacao viel Sch\u00f6nes und Sehenswertes zu bieten. \u00a0Wie zum Beispiel, die raue Nordk\u00fcste, die S\u00fcdk\u00fcste mit ihren vielen pitoresken Buchten und Str\u00e4nden, Naturparks, die unvergleichliche Unterwasserwelt, beeindruckende Landh\u00e4user,\u00a0 viele sch\u00f6ne Anwesen und die einzigartige &#8218;pontjesbrug&#8216; in der historischen Innenstadt.<\/p>\n<p>Alles in Allem bietet Curacao eine Vielzahl an M\u00f6glichkeiten zur Freizeitgestaltung. Sei es nun kulturell, informativ oder aktiv. Selbst\u00e4ndig oder unter Begleitung. Ob mit dem Auto, zu Fuss, mit dem Mountainbike, mit dem (Segel)boot, schnorchelnd oder tauchend. Es lohnt sich in jedem Fall, um \u00fcber einen Tauchkurs auf Curacao nach\u200b_zudenken.<\/p>\n<p>Schlussendlich bietet Ihnen Curacao auch ein sehr breites Angebot an Restaurents, Veranstaltungen oder Gelegenheiten, um mal soeben einen \u201cAbend weg\u201d zu geniessen. Um von moeglichst allen Annehmlichkeiten der Insel Gebrauch zu machen empfehlen wir Ihnen, ein Auto zu mieten. Wir selbst vermieten 2 Autos (Volkswagen Polo, und einen Kia Picanto, beide Automatik), aber es ist nat\u00fcrlich auch m\u00f6glich, ein anderes Auto \u00fcber uns zu mieten. Daf\u00fcr haben wir ein bevorzugtes Unternehmen mit guten Preisen.\u00a0 Gerne sorgen wir auch sowie f\u00fcr Ihren Transfer vom und zum\u00a0Flughafen.<\/p>\n<p><\/p>\n<p>Was gibt es auf Cura\u00e7ao zu sehen und zu tun? Klicken Sie auf diese interaktive Karte unten, um es herauszufinden<br \/>F\u00fcr eine Karte in voller Gr\u00f6\u00dfe klicken Sie <a href=\"https:\/\/maps.showmecaribbean.com\/CASHA\" target=\"_blank\" rel=\"noopener\">hier<\/a><\/p>\n<div class=\"mapcontainer\"><iframe class=\"mapresponsive-iframe\" src=\"https:\/\/maps.showmecaribbean.com\/CASHA\"><\/iframe><\/div>\n<p>\u00a0<\/p>\n\n\n<div style=\"text-align:center;\">\n<!-- weather widget start -->\n<a target=\"_blank\" href=\"https:\/\/www.booked.net\/weather\/willemstad-39861\" rel=\"noopener noreferrer\"><img decoding=\"async\" src=\"https:\/\/w.bookcdn.com\/weather\/picture\/3_39861_1_1_137AE9_160_ffffff_333333_08488D_1_ffffff_333333_0_6.png?scode=124&amp;domid=w209&amp;anc_id=28163\" alt=\"booked.net\"><\/a>\n<!-- weather widget end -->\n<\/div>","protected":false},"excerpt":{"rendered":"<p>Curacao befindet sich in der Karibik, n\u00f6rdlich von Venezuela.\u00a0Auf Curacao herrscht ein troposches Klima mit einer ganzj\u00e4hrig durchschnittlichen Temperatur von 30 Grad Celsius. Durch die stets anwesende leichte Brise ist dies sehr angenehm wodurch sich das Leben auf der Insel fast ausnahmslos im Freien abspielt. Die Wassertemperatur betr\u00e4gt durchschnittlich 28 Grad Celsius. Neben Sonne, blauem [&hellip;]<\/p>\n","protected":false},"author":4,"featured_media":0,"parent":0,"menu_order":0,"comment_status":"closed","ping_status":"closed","template":"page-templates\/page_fullwidth.php","meta":{"_monsterinsights_skip_tracking":false,"_monsterinsights_sitenote_active":false,"_monsterinsights_sitenote_note":"","_monsterinsights_sitenote_category":0,"_uf_show_specific_survey":0,"_uf_disable_surveys":false,"footnotes":""},"class_list":["post-115","page","type-page","status-publish","hentry"],"aioseo_notices":[],"yoast_head":"<!-- This site is optimized with the Yoast SEO plugin v23.8 - https:\/\/yoast.com\/wordpress\/plugins\/seo\/ -->\n<title>Urlaub in Cura\u00e7ao | B&amp;B Sombr\u00e9 di Kabana<\/title>\n<meta name=\"description\" content=\"(Nederlands) Cura\u00e7ao is een prachtige vakantiebestemming. Zon, helderblauwe zee, witte stranden, ruige noordkust, zuidkust met vele pittoreske baaien en stranden.\" \/>\n<meta name=\"robots\" content=\"index, follow, max-snippet:-1, max-image-preview:large, max-video-preview:-1\" \/>\n<link rel=\"canonical\" href=\"https:\/\/sombredikabana.com\/de\/verblijven-op-curacao\/\" \/>\n<meta property=\"og:locale\" content=\"de_DE\" \/>\n<meta property=\"og:type\" content=\"article\" \/>\n<meta property=\"og:title\" content=\"Urlaub in Cura\u00e7ao | B&amp;B Sombr\u00e9 di Kabana\" \/>\n<meta property=\"og:description\" content=\"(Nederlands) Cura\u00e7ao is een prachtige vakantiebestemming. Zon, helderblauwe zee, witte stranden, ruige noordkust, zuidkust met vele pittoreske baaien en stranden.\" \/>\n<meta property=\"og:url\" content=\"https:\/\/sombredikabana.com\/de\/verblijven-op-curacao\/\" \/>\n<meta property=\"og:site_name\" content=\"B&amp;B Sombr\u00e9 di Kabana\" \/>\n<meta property=\"article:publisher\" content=\"https:\/\/www.facebook.com\/bnbsombredikabana\/\" \/>\n<meta property=\"article:modified_time\" content=\"2023-02-28T14:12:11+00:00\" \/>\n<meta property=\"og:image\" content=\"https:\/\/w.bookcdn.com\/weather\/picture\/3_39861_1_1_137AE9_160_ffffff_333333_08488D_1_ffffff_333333_0_6.png?scode=124&amp;domid=w209&amp;anc_id=28163\" \/>\n<meta name=\"twitter:card\" content=\"summary_large_image\" \/>\n<meta name=\"twitter:label1\" content=\"Gesch\u00e4tzte Lesezeit\" \/>\n\t<meta name=\"twitter:data1\" content=\"4\u00a0Minuten\" \/>\n<script type=\"application\/ld+json\" class=\"yoast-schema-graph\">{\"@context\":\"https:\/\/schema.org\",\"@graph\":[{\"@type\":\"WebPage\",\"@id\":\"https:\/\/sombredikabana.com\/de\/verblijven-op-curacao\/\",\"url\":\"https:\/\/sombredikabana.com\/de\/verblijven-op-curacao\/\",\"name\":\"Urlaub in Cura\u00e7ao | B&amp;B Sombr\u00e9 di Kabana\",\"isPartOf\":{\"@id\":\"https:\/\/sombredikabana.com\/de\/#website\"},\"primaryImageOfPage\":{\"@id\":\"https:\/\/sombredikabana.com\/de\/verblijven-op-curacao\/#primaryimage\"},\"image\":{\"@id\":\"https:\/\/sombredikabana.com\/verblijven-op-curacao\/#primaryimage\"},\"thumbnailUrl\":\"https:\/\/w.bookcdn.com\/weather\/picture\/3_39861_1_1_137AE9_160_ffffff_333333_08488D_1_ffffff_333333_0_6.png?scode=124&amp;domid=w209&amp;anc_id=28163\",\"datePublished\":\"2019-12-01T19:13:42+00:00\",\"dateModified\":\"2023-02-28T14:12:11+00:00\",\"description\":\"(Nederlands) Cura\u00e7ao is een prachtige vakantiebestemming. Zon, helderblauwe zee, witte stranden, ruige noordkust, zuidkust met vele pittoreske baaien en stranden.\",\"breadcrumb\":{\"@id\":\"https:\/\/sombredikabana.com\/de\/verblijven-op-curacao\/#breadcrumb\"},\"inLanguage\":\"de\",\"potentialAction\":[{\"@type\":\"ReadAction\",\"target\":[[\"https:\/\/sombredikabana.com\/de\/verblijven-op-curacao\/\"]]}]},{\"@type\":\"ImageObject\",\"inLanguage\":\"de\",\"@id\":\"https:\/\/sombredikabana.com\/de\/verblijven-op-curacao\/#primaryimage\",\"url\":\"https:\/\/w.bookcdn.com\/weather\/picture\/3_39861_1_1_137AE9_160_ffffff_333333_08488D_1_ffffff_333333_0_6.png?scode=124&amp;domid=w209&amp;anc_id=28163\",\"contentUrl\":\"https:\/\/w.bookcdn.com\/weather\/picture\/3_39861_1_1_137AE9_160_ffffff_333333_08488D_1_ffffff_333333_0_6.png?scode=124&amp;domid=w209&amp;anc_id=28163\"},{\"@type\":\"BreadcrumbList\",\"@id\":\"https:\/\/sombredikabana.com\/de\/verblijven-op-curacao\/#breadcrumb\",\"itemListElement\":[{\"@type\":\"ListItem\",\"position\":1,\"name\":\"Home\",\"item\":\"https:\/\/sombredikabana.com\/de\/\"},{\"@type\":\"ListItem\",\"position\":2,\"name\":\"Op vakantie in Cura\u00e7ao\"}]},{\"@type\":\"WebSite\",\"@id\":\"https:\/\/sombredikabana.com\/de\/#website\",\"url\":\"https:\/\/sombredikabana.com\/de\/\",\"name\":\"B &amp; B Sombre di Kabana\",\"description\":\"\",\"publisher\":{\"@id\":\"https:\/\/sombredikabana.com\/de\/#organization\"},\"potentialAction\":[{\"@type\":\"SearchAction\",\"target\":{\"@type\":\"EntryPoint\",\"urlTemplate\":\"https:\/\/sombredikabana.com\/de\/?s={search_term_string}\"},\"query-input\":{\"@type\":\"PropertyValueSpecification\",\"valueRequired\":true,\"valueName\":\"search_term_string\"}}],\"inLanguage\":\"de\"},{\"@type\":\"Organization\",\"@id\":\"https:\/\/sombredikabana.com\/de\/#organization\",\"name\":\"Sombre di Kabana\",\"url\":\"https:\/\/sombredikabana.com\/de\/\",\"logo\":{\"@type\":\"ImageObject\",\"inLanguage\":\"de\",\"@id\":\"https:\/\/sombredikabana.com\/de\/#\/schema\/logo\/image\/\",\"url\":\"https:\/\/sombredikabana.com\/wp-content\/uploads\/2019\/07\/logo_sdk_v5.png\",\"contentUrl\":\"https:\/\/sombredikabana.com\/wp-content\/uploads\/2019\/07\/logo_sdk_v5.png\",\"width\":649,\"height\":376,\"caption\":\"Sombre di Kabana\"},\"image\":{\"@id\":\"https:\/\/sombredikabana.com\/de\/#\/schema\/logo\/image\/\"},\"sameAs\":[\"https:\/\/www.facebook.com\/bnbsombredikabana\/\"]}]}<\/script>\n<!-- \/ Yoast SEO plugin. -->","yoast_head_json":{"title":"Urlaub in Cura\u00e7ao | B&amp;B Sombr\u00e9 di Kabana","description":"(Nederlands) Cura\u00e7ao is een prachtige vakantiebestemming. Zon, helderblauwe zee, witte stranden, ruige noordkust, zuidkust met vele pittoreske baaien en stranden.","robots":{"index":"index","follow":"follow","max-snippet":"max-snippet:-1","max-image-preview":"max-image-preview:large","max-video-preview":"max-video-preview:-1"},"canonical":"https:\/\/sombredikabana.com\/de\/verblijven-op-curacao\/","og_locale":"de_DE","og_type":"article","og_title":"Urlaub in Cura\u00e7ao | B&amp;B Sombr\u00e9 di Kabana","og_description":"(Nederlands) Cura\u00e7ao is een prachtige vakantiebestemming. Zon, helderblauwe zee, witte stranden, ruige noordkust, zuidkust met vele pittoreske baaien en stranden.","og_url":"https:\/\/sombredikabana.com\/de\/verblijven-op-curacao\/","og_site_name":"B&amp;B Sombr\u00e9 di Kabana","article_publisher":"https:\/\/www.facebook.com\/bnbsombredikabana\/","article_modified_time":"2023-02-28T14:12:11+00:00","og_image":[{"url":"https:\/\/w.bookcdn.com\/weather\/picture\/3_39861_1_1_137AE9_160_ffffff_333333_08488D_1_ffffff_333333_0_6.png?scode=124&amp;domid=w209&amp;anc_id=28163"}],"twitter_card":"summary_large_image","twitter_misc":{"Gesch\u00e4tzte Lesezeit":"4\u00a0Minuten"},"schema":{"@context":"https:\/\/schema.org","@graph":[{"@type":"WebPage","@id":"https:\/\/sombredikabana.com\/de\/verblijven-op-curacao\/","url":"https:\/\/sombredikabana.com\/de\/verblijven-op-curacao\/","name":"Urlaub in Cura\u00e7ao | B&amp;B Sombr\u00e9 di Kabana","isPartOf":{"@id":"https:\/\/sombredikabana.com\/de\/#website"},"primaryImageOfPage":{"@id":"https:\/\/sombredikabana.com\/de\/verblijven-op-curacao\/#primaryimage"},"image":{"@id":"https:\/\/sombredikabana.com\/verblijven-op-curacao\/#primaryimage"},"thumbnailUrl":"https:\/\/w.bookcdn.com\/weather\/picture\/3_39861_1_1_137AE9_160_ffffff_333333_08488D_1_ffffff_333333_0_6.png?scode=124&amp;domid=w209&amp;anc_id=28163","datePublished":"2019-12-01T19:13:42+00:00","dateModified":"2023-02-28T14:12:11+00:00","description":"(Nederlands) Cura\u00e7ao is een prachtige vakantiebestemming. Zon, helderblauwe zee, witte stranden, ruige noordkust, zuidkust met vele pittoreske baaien en stranden.","breadcrumb":{"@id":"https:\/\/sombredikabana.com\/de\/verblijven-op-curacao\/#breadcrumb"},"inLanguage":"de","potentialAction":[{"@type":"ReadAction","target":[["https:\/\/sombredikabana.com\/de\/verblijven-op-curacao\/"]]}]},{"@type":"ImageObject","inLanguage":"de","@id":"https:\/\/sombredikabana.com\/de\/verblijven-op-curacao\/#primaryimage","url":"https:\/\/w.bookcdn.com\/weather\/picture\/3_39861_1_1_137AE9_160_ffffff_333333_08488D_1_ffffff_333333_0_6.png?scode=124&amp;domid=w209&amp;anc_id=28163","contentUrl":"https:\/\/w.bookcdn.com\/weather\/picture\/3_39861_1_1_137AE9_160_ffffff_333333_08488D_1_ffffff_333333_0_6.png?scode=124&amp;domid=w209&amp;anc_id=28163"},{"@type":"BreadcrumbList","@id":"https:\/\/sombredikabana.com\/de\/verblijven-op-curacao\/#breadcrumb","itemListElement":[{"@type":"ListItem","position":1,"name":"Home","item":"https:\/\/sombredikabana.com\/de\/"},{"@type":"ListItem","position":2,"name":"Op vakantie in Cura\u00e7ao"}]},{"@type":"WebSite","@id":"https:\/\/sombredikabana.com\/de\/#website","url":"https:\/\/sombredikabana.com\/de\/","name":"B &amp; B Sombre di Kabana","description":"","publisher":{"@id":"https:\/\/sombredikabana.com\/de\/#organization"},"potentialAction":[{"@type":"SearchAction","target":{"@type":"EntryPoint","urlTemplate":"https:\/\/sombredikabana.com\/de\/?s={search_term_string}"},"query-input":{"@type":"PropertyValueSpecification","valueRequired":true,"valueName":"search_term_string"}}],"inLanguage":"de"},{"@type":"Organization","@id":"https:\/\/sombredikabana.com\/de\/#organization","name":"Sombre di Kabana","url":"https:\/\/sombredikabana.com\/de\/","logo":{"@type":"ImageObject","inLanguage":"de","@id":"https:\/\/sombredikabana.com\/de\/#\/schema\/logo\/image\/","url":"https:\/\/sombredikabana.com\/wp-content\/uploads\/2019\/07\/logo_sdk_v5.png","contentUrl":"https:\/\/sombredikabana.com\/wp-content\/uploads\/2019\/07\/logo_sdk_v5.png","width":649,"height":376,"caption":"Sombre di Kabana"},"image":{"@id":"https:\/\/sombredikabana.com\/de\/#\/schema\/logo\/image\/"},"sameAs":["https:\/\/www.facebook.com\/bnbsombredikabana\/"]}]}},"_links":{"self":[{"href":"https:\/\/sombredikabana.com\/de\/wp-json\/wp\/v2\/pages\/115"}],"collection":[{"href":"https:\/\/sombredikabana.com\/de\/wp-json\/wp\/v2\/pages"}],"about":[{"href":"https:\/\/sombredikabana.com\/de\/wp-json\/wp\/v2\/types\/page"}],"author":[{"embeddable":true,"href":"https:\/\/sombredikabana.com\/de\/wp-json\/wp\/v2\/users\/4"}],"replies":[{"embeddable":true,"href":"https:\/\/sombredikabana.com\/de\/wp-json\/wp\/v2\/comments?post=115"}],"version-history":[{"count":88,"href":"https:\/\/sombredikabana.com\/de\/wp-json\/wp\/v2\/pages\/115\/revisions"}],"predecessor-version":[{"id":1979,"href":"https:\/\/sombredikabana.com\/de\/wp-json\/wp\/v2\/pages\/115\/revisions\/1979"}],"wp:attachment":[{"href":"https:\/\/sombredikabana.com\/de\/wp-json\/wp\/v2\/media?parent=115"}],"curies":[{"name":"wp","href":"https:\/\/api.w.org\/{rel}","templated":true}]}}