{"id":103,"date":"2019-01-16T18:00:32","date_gmt":"2019-01-16T18:00:32","guid":{"rendered":"http:\/\/nieuw.sombredikabana.com\/?page_id=103"},"modified":"2023-02-28T11:11:50","modified_gmt":"2023-02-28T15:11:50","slug":"over-ons","status":"publish","type":"page","link":"https:\/\/sombredikabana.com\/de\/uber-uns\/","title":{"rendered":"\u00dcber uns"},"content":{"rendered":"<p><\/p>\n<p><span lang=\"de\" tabindex=\"0\">Wir sind Paul und Marion und wir f\u00fchlen uns privilegiert, Sie als Gastgeber in unserem reizvollen Mini-Resort begr\u00fc\u00dfen zu d\u00fcrfen. Wir hatten eine Weile gesucht, um ein B &amp; B zu \u00fcbernehmen oder zu gr\u00fcnden, als wir auf dieses Paradies stie\u00dfen. Wenn wir uns sofort in sie verlieben, werden das auch unsere G\u00e4ste, dachten wir. Es ist nah an allem und dennoch eine Oase tropischer Sch\u00f6nheit. Unsere Suche war vorbei! Seit 1996 leben wir Niederl\u00e4nder au\u00dferhalb der Niederlande. Erste 3 Jahre in Genf-Schweiz, dann 18 Jahre Portland, Oregon an der Westk\u00fcste in den USA. Alles wegen Pauls Arbeit. Nachdem unser Sohn nach seinem Abschluss einen Job an der Ostk\u00fcste der USA gefunden hatte, \u00fcberlegten wir uns, was wir wollten. Wir fanden es absolut verr\u00fcckt, ein B &amp; B zu leiten. Und so begann unsere Suche. Irgendwann dachten wir sogar, dass wir als niederl\u00e4ndische Franzosen in der Dordogne landen w\u00fcrden &#8230; so wurde es zu Dushi Curacao. Die Reisezeiten sind k\u00fcrzer und der Zeitunterschied ist geringer, da unser Sohn in New York lebt. Wir k\u00f6nnen nicht enthusiastischer werden. Und das wirkt sich darauf aus, wie wir hoffen, unsere G\u00e4ste in unserer einzigartigen und fantastischen Dom\u00e4ne verw\u00f6hnen zu k\u00f6nnen!<\/span><\/p>\n<p><\/p>\n<p><\/p>\n<p>Um unsere Insel sch\u00f6n zu halten, versuchen wir, das Recycling von Abf\u00e4llen zu f\u00f6rdern. So haben wir zum Beispiel die M\u00f6glichkeit, Glas, Plastikflaschen und Aludosen getrennt zu sammeln. Wir bringen diese dann zu Unternehmen, die sie recyceln k\u00f6nnen. Wir sind auch als Freiwillige mit verschiedenen Reinigungsaktionen auf unserer Insel aktiv. Zum Beispiel das Aufr\u00e4umen von M\u00fcll, ob an unseren Str\u00e4nden angesp\u00fclt oder nicht. Wir beteiligen uns beispielsweise an \u201eThe Kunukuman\u201c, Cura\u00e7ao Cleanup und dem j\u00e4hrlichen World Clean Up Day. Und allzu oft haben wir unsere G\u00e4ste so begeistert, dass sie bei solchen Putzaktionen mitmachen. Es ist eine n\u00fctzliche Arbeit und macht besonders viel Spa\u00df, wenn man sie in der Gruppe macht!<\/p>\n<p><\/p>\n<p>\u00a0<\/p>\n\n\n<div class=\"wp-block-columns is-layout-flex wp-container-core-columns-is-layout-1 wp-block-columns-is-layout-flex\">\n<div class=\"wp-block-column is-layout-flow wp-block-column-is-layout-flow\">\n<figure class=\"wp-block-image size-large is-resized\"><a href=\"https:\/\/kunukuman.com\" target=\"_blank\" rel=\"noreferrer noopener\"><img loading=\"lazy\" decoding=\"async\" src=\"https:\/\/sombredikabana.com\/wp-content\/uploads\/2023\/02\/Kunukuman-1024x1024.jpeg\" alt=\"\" class=\"wp-image-1982\" width=\"210\" height=\"210\" srcset=\"https:\/\/sombredikabana.com\/wp-content\/uploads\/2023\/02\/Kunukuman-1024x1024.jpeg 1024w, https:\/\/sombredikabana.com\/wp-content\/uploads\/2023\/02\/Kunukuman-300x300.jpeg 300w, https:\/\/sombredikabana.com\/wp-content\/uploads\/2023\/02\/Kunukuman-150x150.jpeg 150w, https:\/\/sombredikabana.com\/wp-content\/uploads\/2023\/02\/Kunukuman-768x768.jpeg 768w, https:\/\/sombredikabana.com\/wp-content\/uploads\/2023\/02\/Kunukuman-700x700.jpeg 700w, https:\/\/sombredikabana.com\/wp-content\/uploads\/2023\/02\/Kunukuman-410x410.jpeg 410w, https:\/\/sombredikabana.com\/wp-content\/uploads\/2023\/02\/Kunukuman-100x100.jpeg 100w, https:\/\/sombredikabana.com\/wp-content\/uploads\/2023\/02\/Kunukuman-275x275.jpeg 275w, https:\/\/sombredikabana.com\/wp-content\/uploads\/2023\/02\/Kunukuman.jpeg 1536w\" sizes=\"(max-width: 210px) 100vw, 210px\" \/><\/a><\/figure>\n<\/div>\n\n\n\n<div class=\"wp-block-column is-layout-flow wp-block-column-is-layout-flow\">\n<figure class=\"wp-block-image size-full is-resized\"><a href=\"https:\/\/www.facebook.com\/curacaocleanup\/\" target=\"_blank\" rel=\"noreferrer noopener\"><img loading=\"lazy\" decoding=\"async\" src=\"https:\/\/sombredikabana.com\/wp-content\/uploads\/2023\/02\/CuracaoCleanup-1.jpeg\" alt=\"\" class=\"wp-image-1985\" width=\"256\" height=\"160\" srcset=\"https:\/\/sombredikabana.com\/wp-content\/uploads\/2023\/02\/CuracaoCleanup-1.jpeg 208w, https:\/\/sombredikabana.com\/wp-content\/uploads\/2023\/02\/CuracaoCleanup-1-100x63.jpeg 100w\" sizes=\"(max-width: 256px) 100vw, 256px\" \/><\/a><\/figure>\n<\/div>\n\n\n\n<div class=\"wp-block-column is-layout-flow wp-block-column-is-layout-flow\">\n<figure class=\"wp-block-image size-full\"><a href=\"https:\/\/www.worldcleanupdaycuracao.org\/\" target=\"_blank\" rel=\"noreferrer noopener\"><img loading=\"lazy\" decoding=\"async\" width=\"225\" height=\"225\" src=\"https:\/\/sombredikabana.com\/wp-content\/uploads\/2023\/02\/CuracaoCleanupDay.png\" alt=\"\" class=\"wp-image-1984\" srcset=\"https:\/\/sombredikabana.com\/wp-content\/uploads\/2023\/02\/CuracaoCleanupDay.png 225w, https:\/\/sombredikabana.com\/wp-content\/uploads\/2023\/02\/CuracaoCleanupDay-150x150.png 150w, https:\/\/sombredikabana.com\/wp-content\/uploads\/2023\/02\/CuracaoCleanupDay-100x100.png 100w\" sizes=\"(max-width: 225px) 100vw, 225px\" \/><\/a><\/figure>\n<\/div>\n<\/div>","protected":false},"excerpt":{"rendered":"<p>Wir sind Paul und Marion und wir f\u00fchlen uns privilegiert, Sie als Gastgeber in unserem reizvollen Mini-Resort begr\u00fc\u00dfen zu d\u00fcrfen. Wir hatten eine Weile gesucht, um ein B &amp; B zu \u00fcbernehmen oder zu gr\u00fcnden, als wir auf dieses Paradies stie\u00dfen. Wenn wir uns sofort in sie verlieben, werden das auch unsere G\u00e4ste, dachten wir. [&hellip;]<\/p>\n","protected":false},"author":4,"featured_media":0,"parent":0,"menu_order":0,"comment_status":"closed","ping_status":"closed","template":"page-templates\/page_fullwidth.php","meta":{"_monsterinsights_skip_tracking":false,"_monsterinsights_sitenote_active":false,"_monsterinsights_sitenote_note":"","_monsterinsights_sitenote_category":0,"_uf_show_specific_survey":0,"_uf_disable_surveys":false,"footnotes":""},"class_list":["post-103","page","type-page","status-publish","hentry"],"aioseo_notices":[],"yoast_head":"<!-- This site is optimized with the Yoast SEO plugin v23.8 - https:\/\/yoast.com\/wordpress\/plugins\/seo\/ -->\n<title>\u00dcber uns | B&amp;B Sombr\u00e9 di Kabana<\/title>\n<meta name=\"robots\" content=\"index, follow, max-snippet:-1, max-image-preview:large, max-video-preview:-1\" \/>\n<link rel=\"canonical\" href=\"https:\/\/sombredikabana.com\/de\/over-ons\/\" \/>\n<meta property=\"og:locale\" content=\"de_DE\" \/>\n<meta property=\"og:type\" content=\"article\" \/>\n<meta property=\"og:title\" content=\"\u00dcber uns | B&amp;B Sombr\u00e9 di Kabana\" \/>\n<meta property=\"og:description\" content=\"Wir sind Paul und Marion und wir f\u00fchlen uns privilegiert, Sie als Gastgeber in unserem reizvollen Mini-Resort begr\u00fc\u00dfen zu d\u00fcrfen. Wir hatten eine Weile gesucht, um ein B &amp; B zu \u00fcbernehmen oder zu gr\u00fcnden, als wir auf dieses Paradies stie\u00dfen. Wenn wir uns sofort in sie verlieben, werden das auch unsere G\u00e4ste, dachten wir. [&hellip;]\" \/>\n<meta property=\"og:url\" content=\"https:\/\/sombredikabana.com\/de\/over-ons\/\" \/>\n<meta property=\"og:site_name\" content=\"B&amp;B Sombr\u00e9 di Kabana\" \/>\n<meta property=\"article:publisher\" content=\"https:\/\/www.facebook.com\/bnbsombredikabana\/\" \/>\n<meta property=\"article:modified_time\" content=\"2023-02-28T15:11:50+00:00\" \/>\n<meta property=\"og:image\" content=\"https:\/\/sombredikabana.com\/wp-content\/uploads\/2023\/02\/Kunukuman-1024x1024.jpeg\" \/>\n<meta name=\"twitter:card\" content=\"summary_large_image\" \/>\n<meta name=\"twitter:label1\" content=\"Gesch\u00e4tzte Lesezeit\" \/>\n\t<meta name=\"twitter:data1\" content=\"5\u00a0Minuten\" \/>\n<script type=\"application\/ld+json\" class=\"yoast-schema-graph\">{\"@context\":\"https:\/\/schema.org\",\"@graph\":[{\"@type\":\"WebPage\",\"@id\":\"https:\/\/sombredikabana.com\/de\/over-ons\/\",\"url\":\"https:\/\/sombredikabana.com\/de\/over-ons\/\",\"name\":\"\u00dcber uns | B&amp;B Sombr\u00e9 di Kabana\",\"isPartOf\":{\"@id\":\"https:\/\/sombredikabana.com\/de\/#website\"},\"primaryImageOfPage\":{\"@id\":\"https:\/\/sombredikabana.com\/de\/over-ons\/#primaryimage\"},\"image\":{\"@id\":\"https:\/\/sombredikabana.com\/over-ons\/#primaryimage\"},\"thumbnailUrl\":\"https:\/\/sombredikabana.com\/wp-content\/uploads\/2023\/02\/Kunukuman-1024x1024.jpeg\",\"datePublished\":\"2019-01-16T18:00:32+00:00\",\"dateModified\":\"2023-02-28T15:11:50+00:00\",\"breadcrumb\":{\"@id\":\"https:\/\/sombredikabana.com\/de\/over-ons\/#breadcrumb\"},\"inLanguage\":\"de\",\"potentialAction\":[{\"@type\":\"ReadAction\",\"target\":[[\"https:\/\/sombredikabana.com\/de\/over-ons\/\"]]}]},{\"@type\":\"ImageObject\",\"inLanguage\":\"de\",\"@id\":\"https:\/\/sombredikabana.com\/de\/over-ons\/#primaryimage\",\"url\":\"https:\/\/sombredikabana.com\/wp-content\/uploads\/2023\/02\/Kunukuman-1024x1024.jpeg\",\"contentUrl\":\"https:\/\/sombredikabana.com\/wp-content\/uploads\/2023\/02\/Kunukuman-1024x1024.jpeg\"},{\"@type\":\"BreadcrumbList\",\"@id\":\"https:\/\/sombredikabana.com\/de\/over-ons\/#breadcrumb\",\"itemListElement\":[{\"@type\":\"ListItem\",\"position\":1,\"name\":\"Home\",\"item\":\"https:\/\/sombredikabana.com\/de\/\"},{\"@type\":\"ListItem\",\"position\":2,\"name\":\"Over ons\"}]},{\"@type\":\"WebSite\",\"@id\":\"https:\/\/sombredikabana.com\/de\/#website\",\"url\":\"https:\/\/sombredikabana.com\/de\/\",\"name\":\"B &amp; B Sombre di Kabana\",\"description\":\"\",\"publisher\":{\"@id\":\"https:\/\/sombredikabana.com\/de\/#organization\"},\"potentialAction\":[{\"@type\":\"SearchAction\",\"target\":{\"@type\":\"EntryPoint\",\"urlTemplate\":\"https:\/\/sombredikabana.com\/de\/?s={search_term_string}\"},\"query-input\":{\"@type\":\"PropertyValueSpecification\",\"valueRequired\":true,\"valueName\":\"search_term_string\"}}],\"inLanguage\":\"de\"},{\"@type\":\"Organization\",\"@id\":\"https:\/\/sombredikabana.com\/de\/#organization\",\"name\":\"Sombre di Kabana\",\"url\":\"https:\/\/sombredikabana.com\/de\/\",\"logo\":{\"@type\":\"ImageObject\",\"inLanguage\":\"de\",\"@id\":\"https:\/\/sombredikabana.com\/de\/#\/schema\/logo\/image\/\",\"url\":\"https:\/\/sombredikabana.com\/wp-content\/uploads\/2019\/07\/logo_sdk_v5.png\",\"contentUrl\":\"https:\/\/sombredikabana.com\/wp-content\/uploads\/2019\/07\/logo_sdk_v5.png\",\"width\":649,\"height\":376,\"caption\":\"Sombre di Kabana\"},\"image\":{\"@id\":\"https:\/\/sombredikabana.com\/de\/#\/schema\/logo\/image\/\"},\"sameAs\":[\"https:\/\/www.facebook.com\/bnbsombredikabana\/\"]}]}<\/script>\n<!-- \/ Yoast SEO plugin. -->","yoast_head_json":{"title":"\u00dcber uns | B&amp;B Sombr\u00e9 di Kabana","robots":{"index":"index","follow":"follow","max-snippet":"max-snippet:-1","max-image-preview":"max-image-preview:large","max-video-preview":"max-video-preview:-1"},"canonical":"https:\/\/sombredikabana.com\/de\/over-ons\/","og_locale":"de_DE","og_type":"article","og_title":"\u00dcber uns | B&amp;B Sombr\u00e9 di Kabana","og_description":"Wir sind Paul und Marion und wir f\u00fchlen uns privilegiert, Sie als Gastgeber in unserem reizvollen Mini-Resort begr\u00fc\u00dfen zu d\u00fcrfen. Wir hatten eine Weile gesucht, um ein B &amp; B zu \u00fcbernehmen oder zu gr\u00fcnden, als wir auf dieses Paradies stie\u00dfen. Wenn wir uns sofort in sie verlieben, werden das auch unsere G\u00e4ste, dachten wir. [&hellip;]","og_url":"https:\/\/sombredikabana.com\/de\/over-ons\/","og_site_name":"B&amp;B Sombr\u00e9 di Kabana","article_publisher":"https:\/\/www.facebook.com\/bnbsombredikabana\/","article_modified_time":"2023-02-28T15:11:50+00:00","og_image":[{"url":"https:\/\/sombredikabana.com\/wp-content\/uploads\/2023\/02\/Kunukuman-1024x1024.jpeg"}],"twitter_card":"summary_large_image","twitter_misc":{"Gesch\u00e4tzte Lesezeit":"5\u00a0Minuten"},"schema":{"@context":"https:\/\/schema.org","@graph":[{"@type":"WebPage","@id":"https:\/\/sombredikabana.com\/de\/over-ons\/","url":"https:\/\/sombredikabana.com\/de\/over-ons\/","name":"\u00dcber uns | B&amp;B Sombr\u00e9 di Kabana","isPartOf":{"@id":"https:\/\/sombredikabana.com\/de\/#website"},"primaryImageOfPage":{"@id":"https:\/\/sombredikabana.com\/de\/over-ons\/#primaryimage"},"image":{"@id":"https:\/\/sombredikabana.com\/over-ons\/#primaryimage"},"thumbnailUrl":"https:\/\/sombredikabana.com\/wp-content\/uploads\/2023\/02\/Kunukuman-1024x1024.jpeg","datePublished":"2019-01-16T18:00:32+00:00","dateModified":"2023-02-28T15:11:50+00:00","breadcrumb":{"@id":"https:\/\/sombredikabana.com\/de\/over-ons\/#breadcrumb"},"inLanguage":"de","potentialAction":[{"@type":"ReadAction","target":[["https:\/\/sombredikabana.com\/de\/over-ons\/"]]}]},{"@type":"ImageObject","inLanguage":"de","@id":"https:\/\/sombredikabana.com\/de\/over-ons\/#primaryimage","url":"https:\/\/sombredikabana.com\/wp-content\/uploads\/2023\/02\/Kunukuman-1024x1024.jpeg","contentUrl":"https:\/\/sombredikabana.com\/wp-content\/uploads\/2023\/02\/Kunukuman-1024x1024.jpeg"},{"@type":"BreadcrumbList","@id":"https:\/\/sombredikabana.com\/de\/over-ons\/#breadcrumb","itemListElement":[{"@type":"ListItem","position":1,"name":"Home","item":"https:\/\/sombredikabana.com\/de\/"},{"@type":"ListItem","position":2,"name":"Over ons"}]},{"@type":"WebSite","@id":"https:\/\/sombredikabana.com\/de\/#website","url":"https:\/\/sombredikabana.com\/de\/","name":"B &amp; B Sombre di Kabana","description":"","publisher":{"@id":"https:\/\/sombredikabana.com\/de\/#organization"},"potentialAction":[{"@type":"SearchAction","target":{"@type":"EntryPoint","urlTemplate":"https:\/\/sombredikabana.com\/de\/?s={search_term_string}"},"query-input":{"@type":"PropertyValueSpecification","valueRequired":true,"valueName":"search_term_string"}}],"inLanguage":"de"},{"@type":"Organization","@id":"https:\/\/sombredikabana.com\/de\/#organization","name":"Sombre di Kabana","url":"https:\/\/sombredikabana.com\/de\/","logo":{"@type":"ImageObject","inLanguage":"de","@id":"https:\/\/sombredikabana.com\/de\/#\/schema\/logo\/image\/","url":"https:\/\/sombredikabana.com\/wp-content\/uploads\/2019\/07\/logo_sdk_v5.png","contentUrl":"https:\/\/sombredikabana.com\/wp-content\/uploads\/2019\/07\/logo_sdk_v5.png","width":649,"height":376,"caption":"Sombre di Kabana"},"image":{"@id":"https:\/\/sombredikabana.com\/de\/#\/schema\/logo\/image\/"},"sameAs":["https:\/\/www.facebook.com\/bnbsombredikabana\/"]}]}},"_links":{"self":[{"href":"https:\/\/sombredikabana.com\/de\/wp-json\/wp\/v2\/pages\/103"}],"collection":[{"href":"https:\/\/sombredikabana.com\/de\/wp-json\/wp\/v2\/pages"}],"about":[{"href":"https:\/\/sombredikabana.com\/de\/wp-json\/wp\/v2\/types\/page"}],"author":[{"embeddable":true,"href":"https:\/\/sombredikabana.com\/de\/wp-json\/wp\/v2\/users\/4"}],"replies":[{"embeddable":true,"href":"https:\/\/sombredikabana.com\/de\/wp-json\/wp\/v2\/comments?post=103"}],"version-history":[{"count":40,"href":"https:\/\/sombredikabana.com\/de\/wp-json\/wp\/v2\/pages\/103\/revisions"}],"predecessor-version":[{"id":1990,"href":"https:\/\/sombredikabana.com\/de\/wp-json\/wp\/v2\/pages\/103\/revisions\/1990"}],"wp:attachment":[{"href":"https:\/\/sombredikabana.com\/de\/wp-json\/wp\/v2\/media?parent=103"}],"curies":[{"name":"wp","href":"https:\/\/api.w.org\/{rel}","templated":true}]}}